{"id":574,"date":"2023-02-16T18:56:29","date_gmt":"2023-02-16T18:56:29","guid":{"rendered":"https:\/\/www.cavsi.com\/espanol\/?post_type=product&#038;p=574"},"modified":"2023-05-18T18:31:54","modified_gmt":"2023-05-18T18:31:54","slug":"equipos-webcasting-transmisiones-en-vivo","status":"publish","type":"product","link":"https:\/\/www.cavsi.com\/espanol\/rentas-av\/equipos-webcasting-transmisiones-en-vivo\/","title":{"rendered":"Equipos para Webcasting y Transmisiones en Vivo"},"content":{"rendered":"\n<p>Tenemos experiencia en la producci\u00f3n de excelentes webcasts que son perfectos para sesiones de transmisi\u00f3n en vivo, como capacitaci\u00f3n, informaci\u00f3n sobre el lanzamiento de productos o reuniones corporativas. Esta tecnolog\u00eda se est\u00e1 volviendo esencial para las empresas, ya que permite que una empresa llegue f\u00e1cilmente a una amplia audiencia en diferentes ubicaciones geogr\u00e1ficas. No busque m\u00e1s donde alquilar equipos para webCasting y transmisiones en vivo.<\/p>\n\n\n\n<h2 class=\"wp-block-heading\">Preguntas y respuestas frecuentes sobre el alquiler de equipos de transmisi\u00f3n web y transmisi\u00f3n en vivo<\/h2>\n\n\n\n<div class=\"schema-faq wp-block-yoast-faq-block\"><div class=\"schema-faq-section\" id=\"faq-question-1676493082136\"><strong class=\"schema-faq-question\">\u00bfQu\u00e9 necesitas para transmitir en vivo un evento?<\/strong> <p class=\"schema-faq-answer\">B\u00e1sicamente, para un evento webcast simple, necesitar\u00e1 una c\u00e1mara, un micr\u00f3fono, iluminaci\u00f3n y una conexi\u00f3n a Internet estable. Finalmente, no olvide un software de transmisi\u00f3n en vivo.<\/p> <\/div> <div class=\"schema-faq-section\" id=\"faq-question-1676908531530\"><strong class=\"schema-faq-question\">\u00bfPor qu\u00e9 deber\u00eda transmitir un evento por Internet?<\/strong> <p class=\"schema-faq-answer\">Si planea llegar a una gran audiencia, la transmisi\u00f3n de su evento por Internet es una forma rentable de lograr su objetivo.<\/p> <\/div> <div class=\"schema-faq-section\" id=\"faq-question-1676493107622\"><strong class=\"schema-faq-question\">\u00bfCu\u00e1nto cuesta ejecutar una transmisi\u00f3n en vivo?<\/strong> <p class=\"schema-faq-answer\">Teniendo en cuenta todo el equipo necesario para la transmisi\u00f3n en vivo y el evento, incluido el software y un operador en el lugar, el evento de transmisi\u00f3n en vivo puede costarle alrededor de $1500.<\/p> <\/div> <div class=\"schema-faq-section\" id=\"faq-question-1676910171668\"><strong class=\"schema-faq-question\"><strong>\u00bfC\u00f3mo reservo el equipo para webcasting?<\/strong><\/strong> <p class=\"schema-faq-answer\">Si est\u00e1 interesado en alquilar equipos para webcasting o transmisi\u00f3n en vivo por Internet, comun\u00edquese con nosotros para verificar la disponibilidad del equipo. Ll\u00e1manos al (786)220-1752 o escr\u00edbenos usando el formulario de contacto.<br\/>Los pagos se pueden realizar a trav\u00e9s de nuestro sitio web, utilizando el sistema seguro de PayPal, solo debe:<br\/>\u2013 Seleccionar el paquete que desee y cualquier equipo adicional.<br\/>\u2013 Seleccionar el n\u00famero de horas de alquiler.<br\/>\u2013 Hacer clic en \u201cAgregar al coche\u201d<br\/>Una vez que termine de seleccionar el equipo, puede hacer clic en \u201c<strong>Carrito<\/strong>\u201d o \u201c<strong>Pagar<\/strong>\u201c. Esto abrir\u00e1 otra ventana donde deber\u00e1s ingresar informaci\u00f3n sobre tu evento: Nombre y n\u00famero de tel\u00e9fono del contacto, as\u00ed como la\u00a0<strong>fecha, hora y lugar del evento<\/strong>\u00a0donde se llevar\u00e1 a cabo.<br\/>Si tiene una cuenta de PayPal, use su nombre de usuario y contrase\u00f1a para iniciar sesi\u00f3n. Si no tiene una cuenta, seleccione \u201cPagar con una tarjeta de d\u00e9bito o cr\u00e9dito, o facturarme m\u00e1s tarde\u201d.<br\/>Ingrese la informaci\u00f3n sobre la forma de pago y sigue las instrucciones.<br\/>Una vez realizado su pago recibir\u00e1 una confirmaci\u00f3n por parte de PayPal, y unas horas despu\u00e9s te enviaremos un correo electr\u00f3nico con la confirmaci\u00f3n de la reserva de tu evento.<\/p> <\/div> <div class=\"schema-faq-section\" id=\"faq-question-1676910099437\"><strong class=\"schema-faq-question\">\u00bfC\u00f3mo recojo y dejo el equipo?<\/strong> <p class=\"schema-faq-answer\">Siempre entregamos el equipo alquilado al menos una hora antes de que comience el evento. Incluimos el montaje y desmontaje.<\/p> <\/div> <\/div>\n","protected":false},"excerpt":{"rendered":"<p>El alquiler de equipos para Webcasting y transmisi\u00f3n en vivo cuenta con lo siguiente:<\/p>\n<ul>\n<li>3 c\u00e1maras de calidad de transmisi\u00f3n de 1080p con soportes de montaje<\/li>\n<li>PC potente cargada con el software Switcher 4k (OBS)<\/li>\n<li>Ver Presentador y PowerPoint\/Keynote en modo Picture-in-Picture.\u00a0T\u00edtulos animados<\/li>\n<li>Capacidad de presentador\/invitado remote<\/li>\n<li>Transmita a cualquier destino (WebEx, Zoom, Teams, YouTube)<\/li>\n<li>Mezclador profesional para enviar micr\u00f3fonos\/m\u00fasica a los altavoces de la sala de transmisi\u00f3n por Internet y simult\u00e1neamente<\/li>\n<li>2 micrs inal\u00e1mbricos Shure corbateros o de mano.<\/li>\n<li>2 Laptops y clicker para webcasting y presentaci\u00f3n, con una opci\u00f3n para enviar una presentaci\u00f3n al proyector de la sala simult\u00e1neamente.<\/li>\n<li>Simult\u00e1neamente graba en un disco duro externo de 2 TB<\/li>\n<li>2 Monitores, 22&#8243; y 10&#8243;<\/li>\n<li>Ingeniero Audiovisual por 4 Horas.<\/li>\n<li>Configuraci\u00f3n y huelga de 2 horas sin cargos adicionales.<\/li>\n<li>Cableado necesario Ethernet-HDMI-XLR-AC.<\/li>\n<\/ul>\n","protected":false},"featured_media":5163,"template":"","meta":{"nf_dc_page":""},"product_brand":[],"product_cat":[257],"product_tag":[],"class_list":{"0":"post-574","1":"product","2":"type-product","3":"status-publish","4":"has-post-thumbnail","6":"product_cat-webcasting","8":"first","9":"instock","10":"shipping-taxable","11":"purchasable","12":"product-type-variable","13":"has-default-attributes"},"yoast_head":"<!-- This site is optimized with the Yoast SEO plugin v26.9 - https:\/\/yoast.com\/product\/yoast-seo-wordpress\/ -->\n<title>Equipos para Webcasting y Transmisiones en Vivo - CAVSI<\/title>\n<meta name=\"description\" content=\"Rentamos equipos para webcasting. Tenemos experiencia en transmisiones web en vivo de capacitaciones, lanzamiento de productos, o reuniones corporativas.\" \/>\n<meta name=\"robots\" content=\"index, follow, max-snippet:-1, max-image-preview:large, max-video-preview:-1\" \/>\n<link rel=\"canonical\" href=\"https:\/\/www.cavsi.com\/espanol\/rentas-av\/equipos-webcasting-transmisiones-en-vivo\/\" \/>\n<meta property=\"og:locale\" content=\"es_ES\" \/>\n<meta property=\"og:type\" content=\"article\" \/>\n<meta property=\"og:title\" content=\"Equipos para Webcasting y Transmisiones en Vivo - CAVSI\" \/>\n<meta property=\"og:description\" content=\"Rentamos equipos para webcasting. Tenemos experiencia en transmisiones web en vivo de capacitaciones, lanzamiento de productos, o reuniones corporativas.\" \/>\n<meta property=\"og:url\" content=\"https:\/\/www.cavsi.com\/espanol\/rentas-av\/equipos-webcasting-transmisiones-en-vivo\/\" \/>\n<meta property=\"og:site_name\" content=\"CAVSI\" \/>\n<meta property=\"article:modified_time\" content=\"2023-05-18T18:31:54+00:00\" \/>\n<meta property=\"og:image\" content=\"https:\/\/www.cavsi.com\/espanol\/wp-content\/uploads\/transmisiones-web-videoconferencias-04.jpg\" \/>\n\t<meta property=\"og:image:width\" content=\"1024\" \/>\n\t<meta property=\"og:image:height\" content=\"664\" \/>\n\t<meta property=\"og:image:type\" content=\"image\/jpeg\" \/>\n<meta name=\"twitter:card\" content=\"summary_large_image\" \/>\n<meta name=\"twitter:label1\" content=\"Tiempo de lectura\" \/>\n\t<meta name=\"twitter:data1\" content=\"2 minutos\" \/>\n<script type=\"application\/ld+json\" class=\"yoast-schema-graph\">{\"@context\":\"https:\/\/schema.org\",\"@graph\":[{\"@type\":[\"WebPage\",\"FAQPage\"],\"@id\":\"https:\/\/www.cavsi.com\/espanol\/rentas-av\/equipos-webcasting-transmisiones-en-vivo\/\",\"url\":\"https:\/\/www.cavsi.com\/espanol\/rentas-av\/equipos-webcasting-transmisiones-en-vivo\/\",\"name\":\"Equipos para Webcasting y Transmisiones en Vivo - CAVSI\",\"isPartOf\":{\"@id\":\"https:\/\/www.cavsi.com\/espanol\/#website\"},\"primaryImageOfPage\":{\"@id\":\"https:\/\/www.cavsi.com\/espanol\/rentas-av\/equipos-webcasting-transmisiones-en-vivo\/#primaryimage\"},\"image\":{\"@id\":\"https:\/\/www.cavsi.com\/espanol\/rentas-av\/equipos-webcasting-transmisiones-en-vivo\/#primaryimage\"},\"thumbnailUrl\":\"https:\/\/www.cavsi.com\/espanol\/wp-content\/uploads\/transmisiones-web-videoconferencias-04.jpg\",\"datePublished\":\"2023-02-16T18:56:29+00:00\",\"dateModified\":\"2023-05-18T18:31:54+00:00\",\"description\":\"Rentamos equipos para webcasting. Tenemos experiencia en transmisiones web en vivo de capacitaciones, lanzamiento de productos, o reuniones corporativas.\",\"breadcrumb\":{\"@id\":\"https:\/\/www.cavsi.com\/espanol\/rentas-av\/equipos-webcasting-transmisiones-en-vivo\/#breadcrumb\"},\"mainEntity\":[{\"@id\":\"https:\/\/www.cavsi.com\/espanol\/rentas-av\/equipos-webcasting-transmisiones-en-vivo\/#faq-question-1676493082136\"},{\"@id\":\"https:\/\/www.cavsi.com\/espanol\/rentas-av\/equipos-webcasting-transmisiones-en-vivo\/#faq-question-1676908531530\"},{\"@id\":\"https:\/\/www.cavsi.com\/espanol\/rentas-av\/equipos-webcasting-transmisiones-en-vivo\/#faq-question-1676493107622\"},{\"@id\":\"https:\/\/www.cavsi.com\/espanol\/rentas-av\/equipos-webcasting-transmisiones-en-vivo\/#faq-question-1676910171668\"},{\"@id\":\"https:\/\/www.cavsi.com\/espanol\/rentas-av\/equipos-webcasting-transmisiones-en-vivo\/#faq-question-1676910099437\"}],\"inLanguage\":\"es\",\"potentialAction\":[{\"@type\":\"ReadAction\",\"target\":[\"https:\/\/www.cavsi.com\/espanol\/rentas-av\/equipos-webcasting-transmisiones-en-vivo\/\"]}]},{\"@type\":\"ImageObject\",\"inLanguage\":\"es\",\"@id\":\"https:\/\/www.cavsi.com\/espanol\/rentas-av\/equipos-webcasting-transmisiones-en-vivo\/#primaryimage\",\"url\":\"https:\/\/www.cavsi.com\/espanol\/wp-content\/uploads\/transmisiones-web-videoconferencias-04.jpg\",\"contentUrl\":\"https:\/\/www.cavsi.com\/espanol\/wp-content\/uploads\/transmisiones-web-videoconferencias-04.jpg\",\"width\":1024,\"height\":664,\"caption\":\"Alquiler de equipos para webcasting\"},{\"@type\":\"BreadcrumbList\",\"@id\":\"https:\/\/www.cavsi.com\/espanol\/rentas-av\/equipos-webcasting-transmisiones-en-vivo\/#breadcrumb\",\"itemListElement\":[{\"@type\":\"ListItem\",\"position\":1,\"name\":\"Alquiler de Equipos Audiovisuales\",\"item\":\"https:\/\/www.cavsi.com\/espanol\/rentas-audiovisuales\/\"},{\"@type\":\"ListItem\",\"position\":2,\"name\":\"Equipos para Webcasting y Transmisiones en Vivo\"}]},{\"@type\":\"WebSite\",\"@id\":\"https:\/\/www.cavsi.com\/espanol\/#website\",\"url\":\"https:\/\/www.cavsi.com\/espanol\/\",\"name\":\"CAVSI\",\"description\":\"\",\"publisher\":{\"@id\":\"https:\/\/www.cavsi.com\/espanol\/#organization\"},\"potentialAction\":[{\"@type\":\"SearchAction\",\"target\":{\"@type\":\"EntryPoint\",\"urlTemplate\":\"https:\/\/www.cavsi.com\/espanol\/?s={search_term_string}\"},\"query-input\":{\"@type\":\"PropertyValueSpecification\",\"valueRequired\":true,\"valueName\":\"search_term_string\"}}],\"inLanguage\":\"es\"},{\"@type\":\"Organization\",\"@id\":\"https:\/\/www.cavsi.com\/espanol\/#organization\",\"name\":\"CAVSI\",\"url\":\"https:\/\/www.cavsi.com\/espanol\/\",\"logo\":{\"@type\":\"ImageObject\",\"inLanguage\":\"es\",\"@id\":\"https:\/\/www.cavsi.com\/espanol\/#\/schema\/logo\/image\/\",\"url\":\"https:\/\/www.cavsi.com\/espanol\/wp-content\/uploads\/cavsi-logo.png\",\"contentUrl\":\"https:\/\/www.cavsi.com\/espanol\/wp-content\/uploads\/cavsi-logo.png\",\"width\":300,\"height\":70,\"caption\":\"CAVSI\"},\"image\":{\"@id\":\"https:\/\/www.cavsi.com\/espanol\/#\/schema\/logo\/image\/\"}},{\"@type\":\"Question\",\"@id\":\"https:\/\/www.cavsi.com\/espanol\/rentas-av\/equipos-webcasting-transmisiones-en-vivo\/#faq-question-1676493082136\",\"position\":1,\"url\":\"https:\/\/www.cavsi.com\/espanol\/rentas-av\/equipos-webcasting-transmisiones-en-vivo\/#faq-question-1676493082136\",\"name\":\"\u00bfQu\u00e9 necesitas para transmitir en vivo un evento?\",\"answerCount\":1,\"acceptedAnswer\":{\"@type\":\"Answer\",\"text\":\"B\u00e1sicamente, para un evento webcast simple, necesitar\u00e1 una c\u00e1mara, un micr\u00f3fono, iluminaci\u00f3n y una conexi\u00f3n a Internet estable. Finalmente, no olvide un software de transmisi\u00f3n en vivo.\",\"inLanguage\":\"es\"},\"inLanguage\":\"es\"},{\"@type\":\"Question\",\"@id\":\"https:\/\/www.cavsi.com\/espanol\/rentas-av\/equipos-webcasting-transmisiones-en-vivo\/#faq-question-1676908531530\",\"position\":2,\"url\":\"https:\/\/www.cavsi.com\/espanol\/rentas-av\/equipos-webcasting-transmisiones-en-vivo\/#faq-question-1676908531530\",\"name\":\"\u00bfPor qu\u00e9 deber\u00eda transmitir un evento por Internet?\",\"answerCount\":1,\"acceptedAnswer\":{\"@type\":\"Answer\",\"text\":\"Si planea llegar a una gran audiencia, la transmisi\u00f3n de su evento por Internet es una forma rentable de lograr su objetivo.\",\"inLanguage\":\"es\"},\"inLanguage\":\"es\"},{\"@type\":\"Question\",\"@id\":\"https:\/\/www.cavsi.com\/espanol\/rentas-av\/equipos-webcasting-transmisiones-en-vivo\/#faq-question-1676493107622\",\"position\":3,\"url\":\"https:\/\/www.cavsi.com\/espanol\/rentas-av\/equipos-webcasting-transmisiones-en-vivo\/#faq-question-1676493107622\",\"name\":\"\u00bfCu\u00e1nto cuesta ejecutar una transmisi\u00f3n en vivo?\",\"answerCount\":1,\"acceptedAnswer\":{\"@type\":\"Answer\",\"text\":\"Teniendo en cuenta todo el equipo necesario para la transmisi\u00f3n en vivo y el evento, incluido el software y un operador en el lugar, el evento de transmisi\u00f3n en vivo puede costarle alrededor de $1500.\",\"inLanguage\":\"es\"},\"inLanguage\":\"es\"},{\"@type\":\"Question\",\"@id\":\"https:\/\/www.cavsi.com\/espanol\/rentas-av\/equipos-webcasting-transmisiones-en-vivo\/#faq-question-1676910171668\",\"position\":4,\"url\":\"https:\/\/www.cavsi.com\/espanol\/rentas-av\/equipos-webcasting-transmisiones-en-vivo\/#faq-question-1676910171668\",\"name\":\"\u00bfC\u00f3mo reservo el equipo para webcasting?\",\"answerCount\":1,\"acceptedAnswer\":{\"@type\":\"Answer\",\"text\":\"Si est\u00e1 interesado en alquilar equipos para webcasting o transmisi\u00f3n en vivo por Internet, comun\u00edquese con nosotros para verificar la disponibilidad del equipo. Ll\u00e1manos al (786)220-1752 o escr\u00edbenos usando el formulario de contacto.<br\/>Los pagos se pueden realizar a trav\u00e9s de nuestro sitio web, utilizando el sistema seguro de PayPal, solo debe:<br\/>\u2013 Seleccionar el paquete que desee y cualquier equipo adicional.<br\/>\u2013 Seleccionar el n\u00famero de horas de alquiler.<br\/>\u2013 Hacer clic en \u201cAgregar al coche\u201d<br\/>Una vez que termine de seleccionar el equipo, puede hacer clic en \u201c<strong>Carrito<\/strong>\u201d o \u201c<strong>Pagar<\/strong>\u201c. Esto abrir\u00e1 otra ventana donde deber\u00e1s ingresar informaci\u00f3n sobre tu evento: Nombre y n\u00famero de tel\u00e9fono del contacto, as\u00ed como la\u00a0<strong>fecha, hora y lugar del evento<\/strong>\u00a0donde se llevar\u00e1 a cabo.<br\/>Si tiene una cuenta de PayPal, use su nombre de usuario y contrase\u00f1a para iniciar sesi\u00f3n. Si no tiene una cuenta, seleccione \u201cPagar con una tarjeta de d\u00e9bito o cr\u00e9dito, o facturarme m\u00e1s tarde\u201d.<br\/>Ingrese la informaci\u00f3n sobre la forma de pago y sigue las instrucciones.<br\/>Una vez realizado su pago recibir\u00e1 una confirmaci\u00f3n por parte de PayPal, y unas horas despu\u00e9s te enviaremos un correo electr\u00f3nico con la confirmaci\u00f3n de la reserva de tu evento.\",\"inLanguage\":\"es\"},\"inLanguage\":\"es\"},{\"@type\":\"Question\",\"@id\":\"https:\/\/www.cavsi.com\/espanol\/rentas-av\/equipos-webcasting-transmisiones-en-vivo\/#faq-question-1676910099437\",\"position\":5,\"url\":\"https:\/\/www.cavsi.com\/espanol\/rentas-av\/equipos-webcasting-transmisiones-en-vivo\/#faq-question-1676910099437\",\"name\":\"\u00bfC\u00f3mo recojo y dejo el equipo?\",\"answerCount\":1,\"acceptedAnswer\":{\"@type\":\"Answer\",\"text\":\"Siempre entregamos el equipo alquilado al menos una hora antes de que comience el evento. Incluimos el montaje y desmontaje.\",\"inLanguage\":\"es\"},\"inLanguage\":\"es\"}]}<\/script>\n<!-- \/ Yoast SEO plugin. -->","yoast_head_json":{"title":"Equipos para Webcasting y Transmisiones en Vivo - CAVSI","description":"Rentamos equipos para webcasting. Tenemos experiencia en transmisiones web en vivo de capacitaciones, lanzamiento de productos, o reuniones corporativas.","robots":{"index":"index","follow":"follow","max-snippet":"max-snippet:-1","max-image-preview":"max-image-preview:large","max-video-preview":"max-video-preview:-1"},"canonical":"https:\/\/www.cavsi.com\/espanol\/rentas-av\/equipos-webcasting-transmisiones-en-vivo\/","og_locale":"es_ES","og_type":"article","og_title":"Equipos para Webcasting y Transmisiones en Vivo - CAVSI","og_description":"Rentamos equipos para webcasting. Tenemos experiencia en transmisiones web en vivo de capacitaciones, lanzamiento de productos, o reuniones corporativas.","og_url":"https:\/\/www.cavsi.com\/espanol\/rentas-av\/equipos-webcasting-transmisiones-en-vivo\/","og_site_name":"CAVSI","article_modified_time":"2023-05-18T18:31:54+00:00","og_image":[{"width":1024,"height":664,"url":"https:\/\/www.cavsi.com\/espanol\/wp-content\/uploads\/transmisiones-web-videoconferencias-04.jpg","type":"image\/jpeg"}],"twitter_card":"summary_large_image","twitter_misc":{"Tiempo de lectura":"2 minutos"},"schema":{"@context":"https:\/\/schema.org","@graph":[{"@type":["WebPage","FAQPage"],"@id":"https:\/\/www.cavsi.com\/espanol\/rentas-av\/equipos-webcasting-transmisiones-en-vivo\/","url":"https:\/\/www.cavsi.com\/espanol\/rentas-av\/equipos-webcasting-transmisiones-en-vivo\/","name":"Equipos para Webcasting y Transmisiones en Vivo - CAVSI","isPartOf":{"@id":"https:\/\/www.cavsi.com\/espanol\/#website"},"primaryImageOfPage":{"@id":"https:\/\/www.cavsi.com\/espanol\/rentas-av\/equipos-webcasting-transmisiones-en-vivo\/#primaryimage"},"image":{"@id":"https:\/\/www.cavsi.com\/espanol\/rentas-av\/equipos-webcasting-transmisiones-en-vivo\/#primaryimage"},"thumbnailUrl":"https:\/\/www.cavsi.com\/espanol\/wp-content\/uploads\/transmisiones-web-videoconferencias-04.jpg","datePublished":"2023-02-16T18:56:29+00:00","dateModified":"2023-05-18T18:31:54+00:00","description":"Rentamos equipos para webcasting. Tenemos experiencia en transmisiones web en vivo de capacitaciones, lanzamiento de productos, o reuniones corporativas.","breadcrumb":{"@id":"https:\/\/www.cavsi.com\/espanol\/rentas-av\/equipos-webcasting-transmisiones-en-vivo\/#breadcrumb"},"mainEntity":[{"@id":"https:\/\/www.cavsi.com\/espanol\/rentas-av\/equipos-webcasting-transmisiones-en-vivo\/#faq-question-1676493082136"},{"@id":"https:\/\/www.cavsi.com\/espanol\/rentas-av\/equipos-webcasting-transmisiones-en-vivo\/#faq-question-1676908531530"},{"@id":"https:\/\/www.cavsi.com\/espanol\/rentas-av\/equipos-webcasting-transmisiones-en-vivo\/#faq-question-1676493107622"},{"@id":"https:\/\/www.cavsi.com\/espanol\/rentas-av\/equipos-webcasting-transmisiones-en-vivo\/#faq-question-1676910171668"},{"@id":"https:\/\/www.cavsi.com\/espanol\/rentas-av\/equipos-webcasting-transmisiones-en-vivo\/#faq-question-1676910099437"}],"inLanguage":"es","potentialAction":[{"@type":"ReadAction","target":["https:\/\/www.cavsi.com\/espanol\/rentas-av\/equipos-webcasting-transmisiones-en-vivo\/"]}]},{"@type":"ImageObject","inLanguage":"es","@id":"https:\/\/www.cavsi.com\/espanol\/rentas-av\/equipos-webcasting-transmisiones-en-vivo\/#primaryimage","url":"https:\/\/www.cavsi.com\/espanol\/wp-content\/uploads\/transmisiones-web-videoconferencias-04.jpg","contentUrl":"https:\/\/www.cavsi.com\/espanol\/wp-content\/uploads\/transmisiones-web-videoconferencias-04.jpg","width":1024,"height":664,"caption":"Alquiler de equipos para webcasting"},{"@type":"BreadcrumbList","@id":"https:\/\/www.cavsi.com\/espanol\/rentas-av\/equipos-webcasting-transmisiones-en-vivo\/#breadcrumb","itemListElement":[{"@type":"ListItem","position":1,"name":"Alquiler de Equipos Audiovisuales","item":"https:\/\/www.cavsi.com\/espanol\/rentas-audiovisuales\/"},{"@type":"ListItem","position":2,"name":"Equipos para Webcasting y Transmisiones en Vivo"}]},{"@type":"WebSite","@id":"https:\/\/www.cavsi.com\/espanol\/#website","url":"https:\/\/www.cavsi.com\/espanol\/","name":"CAVSI","description":"","publisher":{"@id":"https:\/\/www.cavsi.com\/espanol\/#organization"},"potentialAction":[{"@type":"SearchAction","target":{"@type":"EntryPoint","urlTemplate":"https:\/\/www.cavsi.com\/espanol\/?s={search_term_string}"},"query-input":{"@type":"PropertyValueSpecification","valueRequired":true,"valueName":"search_term_string"}}],"inLanguage":"es"},{"@type":"Organization","@id":"https:\/\/www.cavsi.com\/espanol\/#organization","name":"CAVSI","url":"https:\/\/www.cavsi.com\/espanol\/","logo":{"@type":"ImageObject","inLanguage":"es","@id":"https:\/\/www.cavsi.com\/espanol\/#\/schema\/logo\/image\/","url":"https:\/\/www.cavsi.com\/espanol\/wp-content\/uploads\/cavsi-logo.png","contentUrl":"https:\/\/www.cavsi.com\/espanol\/wp-content\/uploads\/cavsi-logo.png","width":300,"height":70,"caption":"CAVSI"},"image":{"@id":"https:\/\/www.cavsi.com\/espanol\/#\/schema\/logo\/image\/"}},{"@type":"Question","@id":"https:\/\/www.cavsi.com\/espanol\/rentas-av\/equipos-webcasting-transmisiones-en-vivo\/#faq-question-1676493082136","position":1,"url":"https:\/\/www.cavsi.com\/espanol\/rentas-av\/equipos-webcasting-transmisiones-en-vivo\/#faq-question-1676493082136","name":"\u00bfQu\u00e9 necesitas para transmitir en vivo un evento?","answerCount":1,"acceptedAnswer":{"@type":"Answer","text":"B\u00e1sicamente, para un evento webcast simple, necesitar\u00e1 una c\u00e1mara, un micr\u00f3fono, iluminaci\u00f3n y una conexi\u00f3n a Internet estable. Finalmente, no olvide un software de transmisi\u00f3n en vivo.","inLanguage":"es"},"inLanguage":"es"},{"@type":"Question","@id":"https:\/\/www.cavsi.com\/espanol\/rentas-av\/equipos-webcasting-transmisiones-en-vivo\/#faq-question-1676908531530","position":2,"url":"https:\/\/www.cavsi.com\/espanol\/rentas-av\/equipos-webcasting-transmisiones-en-vivo\/#faq-question-1676908531530","name":"\u00bfPor qu\u00e9 deber\u00eda transmitir un evento por Internet?","answerCount":1,"acceptedAnswer":{"@type":"Answer","text":"Si planea llegar a una gran audiencia, la transmisi\u00f3n de su evento por Internet es una forma rentable de lograr su objetivo.","inLanguage":"es"},"inLanguage":"es"},{"@type":"Question","@id":"https:\/\/www.cavsi.com\/espanol\/rentas-av\/equipos-webcasting-transmisiones-en-vivo\/#faq-question-1676493107622","position":3,"url":"https:\/\/www.cavsi.com\/espanol\/rentas-av\/equipos-webcasting-transmisiones-en-vivo\/#faq-question-1676493107622","name":"\u00bfCu\u00e1nto cuesta ejecutar una transmisi\u00f3n en vivo?","answerCount":1,"acceptedAnswer":{"@type":"Answer","text":"Teniendo en cuenta todo el equipo necesario para la transmisi\u00f3n en vivo y el evento, incluido el software y un operador en el lugar, el evento de transmisi\u00f3n en vivo puede costarle alrededor de $1500.","inLanguage":"es"},"inLanguage":"es"},{"@type":"Question","@id":"https:\/\/www.cavsi.com\/espanol\/rentas-av\/equipos-webcasting-transmisiones-en-vivo\/#faq-question-1676910171668","position":4,"url":"https:\/\/www.cavsi.com\/espanol\/rentas-av\/equipos-webcasting-transmisiones-en-vivo\/#faq-question-1676910171668","name":"\u00bfC\u00f3mo reservo el equipo para webcasting?","answerCount":1,"acceptedAnswer":{"@type":"Answer","text":"Si est\u00e1 interesado en alquilar equipos para webcasting o transmisi\u00f3n en vivo por Internet, comun\u00edquese con nosotros para verificar la disponibilidad del equipo. Ll\u00e1manos al (786)220-1752 o escr\u00edbenos usando el formulario de contacto.<br\/>Los pagos se pueden realizar a trav\u00e9s de nuestro sitio web, utilizando el sistema seguro de PayPal, solo debe:<br\/>\u2013 Seleccionar el paquete que desee y cualquier equipo adicional.<br\/>\u2013 Seleccionar el n\u00famero de horas de alquiler.<br\/>\u2013 Hacer clic en \u201cAgregar al coche\u201d<br\/>Una vez que termine de seleccionar el equipo, puede hacer clic en \u201c<strong>Carrito<\/strong>\u201d o \u201c<strong>Pagar<\/strong>\u201c. Esto abrir\u00e1 otra ventana donde deber\u00e1s ingresar informaci\u00f3n sobre tu evento: Nombre y n\u00famero de tel\u00e9fono del contacto, as\u00ed como la\u00a0<strong>fecha, hora y lugar del evento<\/strong>\u00a0donde se llevar\u00e1 a cabo.<br\/>Si tiene una cuenta de PayPal, use su nombre de usuario y contrase\u00f1a para iniciar sesi\u00f3n. Si no tiene una cuenta, seleccione \u201cPagar con una tarjeta de d\u00e9bito o cr\u00e9dito, o facturarme m\u00e1s tarde\u201d.<br\/>Ingrese la informaci\u00f3n sobre la forma de pago y sigue las instrucciones.<br\/>Una vez realizado su pago recibir\u00e1 una confirmaci\u00f3n por parte de PayPal, y unas horas despu\u00e9s te enviaremos un correo electr\u00f3nico con la confirmaci\u00f3n de la reserva de tu evento.","inLanguage":"es"},"inLanguage":"es"},{"@type":"Question","@id":"https:\/\/www.cavsi.com\/espanol\/rentas-av\/equipos-webcasting-transmisiones-en-vivo\/#faq-question-1676910099437","position":5,"url":"https:\/\/www.cavsi.com\/espanol\/rentas-av\/equipos-webcasting-transmisiones-en-vivo\/#faq-question-1676910099437","name":"\u00bfC\u00f3mo recojo y dejo el equipo?","answerCount":1,"acceptedAnswer":{"@type":"Answer","text":"Siempre entregamos el equipo alquilado al menos una hora antes de que comience el evento. Incluimos el montaje y desmontaje.","inLanguage":"es"},"inLanguage":"es"}]}},"_links":{"self":[{"href":"https:\/\/www.cavsi.com\/espanol\/wp-json\/wp\/v2\/product\/574","targetHints":{"allow":["GET"]}}],"collection":[{"href":"https:\/\/www.cavsi.com\/espanol\/wp-json\/wp\/v2\/product"}],"about":[{"href":"https:\/\/www.cavsi.com\/espanol\/wp-json\/wp\/v2\/types\/product"}],"wp:featuredmedia":[{"embeddable":true,"href":"https:\/\/www.cavsi.com\/espanol\/wp-json\/wp\/v2\/media\/5163"}],"wp:attachment":[{"href":"https:\/\/www.cavsi.com\/espanol\/wp-json\/wp\/v2\/media?parent=574"}],"wp:term":[{"taxonomy":"product_brand","embeddable":true,"href":"https:\/\/www.cavsi.com\/espanol\/wp-json\/wp\/v2\/product_brand?post=574"},{"taxonomy":"product_cat","embeddable":true,"href":"https:\/\/www.cavsi.com\/espanol\/wp-json\/wp\/v2\/product_cat?post=574"},{"taxonomy":"product_tag","embeddable":true,"href":"https:\/\/www.cavsi.com\/espanol\/wp-json\/wp\/v2\/product_tag?post=574"}],"curies":[{"name":"wp","href":"https:\/\/api.w.org\/{rel}","templated":true}]}}