{"id":571,"date":"2023-02-16T18:47:47","date_gmt":"2023-02-16T18:47:47","guid":{"rendered":"https:\/\/www.cavsi.com\/espanol\/?post_type=product&#038;p=571"},"modified":"2023-04-21T17:00:53","modified_gmt":"2023-04-21T17:00:53","slug":"alquiler-switcher-poe","status":"publish","type":"product","link":"https:\/\/www.cavsi.com\/espanol\/rentas-av\/alquiler-switcher-poe\/","title":{"rendered":"Alquiler Switcher POE 8 Puertos"},"content":{"rendered":"\n<p>Ampl\u00ede su red cableada con este conmutador Poe+ Gigabit Ethernet de 8 puertos, un conmutador de red no administrado sencillo y asequible. Este dispositivo ofrece una capacidad de conmutaci\u00f3n excepcional. Este interruptor no requiere configuraci\u00f3n para su uso y cuenta con negociaci\u00f3n autom\u00e1tica para compatibilidad inteligente y ajustes de rendimiento. Las luces indicadoras de estado de la red frontales lo ayudan a monitorear las estad\u00edsticas del puerto y el estado del cable.<\/p>\n","protected":false},"excerpt":{"rendered":"<p>8 puertos 10\/100 RJ-45 \/ Store-and-forward \/ 1.6 Gbps bw \/ 96 KB de memoria integrada \/ direcci\u00f3n MAC de 48 bits<\/p>\n","protected":false},"featured_media":334,"template":"","meta":{"nf_dc_page":""},"product_brand":[],"product_cat":[19],"product_tag":[],"class_list":{"0":"post-571","1":"product","2":"type-product","3":"status-publish","4":"has-post-thumbnail","6":"product_cat-equipo-audiovisual","8":"first","9":"instock","10":"shipping-taxable","11":"purchasable","12":"product-type-variable","13":"has-default-attributes"},"yoast_head":"<!-- This site is optimized with the Yoast SEO plugin v26.9 - https:\/\/yoast.com\/product\/yoast-seo-wordpress\/ -->\n<title>Alquiler Switcher POE 8 Puertos - CAVSI<\/title>\n<meta name=\"robots\" content=\"index, follow, max-snippet:-1, max-image-preview:large, max-video-preview:-1\" \/>\n<link rel=\"canonical\" href=\"https:\/\/www.cavsi.com\/espanol\/rentas-av\/alquiler-switcher-poe\/\" \/>\n<meta property=\"og:locale\" content=\"es_ES\" \/>\n<meta property=\"og:type\" content=\"article\" \/>\n<meta property=\"og:title\" content=\"Alquiler Switcher POE 8 Puertos - CAVSI\" \/>\n<meta property=\"og:description\" content=\"8 puertos 10\/100 RJ-45 \/ Store-and-forward \/ 1.6 Gbps bw \/ 96 KB de memoria integrada \/ direcci\u00f3n MAC de 48 bits\" \/>\n<meta property=\"og:url\" content=\"https:\/\/www.cavsi.com\/espanol\/rentas-av\/alquiler-switcher-poe\/\" \/>\n<meta property=\"og:site_name\" content=\"CAVSI\" \/>\n<meta property=\"article:modified_time\" content=\"2023-04-21T17:00:53+00:00\" \/>\n<meta property=\"og:image\" content=\"https:\/\/www.cavsi.com\/espanol\/wp-content\/uploads\/AlquilerSwitcherPOE-jpg.webp\" \/>\n\t<meta property=\"og:image:width\" content=\"600\" \/>\n\t<meta property=\"og:image:height\" content=\"301\" \/>\n\t<meta property=\"og:image:type\" content=\"image\/jpeg\" \/>\n<meta name=\"twitter:card\" content=\"summary_large_image\" \/>\n<meta name=\"twitter:label1\" content=\"Tiempo de lectura\" \/>\n\t<meta name=\"twitter:data1\" content=\"1 minuto\" \/>\n<script type=\"application\/ld+json\" class=\"yoast-schema-graph\">{\"@context\":\"https:\/\/schema.org\",\"@graph\":[{\"@type\":\"WebPage\",\"@id\":\"https:\/\/www.cavsi.com\/espanol\/rentas-av\/alquiler-switcher-poe\/\",\"url\":\"https:\/\/www.cavsi.com\/espanol\/rentas-av\/alquiler-switcher-poe\/\",\"name\":\"Alquiler Switcher POE 8 Puertos - CAVSI\",\"isPartOf\":{\"@id\":\"https:\/\/www.cavsi.com\/espanol\/#website\"},\"primaryImageOfPage\":{\"@id\":\"https:\/\/www.cavsi.com\/espanol\/rentas-av\/alquiler-switcher-poe\/#primaryimage\"},\"image\":{\"@id\":\"https:\/\/www.cavsi.com\/espanol\/rentas-av\/alquiler-switcher-poe\/#primaryimage\"},\"thumbnailUrl\":\"https:\/\/www.cavsi.com\/espanol\/wp-content\/uploads\/AlquilerSwitcherPOE-jpg.webp\",\"datePublished\":\"2023-02-16T18:47:47+00:00\",\"dateModified\":\"2023-04-21T17:00:53+00:00\",\"breadcrumb\":{\"@id\":\"https:\/\/www.cavsi.com\/espanol\/rentas-av\/alquiler-switcher-poe\/#breadcrumb\"},\"inLanguage\":\"es\",\"potentialAction\":[{\"@type\":\"ReadAction\",\"target\":[\"https:\/\/www.cavsi.com\/espanol\/rentas-av\/alquiler-switcher-poe\/\"]}]},{\"@type\":\"ImageObject\",\"inLanguage\":\"es\",\"@id\":\"https:\/\/www.cavsi.com\/espanol\/rentas-av\/alquiler-switcher-poe\/#primaryimage\",\"url\":\"https:\/\/www.cavsi.com\/espanol\/wp-content\/uploads\/AlquilerSwitcherPOE-jpg.webp\",\"contentUrl\":\"https:\/\/www.cavsi.com\/espanol\/wp-content\/uploads\/AlquilerSwitcherPOE-jpg.webp\",\"width\":600,\"height\":301},{\"@type\":\"BreadcrumbList\",\"@id\":\"https:\/\/www.cavsi.com\/espanol\/rentas-av\/alquiler-switcher-poe\/#breadcrumb\",\"itemListElement\":[{\"@type\":\"ListItem\",\"position\":1,\"name\":\"Alquiler de Equipos Audiovisuales\",\"item\":\"https:\/\/www.cavsi.com\/espanol\/rentas-audiovisuales\/\"},{\"@type\":\"ListItem\",\"position\":2,\"name\":\"Alquiler Switcher POE 8 Puertos\"}]},{\"@type\":\"WebSite\",\"@id\":\"https:\/\/www.cavsi.com\/espanol\/#website\",\"url\":\"https:\/\/www.cavsi.com\/espanol\/\",\"name\":\"CAVSI\",\"description\":\"\",\"publisher\":{\"@id\":\"https:\/\/www.cavsi.com\/espanol\/#organization\"},\"potentialAction\":[{\"@type\":\"SearchAction\",\"target\":{\"@type\":\"EntryPoint\",\"urlTemplate\":\"https:\/\/www.cavsi.com\/espanol\/?s={search_term_string}\"},\"query-input\":{\"@type\":\"PropertyValueSpecification\",\"valueRequired\":true,\"valueName\":\"search_term_string\"}}],\"inLanguage\":\"es\"},{\"@type\":\"Organization\",\"@id\":\"https:\/\/www.cavsi.com\/espanol\/#organization\",\"name\":\"CAVSI\",\"url\":\"https:\/\/www.cavsi.com\/espanol\/\",\"logo\":{\"@type\":\"ImageObject\",\"inLanguage\":\"es\",\"@id\":\"https:\/\/www.cavsi.com\/espanol\/#\/schema\/logo\/image\/\",\"url\":\"https:\/\/www.cavsi.com\/espanol\/wp-content\/uploads\/cavsi-logo.png\",\"contentUrl\":\"https:\/\/www.cavsi.com\/espanol\/wp-content\/uploads\/cavsi-logo.png\",\"width\":300,\"height\":70,\"caption\":\"CAVSI\"},\"image\":{\"@id\":\"https:\/\/www.cavsi.com\/espanol\/#\/schema\/logo\/image\/\"}}]}<\/script>\n<!-- \/ Yoast SEO plugin. -->","yoast_head_json":{"title":"Alquiler Switcher POE 8 Puertos - CAVSI","robots":{"index":"index","follow":"follow","max-snippet":"max-snippet:-1","max-image-preview":"max-image-preview:large","max-video-preview":"max-video-preview:-1"},"canonical":"https:\/\/www.cavsi.com\/espanol\/rentas-av\/alquiler-switcher-poe\/","og_locale":"es_ES","og_type":"article","og_title":"Alquiler Switcher POE 8 Puertos - CAVSI","og_description":"8 puertos 10\/100 RJ-45 \/ Store-and-forward \/ 1.6 Gbps bw \/ 96 KB de memoria integrada \/ direcci\u00f3n MAC de 48 bits","og_url":"https:\/\/www.cavsi.com\/espanol\/rentas-av\/alquiler-switcher-poe\/","og_site_name":"CAVSI","article_modified_time":"2023-04-21T17:00:53+00:00","og_image":[{"width":600,"height":301,"url":"https:\/\/www.cavsi.com\/espanol\/wp-content\/uploads\/AlquilerSwitcherPOE-jpg.webp","type":"image\/jpeg"}],"twitter_card":"summary_large_image","twitter_misc":{"Tiempo de lectura":"1 minuto"},"schema":{"@context":"https:\/\/schema.org","@graph":[{"@type":"WebPage","@id":"https:\/\/www.cavsi.com\/espanol\/rentas-av\/alquiler-switcher-poe\/","url":"https:\/\/www.cavsi.com\/espanol\/rentas-av\/alquiler-switcher-poe\/","name":"Alquiler Switcher POE 8 Puertos - CAVSI","isPartOf":{"@id":"https:\/\/www.cavsi.com\/espanol\/#website"},"primaryImageOfPage":{"@id":"https:\/\/www.cavsi.com\/espanol\/rentas-av\/alquiler-switcher-poe\/#primaryimage"},"image":{"@id":"https:\/\/www.cavsi.com\/espanol\/rentas-av\/alquiler-switcher-poe\/#primaryimage"},"thumbnailUrl":"https:\/\/www.cavsi.com\/espanol\/wp-content\/uploads\/AlquilerSwitcherPOE-jpg.webp","datePublished":"2023-02-16T18:47:47+00:00","dateModified":"2023-04-21T17:00:53+00:00","breadcrumb":{"@id":"https:\/\/www.cavsi.com\/espanol\/rentas-av\/alquiler-switcher-poe\/#breadcrumb"},"inLanguage":"es","potentialAction":[{"@type":"ReadAction","target":["https:\/\/www.cavsi.com\/espanol\/rentas-av\/alquiler-switcher-poe\/"]}]},{"@type":"ImageObject","inLanguage":"es","@id":"https:\/\/www.cavsi.com\/espanol\/rentas-av\/alquiler-switcher-poe\/#primaryimage","url":"https:\/\/www.cavsi.com\/espanol\/wp-content\/uploads\/AlquilerSwitcherPOE-jpg.webp","contentUrl":"https:\/\/www.cavsi.com\/espanol\/wp-content\/uploads\/AlquilerSwitcherPOE-jpg.webp","width":600,"height":301},{"@type":"BreadcrumbList","@id":"https:\/\/www.cavsi.com\/espanol\/rentas-av\/alquiler-switcher-poe\/#breadcrumb","itemListElement":[{"@type":"ListItem","position":1,"name":"Alquiler de Equipos Audiovisuales","item":"https:\/\/www.cavsi.com\/espanol\/rentas-audiovisuales\/"},{"@type":"ListItem","position":2,"name":"Alquiler Switcher POE 8 Puertos"}]},{"@type":"WebSite","@id":"https:\/\/www.cavsi.com\/espanol\/#website","url":"https:\/\/www.cavsi.com\/espanol\/","name":"CAVSI","description":"","publisher":{"@id":"https:\/\/www.cavsi.com\/espanol\/#organization"},"potentialAction":[{"@type":"SearchAction","target":{"@type":"EntryPoint","urlTemplate":"https:\/\/www.cavsi.com\/espanol\/?s={search_term_string}"},"query-input":{"@type":"PropertyValueSpecification","valueRequired":true,"valueName":"search_term_string"}}],"inLanguage":"es"},{"@type":"Organization","@id":"https:\/\/www.cavsi.com\/espanol\/#organization","name":"CAVSI","url":"https:\/\/www.cavsi.com\/espanol\/","logo":{"@type":"ImageObject","inLanguage":"es","@id":"https:\/\/www.cavsi.com\/espanol\/#\/schema\/logo\/image\/","url":"https:\/\/www.cavsi.com\/espanol\/wp-content\/uploads\/cavsi-logo.png","contentUrl":"https:\/\/www.cavsi.com\/espanol\/wp-content\/uploads\/cavsi-logo.png","width":300,"height":70,"caption":"CAVSI"},"image":{"@id":"https:\/\/www.cavsi.com\/espanol\/#\/schema\/logo\/image\/"}}]}},"_links":{"self":[{"href":"https:\/\/www.cavsi.com\/espanol\/wp-json\/wp\/v2\/product\/571","targetHints":{"allow":["GET"]}}],"collection":[{"href":"https:\/\/www.cavsi.com\/espanol\/wp-json\/wp\/v2\/product"}],"about":[{"href":"https:\/\/www.cavsi.com\/espanol\/wp-json\/wp\/v2\/types\/product"}],"wp:featuredmedia":[{"embeddable":true,"href":"https:\/\/www.cavsi.com\/espanol\/wp-json\/wp\/v2\/media\/334"}],"wp:attachment":[{"href":"https:\/\/www.cavsi.com\/espanol\/wp-json\/wp\/v2\/media?parent=571"}],"wp:term":[{"taxonomy":"product_brand","embeddable":true,"href":"https:\/\/www.cavsi.com\/espanol\/wp-json\/wp\/v2\/product_brand?post=571"},{"taxonomy":"product_cat","embeddable":true,"href":"https:\/\/www.cavsi.com\/espanol\/wp-json\/wp\/v2\/product_cat?post=571"},{"taxonomy":"product_tag","embeddable":true,"href":"https:\/\/www.cavsi.com\/espanol\/wp-json\/wp\/v2\/product_tag?post=571"}],"curies":[{"name":"wp","href":"https:\/\/api.w.org\/{rel}","templated":true}]}}