{"id":568,"date":"2023-02-16T18:45:02","date_gmt":"2023-02-16T18:45:02","guid":{"rendered":"https:\/\/www.cavsi.com\/espanol\/?post_type=product&#038;p=568"},"modified":"2023-04-16T20:17:15","modified_gmt":"2023-04-16T20:17:15","slug":"alquiler-reproductores-blu-ray","status":"publish","type":"product","link":"https:\/\/www.cavsi.com\/espanol\/rentas-av\/alquiler-reproductores-blu-ray\/","title":{"rendered":"Alquiler de reproductores de Blu-Ray o DVD"},"content":{"rendered":"\n<p>Elija entre el alquiler de reproductores de Blu-Ray o DVD, este equipo proporcionar\u00e1 un elemento din\u00e1mico a los procedimientos de su evento. Ll\u00e1menos hoy para hablar con uno de nuestros representantes expertos y encontrar la mejor soluci\u00f3n de alquiler para sus necesidades. Los discos Blu-ray son el formato est\u00e1ndar para los videojuegos de consola y muchas peliculas.<\/p>\n\n\n\n<p>Nuestros reproductores multimedia brindan una hermosa calidad de imagen de alta resoluci\u00f3n y producen una excelente calidad de sonido, lo que lo ayuda a producir el m\u00e1ximo efecto para su proyecto o trabajo. La salida de escaneo progresivo permite obtener im\u00e1genes perfectas y sin parpadeo y reproduce CD de video y audio para su entretenimiento.<\/p>\n\n\n\n<p>Los reproductores de discos Blu-ray pueden reproducir discos Blu-ray, DVD y CD. Aunque puede reproducir un DVD en un reproductor de Blu-ray Disc, no puede reproducir un Blu-ray Disc en un reproductor de DVD<\/p>\n","protected":false},"excerpt":{"rendered":"<p>Alquiler de reproductores Blu-Ray y DVD. Le permite reproducir cualquier video que necesite durante su evento. La diferencia entre los reproductores de Blu-Ray y el DVD est\u00e1ndar radica en la calidad de la imagen. Ambos realizan la funci\u00f3n b\u00e1sica de reproducci\u00f3n de video, pero los discos Blu-Ray muestran una imagen significativamente m\u00e1s brillante.<\/p>\n<p>&nbsp;<\/p>\n","protected":false},"featured_media":218,"template":"","meta":{"nf_dc_page":""},"product_brand":[],"product_cat":[19],"product_tag":[],"class_list":{"0":"post-568","1":"product","2":"type-product","3":"status-publish","4":"has-post-thumbnail","6":"product_cat-equipo-audiovisual","8":"first","9":"instock","10":"shipping-taxable","11":"purchasable","12":"product-type-variable","13":"has-default-attributes"},"yoast_head":"<!-- This site is optimized with the Yoast SEO plugin v26.9 - https:\/\/yoast.com\/product\/yoast-seo-wordpress\/ -->\n<title>Alquiler de reproductores de Blu-Ray o DVD - CAVSI<\/title>\n<meta name=\"description\" content=\"Ll\u00e1menos hoy para hablar con uno de nuestros representantes expertos y encontrar la mejor soluci\u00f3n de alquiler para sus necesidades.\" \/>\n<meta name=\"robots\" content=\"index, follow, max-snippet:-1, max-image-preview:large, max-video-preview:-1\" \/>\n<link rel=\"canonical\" href=\"https:\/\/www.cavsi.com\/espanol\/rentas-av\/alquiler-reproductores-blu-ray\/\" \/>\n<meta property=\"og:locale\" content=\"es_ES\" \/>\n<meta property=\"og:type\" content=\"article\" \/>\n<meta property=\"og:title\" content=\"Alquiler de reproductores de Blu-Ray o DVD - CAVSI\" \/>\n<meta property=\"og:description\" content=\"Ll\u00e1menos hoy para hablar con uno de nuestros representantes expertos y encontrar la mejor soluci\u00f3n de alquiler para sus necesidades.\" \/>\n<meta property=\"og:url\" content=\"https:\/\/www.cavsi.com\/espanol\/rentas-av\/alquiler-reproductores-blu-ray\/\" \/>\n<meta property=\"og:site_name\" content=\"CAVSI\" \/>\n<meta property=\"article:modified_time\" content=\"2023-04-16T20:17:15+00:00\" \/>\n<meta property=\"og:image\" content=\"https:\/\/www.cavsi.com\/espanol\/wp-content\/uploads\/AlquilerBlueRay-jpg.webp\" \/>\n\t<meta property=\"og:image:width\" content=\"910\" \/>\n\t<meta property=\"og:image:height\" content=\"447\" \/>\n\t<meta property=\"og:image:type\" content=\"image\/jpeg\" \/>\n<meta name=\"twitter:card\" content=\"summary_large_image\" \/>\n<meta name=\"twitter:label1\" content=\"Tiempo de lectura\" \/>\n\t<meta name=\"twitter:data1\" content=\"1 minuto\" \/>\n<script type=\"application\/ld+json\" class=\"yoast-schema-graph\">{\"@context\":\"https:\/\/schema.org\",\"@graph\":[{\"@type\":\"WebPage\",\"@id\":\"https:\/\/www.cavsi.com\/espanol\/rentas-av\/alquiler-reproductores-blu-ray\/\",\"url\":\"https:\/\/www.cavsi.com\/espanol\/rentas-av\/alquiler-reproductores-blu-ray\/\",\"name\":\"Alquiler de reproductores de Blu-Ray o DVD - CAVSI\",\"isPartOf\":{\"@id\":\"https:\/\/www.cavsi.com\/espanol\/#website\"},\"primaryImageOfPage\":{\"@id\":\"https:\/\/www.cavsi.com\/espanol\/rentas-av\/alquiler-reproductores-blu-ray\/#primaryimage\"},\"image\":{\"@id\":\"https:\/\/www.cavsi.com\/espanol\/rentas-av\/alquiler-reproductores-blu-ray\/#primaryimage\"},\"thumbnailUrl\":\"https:\/\/www.cavsi.com\/espanol\/wp-content\/uploads\/AlquilerBlueRay-jpg.webp\",\"datePublished\":\"2023-02-16T18:45:02+00:00\",\"dateModified\":\"2023-04-16T20:17:15+00:00\",\"description\":\"Ll\u00e1menos hoy para hablar con uno de nuestros representantes expertos y encontrar la mejor soluci\u00f3n de alquiler para sus necesidades.\",\"breadcrumb\":{\"@id\":\"https:\/\/www.cavsi.com\/espanol\/rentas-av\/alquiler-reproductores-blu-ray\/#breadcrumb\"},\"inLanguage\":\"es\",\"potentialAction\":[{\"@type\":\"ReadAction\",\"target\":[\"https:\/\/www.cavsi.com\/espanol\/rentas-av\/alquiler-reproductores-blu-ray\/\"]}]},{\"@type\":\"ImageObject\",\"inLanguage\":\"es\",\"@id\":\"https:\/\/www.cavsi.com\/espanol\/rentas-av\/alquiler-reproductores-blu-ray\/#primaryimage\",\"url\":\"https:\/\/www.cavsi.com\/espanol\/wp-content\/uploads\/AlquilerBlueRay-jpg.webp\",\"contentUrl\":\"https:\/\/www.cavsi.com\/espanol\/wp-content\/uploads\/AlquilerBlueRay-jpg.webp\",\"width\":910,\"height\":447},{\"@type\":\"BreadcrumbList\",\"@id\":\"https:\/\/www.cavsi.com\/espanol\/rentas-av\/alquiler-reproductores-blu-ray\/#breadcrumb\",\"itemListElement\":[{\"@type\":\"ListItem\",\"position\":1,\"name\":\"Alquiler de Equipos Audiovisuales\",\"item\":\"https:\/\/www.cavsi.com\/espanol\/rentas-audiovisuales\/\"},{\"@type\":\"ListItem\",\"position\":2,\"name\":\"Alquiler de reproductores de Blu-Ray o DVD\"}]},{\"@type\":\"WebSite\",\"@id\":\"https:\/\/www.cavsi.com\/espanol\/#website\",\"url\":\"https:\/\/www.cavsi.com\/espanol\/\",\"name\":\"CAVSI\",\"description\":\"\",\"publisher\":{\"@id\":\"https:\/\/www.cavsi.com\/espanol\/#organization\"},\"potentialAction\":[{\"@type\":\"SearchAction\",\"target\":{\"@type\":\"EntryPoint\",\"urlTemplate\":\"https:\/\/www.cavsi.com\/espanol\/?s={search_term_string}\"},\"query-input\":{\"@type\":\"PropertyValueSpecification\",\"valueRequired\":true,\"valueName\":\"search_term_string\"}}],\"inLanguage\":\"es\"},{\"@type\":\"Organization\",\"@id\":\"https:\/\/www.cavsi.com\/espanol\/#organization\",\"name\":\"CAVSI\",\"url\":\"https:\/\/www.cavsi.com\/espanol\/\",\"logo\":{\"@type\":\"ImageObject\",\"inLanguage\":\"es\",\"@id\":\"https:\/\/www.cavsi.com\/espanol\/#\/schema\/logo\/image\/\",\"url\":\"https:\/\/www.cavsi.com\/espanol\/wp-content\/uploads\/cavsi-logo.png\",\"contentUrl\":\"https:\/\/www.cavsi.com\/espanol\/wp-content\/uploads\/cavsi-logo.png\",\"width\":300,\"height\":70,\"caption\":\"CAVSI\"},\"image\":{\"@id\":\"https:\/\/www.cavsi.com\/espanol\/#\/schema\/logo\/image\/\"}}]}<\/script>\n<!-- \/ Yoast SEO plugin. -->","yoast_head_json":{"title":"Alquiler de reproductores de Blu-Ray o DVD - CAVSI","description":"Ll\u00e1menos hoy para hablar con uno de nuestros representantes expertos y encontrar la mejor soluci\u00f3n de alquiler para sus necesidades.","robots":{"index":"index","follow":"follow","max-snippet":"max-snippet:-1","max-image-preview":"max-image-preview:large","max-video-preview":"max-video-preview:-1"},"canonical":"https:\/\/www.cavsi.com\/espanol\/rentas-av\/alquiler-reproductores-blu-ray\/","og_locale":"es_ES","og_type":"article","og_title":"Alquiler de reproductores de Blu-Ray o DVD - CAVSI","og_description":"Ll\u00e1menos hoy para hablar con uno de nuestros representantes expertos y encontrar la mejor soluci\u00f3n de alquiler para sus necesidades.","og_url":"https:\/\/www.cavsi.com\/espanol\/rentas-av\/alquiler-reproductores-blu-ray\/","og_site_name":"CAVSI","article_modified_time":"2023-04-16T20:17:15+00:00","og_image":[{"width":910,"height":447,"url":"https:\/\/www.cavsi.com\/espanol\/wp-content\/uploads\/AlquilerBlueRay-jpg.webp","type":"image\/jpeg"}],"twitter_card":"summary_large_image","twitter_misc":{"Tiempo de lectura":"1 minuto"},"schema":{"@context":"https:\/\/schema.org","@graph":[{"@type":"WebPage","@id":"https:\/\/www.cavsi.com\/espanol\/rentas-av\/alquiler-reproductores-blu-ray\/","url":"https:\/\/www.cavsi.com\/espanol\/rentas-av\/alquiler-reproductores-blu-ray\/","name":"Alquiler de reproductores de Blu-Ray o DVD - CAVSI","isPartOf":{"@id":"https:\/\/www.cavsi.com\/espanol\/#website"},"primaryImageOfPage":{"@id":"https:\/\/www.cavsi.com\/espanol\/rentas-av\/alquiler-reproductores-blu-ray\/#primaryimage"},"image":{"@id":"https:\/\/www.cavsi.com\/espanol\/rentas-av\/alquiler-reproductores-blu-ray\/#primaryimage"},"thumbnailUrl":"https:\/\/www.cavsi.com\/espanol\/wp-content\/uploads\/AlquilerBlueRay-jpg.webp","datePublished":"2023-02-16T18:45:02+00:00","dateModified":"2023-04-16T20:17:15+00:00","description":"Ll\u00e1menos hoy para hablar con uno de nuestros representantes expertos y encontrar la mejor soluci\u00f3n de alquiler para sus necesidades.","breadcrumb":{"@id":"https:\/\/www.cavsi.com\/espanol\/rentas-av\/alquiler-reproductores-blu-ray\/#breadcrumb"},"inLanguage":"es","potentialAction":[{"@type":"ReadAction","target":["https:\/\/www.cavsi.com\/espanol\/rentas-av\/alquiler-reproductores-blu-ray\/"]}]},{"@type":"ImageObject","inLanguage":"es","@id":"https:\/\/www.cavsi.com\/espanol\/rentas-av\/alquiler-reproductores-blu-ray\/#primaryimage","url":"https:\/\/www.cavsi.com\/espanol\/wp-content\/uploads\/AlquilerBlueRay-jpg.webp","contentUrl":"https:\/\/www.cavsi.com\/espanol\/wp-content\/uploads\/AlquilerBlueRay-jpg.webp","width":910,"height":447},{"@type":"BreadcrumbList","@id":"https:\/\/www.cavsi.com\/espanol\/rentas-av\/alquiler-reproductores-blu-ray\/#breadcrumb","itemListElement":[{"@type":"ListItem","position":1,"name":"Alquiler de Equipos Audiovisuales","item":"https:\/\/www.cavsi.com\/espanol\/rentas-audiovisuales\/"},{"@type":"ListItem","position":2,"name":"Alquiler de reproductores de Blu-Ray o DVD"}]},{"@type":"WebSite","@id":"https:\/\/www.cavsi.com\/espanol\/#website","url":"https:\/\/www.cavsi.com\/espanol\/","name":"CAVSI","description":"","publisher":{"@id":"https:\/\/www.cavsi.com\/espanol\/#organization"},"potentialAction":[{"@type":"SearchAction","target":{"@type":"EntryPoint","urlTemplate":"https:\/\/www.cavsi.com\/espanol\/?s={search_term_string}"},"query-input":{"@type":"PropertyValueSpecification","valueRequired":true,"valueName":"search_term_string"}}],"inLanguage":"es"},{"@type":"Organization","@id":"https:\/\/www.cavsi.com\/espanol\/#organization","name":"CAVSI","url":"https:\/\/www.cavsi.com\/espanol\/","logo":{"@type":"ImageObject","inLanguage":"es","@id":"https:\/\/www.cavsi.com\/espanol\/#\/schema\/logo\/image\/","url":"https:\/\/www.cavsi.com\/espanol\/wp-content\/uploads\/cavsi-logo.png","contentUrl":"https:\/\/www.cavsi.com\/espanol\/wp-content\/uploads\/cavsi-logo.png","width":300,"height":70,"caption":"CAVSI"},"image":{"@id":"https:\/\/www.cavsi.com\/espanol\/#\/schema\/logo\/image\/"}}]}},"_links":{"self":[{"href":"https:\/\/www.cavsi.com\/espanol\/wp-json\/wp\/v2\/product\/568","targetHints":{"allow":["GET"]}}],"collection":[{"href":"https:\/\/www.cavsi.com\/espanol\/wp-json\/wp\/v2\/product"}],"about":[{"href":"https:\/\/www.cavsi.com\/espanol\/wp-json\/wp\/v2\/types\/product"}],"wp:featuredmedia":[{"embeddable":true,"href":"https:\/\/www.cavsi.com\/espanol\/wp-json\/wp\/v2\/media\/218"}],"wp:attachment":[{"href":"https:\/\/www.cavsi.com\/espanol\/wp-json\/wp\/v2\/media?parent=568"}],"wp:term":[{"taxonomy":"product_brand","embeddable":true,"href":"https:\/\/www.cavsi.com\/espanol\/wp-json\/wp\/v2\/product_brand?post=568"},{"taxonomy":"product_cat","embeddable":true,"href":"https:\/\/www.cavsi.com\/espanol\/wp-json\/wp\/v2\/product_cat?post=568"},{"taxonomy":"product_tag","embeddable":true,"href":"https:\/\/www.cavsi.com\/espanol\/wp-json\/wp\/v2\/product_tag?post=568"}],"curies":[{"name":"wp","href":"https:\/\/api.w.org\/{rel}","templated":true}]}}