{"id":564,"date":"2023-04-16T18:42:00","date_gmt":"2023-04-16T18:42:00","guid":{"rendered":"https:\/\/www.cavsi.com\/espanol\/?post_type=product&#038;p=564"},"modified":"2023-04-21T21:23:13","modified_gmt":"2023-04-21T21:23:13","slug":"reparacion-cintas-vhs-mini-dv-casetes-de-audio","status":"publish","type":"product","link":"https:\/\/www.cavsi.com\/espanol\/rentas-av\/reparacion-cintas-vhs-mini-dv-casetes-de-audio\/","title":{"rendered":"Reparaci\u00f3n de cintas VHS, Mini DV o casetes de audio"},"content":{"rendered":"\n<p>We focus on video tape repairs not only DVD transfers. Our specialty is repairing broken tapes on a daily basis. We work with VHS and VHS-C. There are no hidden charges.<\/p>\n\n\n\n<h2 class=\"wp-block-heading\">VHS tape or audio cassette repair service includes:<\/h2>\n\n\n<div class=\"wp-block-image\">\n<figure class=\"alignright size-thumbnail is-resized\"><img decoding=\"async\" loading=\"lazy\" src=\"https:\/\/www.cavsi.com\/espanol\/wp-content\/uploads\/reparacioncintaVHS02-150x150.jpg\" alt=\"Reparacion de cintas de video\" class=\"wp-image-397\" width=\"113\" height=\"113\" title=\"hide-on-mobiles\" srcset=\"https:\/\/www.cavsi.com\/espanol\/wp-content\/uploads\/reparacioncintaVHS02-150x150.jpg 150w, https:\/\/www.cavsi.com\/espanol\/wp-content\/uploads\/reparacioncintaVHS02-300x300.jpg 300w\" sizes=\"auto, (max-width: 113px) 100vw, 113px\" \/><\/figure>\n<\/div>\n\n\n<ul class=\"wp-block-list\">\n<li>Repairing the broken tape.<\/li>\n\n\n\n<li>Transferring your material to another format for an additional fee.<\/li>\n\n\n\n<li>Plastic case<\/li>\n<\/ul>\n\n\n\n<h2 class=\"wp-block-heading\">Preguntas y respuestas frecuentes sobre conversiones de formato<\/h2>\n\n\n\n<div class=\"schema-faq wp-block-yoast-faq-block\"><div class=\"schema-faq-section\" id=\"faq-question-1682099037018\"><strong class=\"schema-faq-question\">\u00bfSe pueden reparar cintas de casete o VHS?<\/strong> <p class=\"schema-faq-answer\">S\u00ed puede. En su lugar, es recomendable solicitar un servicio profesional de reparaci\u00f3n de cintas.<\/p> <\/div> <div class=\"schema-faq-section\" id=\"faq-question-1682099091796\"><strong class=\"schema-faq-question\">\u00bfPor qu\u00e9 no se reproducen mis cintas VHS o casetes de audio?<\/strong> <p class=\"schema-faq-answer\">El reproductor de VHS necesita limpieza, su cinta est\u00e1 defectuosa o la velocidad de la cinta no es compatible con el reproductor. La cinta dentro de los casetes de VHS, mini DV o audio es muy delicada y puede estropearse f\u00e1cilmente, haci\u00e9ndolos imposibles de reproducir.<\/p> <\/div> <div class=\"schema-faq-section\" id=\"faq-question-1682099107615\"><strong class=\"schema-faq-question\">\u00bfQu\u00e9 puedo hacer con mis viejas cintas de audio y video?<\/strong> <p class=\"schema-faq-answer\">Si tiene alguna informaci\u00f3n personal que desea conservar, puede transferir sus viejos casetes de audio o cintas de video a un formato moderno, pero si no desea guardar su material, intente enviar sus cintas a un centro de reciclaje.<\/p> <\/div> <div class=\"schema-faq-section\" id=\"faq-question-1682099124044\"><strong class=\"schema-faq-question\">\u00bfCu\u00e1nto cuesta reparar una cinta VHS, mini DV o casete de audio?<\/strong> <p class=\"schema-faq-answer\">Reparar una cinta VHS, mini DV o casete de audio cuesta $25 por unidad.<\/p> <\/div> <div class=\"schema-faq-section\" id=\"faq-question-1682099136577\"><strong class=\"schema-faq-question\">\u00bfCu\u00e1nto cuesta transferir VHS, mini DV o cintas de casete de audio, DVD, CD o USB?<\/strong> <p class=\"schema-faq-answer\">Transferir sus cintas de video o audio caseras a otro formato cuesta entre $20 y $40 dependiendo del tipo de formato que elija.<\/p> <\/div> <\/div>\n","protected":false},"excerpt":{"rendered":"<p>Si tiene cinta rota o da\u00f1ada que necesita recuperar, deje que un profesional lo haga por usted. CAVSI puede arreglar sus cintas de audio o video por usted.. Por favor, tenga en cuenta que no podemos reparar las cintas da\u00f1adas por agua o arena. El servicio de reparaci\u00f3n de cintas VHS incluye la reparaci\u00f3n de cintas VHS rotas o casetes de audio. Podemos transferir la cinta a DVD, CD, o USB por un cargo adicional.<\/p>\n<div class=\"ms-editor-squiggler\">\u00a0<\/div>\n","protected":false},"featured_media":396,"template":"","meta":{"nf_dc_page":""},"product_brand":[],"product_cat":[262],"product_tag":[],"class_list":{"0":"post-564","1":"product","2":"type-product","3":"status-publish","4":"has-post-thumbnail","6":"product_cat-reparacion-cintas","7":"product_shipping_class-mailing","9":"first","10":"instock","11":"shipping-taxable","12":"purchasable","13":"product-type-variable","14":"has-default-attributes"},"yoast_head":"<!-- This site is optimized with the Yoast SEO plugin v26.9 - https:\/\/yoast.com\/product\/yoast-seo-wordpress\/ -->\n<title>Reparaci\u00f3n de cintas VHS, Mini DV o casetes de audio - CAVSI<\/title>\n<meta name=\"description\" content=\"Si tiene cinta rota o da\u00f1ada que necesita recuperar, deje que un profesional lo haga por usted. CAVSI puede arreglar sus cintas de audio o video por usted.\" \/>\n<meta name=\"robots\" content=\"index, follow, max-snippet:-1, max-image-preview:large, max-video-preview:-1\" \/>\n<link rel=\"canonical\" href=\"https:\/\/www.cavsi.com\/espanol\/rentas-av\/reparacion-cintas-vhs-mini-dv-casetes-de-audio\/\" \/>\n<meta property=\"og:locale\" content=\"es_ES\" \/>\n<meta property=\"og:type\" content=\"article\" \/>\n<meta property=\"og:title\" content=\"Reparaci\u00f3n de cintas VHS, Mini DV o casetes de audio - CAVSI\" \/>\n<meta property=\"og:description\" content=\"Si tiene cinta rota o da\u00f1ada que necesita recuperar, deje que un profesional lo haga por usted. CAVSI puede arreglar sus cintas de audio o video por usted.\" \/>\n<meta property=\"og:url\" content=\"https:\/\/www.cavsi.com\/espanol\/rentas-av\/reparacion-cintas-vhs-mini-dv-casetes-de-audio\/\" \/>\n<meta property=\"og:site_name\" content=\"CAVSI\" \/>\n<meta property=\"article:modified_time\" content=\"2023-04-21T21:23:13+00:00\" \/>\n<meta property=\"og:image\" content=\"https:\/\/www.cavsi.com\/espanol\/wp-content\/uploads\/reparacioncintaVHS01.jpg\" \/>\n\t<meta property=\"og:image:width\" content=\"391\" \/>\n\t<meta property=\"og:image:height\" content=\"269\" \/>\n\t<meta property=\"og:image:type\" content=\"image\/jpeg\" \/>\n<meta name=\"twitter:card\" content=\"summary_large_image\" \/>\n<meta name=\"twitter:label1\" content=\"Tiempo de lectura\" \/>\n\t<meta name=\"twitter:data1\" content=\"2 minutos\" \/>\n<script type=\"application\/ld+json\" class=\"yoast-schema-graph\">{\"@context\":\"https:\/\/schema.org\",\"@graph\":[{\"@type\":[\"WebPage\",\"FAQPage\"],\"@id\":\"https:\/\/www.cavsi.com\/espanol\/rentas-av\/reparacion-cintas-vhs-mini-dv-casetes-de-audio\/\",\"url\":\"https:\/\/www.cavsi.com\/espanol\/rentas-av\/reparacion-cintas-vhs-mini-dv-casetes-de-audio\/\",\"name\":\"Reparaci\u00f3n de cintas VHS, Mini DV o casetes de audio - CAVSI\",\"isPartOf\":{\"@id\":\"https:\/\/www.cavsi.com\/espanol\/#website\"},\"primaryImageOfPage\":{\"@id\":\"https:\/\/www.cavsi.com\/espanol\/rentas-av\/reparacion-cintas-vhs-mini-dv-casetes-de-audio\/#primaryimage\"},\"image\":{\"@id\":\"https:\/\/www.cavsi.com\/espanol\/rentas-av\/reparacion-cintas-vhs-mini-dv-casetes-de-audio\/#primaryimage\"},\"thumbnailUrl\":\"https:\/\/www.cavsi.com\/espanol\/wp-content\/uploads\/reparacioncintaVHS01.jpg\",\"datePublished\":\"2023-04-16T18:42:00+00:00\",\"dateModified\":\"2023-04-21T21:23:13+00:00\",\"description\":\"Si tiene cinta rota o da\u00f1ada que necesita recuperar, deje que un profesional lo haga por usted. CAVSI puede arreglar sus cintas de audio o video por usted.\",\"breadcrumb\":{\"@id\":\"https:\/\/www.cavsi.com\/espanol\/rentas-av\/reparacion-cintas-vhs-mini-dv-casetes-de-audio\/#breadcrumb\"},\"mainEntity\":[{\"@id\":\"https:\/\/www.cavsi.com\/espanol\/rentas-av\/reparacion-cintas-vhs-mini-dv-casetes-de-audio\/#faq-question-1682099037018\"},{\"@id\":\"https:\/\/www.cavsi.com\/espanol\/rentas-av\/reparacion-cintas-vhs-mini-dv-casetes-de-audio\/#faq-question-1682099091796\"},{\"@id\":\"https:\/\/www.cavsi.com\/espanol\/rentas-av\/reparacion-cintas-vhs-mini-dv-casetes-de-audio\/#faq-question-1682099107615\"},{\"@id\":\"https:\/\/www.cavsi.com\/espanol\/rentas-av\/reparacion-cintas-vhs-mini-dv-casetes-de-audio\/#faq-question-1682099124044\"},{\"@id\":\"https:\/\/www.cavsi.com\/espanol\/rentas-av\/reparacion-cintas-vhs-mini-dv-casetes-de-audio\/#faq-question-1682099136577\"}],\"inLanguage\":\"es\",\"potentialAction\":[{\"@type\":\"ReadAction\",\"target\":[\"https:\/\/www.cavsi.com\/espanol\/rentas-av\/reparacion-cintas-vhs-mini-dv-casetes-de-audio\/\"]}]},{\"@type\":\"ImageObject\",\"inLanguage\":\"es\",\"@id\":\"https:\/\/www.cavsi.com\/espanol\/rentas-av\/reparacion-cintas-vhs-mini-dv-casetes-de-audio\/#primaryimage\",\"url\":\"https:\/\/www.cavsi.com\/espanol\/wp-content\/uploads\/reparacioncintaVHS01.jpg\",\"contentUrl\":\"https:\/\/www.cavsi.com\/espanol\/wp-content\/uploads\/reparacioncintaVHS01.jpg\",\"width\":391,\"height\":269,\"caption\":\"Reparacion Cintas vhs\"},{\"@type\":\"BreadcrumbList\",\"@id\":\"https:\/\/www.cavsi.com\/espanol\/rentas-av\/reparacion-cintas-vhs-mini-dv-casetes-de-audio\/#breadcrumb\",\"itemListElement\":[{\"@type\":\"ListItem\",\"position\":1,\"name\":\"Alquiler de Equipos Audiovisuales\",\"item\":\"https:\/\/www.cavsi.com\/espanol\/rentas-audiovisuales\/\"},{\"@type\":\"ListItem\",\"position\":2,\"name\":\"Reparaci\u00f3n de cintas VHS, Mini DV o casetes de audio\"}]},{\"@type\":\"WebSite\",\"@id\":\"https:\/\/www.cavsi.com\/espanol\/#website\",\"url\":\"https:\/\/www.cavsi.com\/espanol\/\",\"name\":\"CAVSI\",\"description\":\"\",\"publisher\":{\"@id\":\"https:\/\/www.cavsi.com\/espanol\/#organization\"},\"potentialAction\":[{\"@type\":\"SearchAction\",\"target\":{\"@type\":\"EntryPoint\",\"urlTemplate\":\"https:\/\/www.cavsi.com\/espanol\/?s={search_term_string}\"},\"query-input\":{\"@type\":\"PropertyValueSpecification\",\"valueRequired\":true,\"valueName\":\"search_term_string\"}}],\"inLanguage\":\"es\"},{\"@type\":\"Organization\",\"@id\":\"https:\/\/www.cavsi.com\/espanol\/#organization\",\"name\":\"CAVSI\",\"url\":\"https:\/\/www.cavsi.com\/espanol\/\",\"logo\":{\"@type\":\"ImageObject\",\"inLanguage\":\"es\",\"@id\":\"https:\/\/www.cavsi.com\/espanol\/#\/schema\/logo\/image\/\",\"url\":\"https:\/\/www.cavsi.com\/espanol\/wp-content\/uploads\/cavsi-logo.png\",\"contentUrl\":\"https:\/\/www.cavsi.com\/espanol\/wp-content\/uploads\/cavsi-logo.png\",\"width\":300,\"height\":70,\"caption\":\"CAVSI\"},\"image\":{\"@id\":\"https:\/\/www.cavsi.com\/espanol\/#\/schema\/logo\/image\/\"}},{\"@type\":\"Question\",\"@id\":\"https:\/\/www.cavsi.com\/espanol\/rentas-av\/reparacion-cintas-vhs-mini-dv-casetes-de-audio\/#faq-question-1682099037018\",\"position\":1,\"url\":\"https:\/\/www.cavsi.com\/espanol\/rentas-av\/reparacion-cintas-vhs-mini-dv-casetes-de-audio\/#faq-question-1682099037018\",\"name\":\"\u00bfSe pueden reparar cintas de casete o VHS?\",\"answerCount\":1,\"acceptedAnswer\":{\"@type\":\"Answer\",\"text\":\"S\u00ed puede. En su lugar, es recomendable solicitar un servicio profesional de reparaci\u00f3n de cintas.\",\"inLanguage\":\"es\"},\"inLanguage\":\"es\"},{\"@type\":\"Question\",\"@id\":\"https:\/\/www.cavsi.com\/espanol\/rentas-av\/reparacion-cintas-vhs-mini-dv-casetes-de-audio\/#faq-question-1682099091796\",\"position\":2,\"url\":\"https:\/\/www.cavsi.com\/espanol\/rentas-av\/reparacion-cintas-vhs-mini-dv-casetes-de-audio\/#faq-question-1682099091796\",\"name\":\"\u00bfPor qu\u00e9 no se reproducen mis cintas VHS o casetes de audio?\",\"answerCount\":1,\"acceptedAnswer\":{\"@type\":\"Answer\",\"text\":\"El reproductor de VHS necesita limpieza, su cinta est\u00e1 defectuosa o la velocidad de la cinta no es compatible con el reproductor. La cinta dentro de los casetes de VHS, mini DV o audio es muy delicada y puede estropearse f\u00e1cilmente, haci\u00e9ndolos imposibles de reproducir.\",\"inLanguage\":\"es\"},\"inLanguage\":\"es\"},{\"@type\":\"Question\",\"@id\":\"https:\/\/www.cavsi.com\/espanol\/rentas-av\/reparacion-cintas-vhs-mini-dv-casetes-de-audio\/#faq-question-1682099107615\",\"position\":3,\"url\":\"https:\/\/www.cavsi.com\/espanol\/rentas-av\/reparacion-cintas-vhs-mini-dv-casetes-de-audio\/#faq-question-1682099107615\",\"name\":\"\u00bfQu\u00e9 puedo hacer con mis viejas cintas de audio y video?\",\"answerCount\":1,\"acceptedAnswer\":{\"@type\":\"Answer\",\"text\":\"Si tiene alguna informaci\u00f3n personal que desea conservar, puede transferir sus viejos casetes de audio o cintas de video a un formato moderno, pero si no desea guardar su material, intente enviar sus cintas a un centro de reciclaje.\",\"inLanguage\":\"es\"},\"inLanguage\":\"es\"},{\"@type\":\"Question\",\"@id\":\"https:\/\/www.cavsi.com\/espanol\/rentas-av\/reparacion-cintas-vhs-mini-dv-casetes-de-audio\/#faq-question-1682099124044\",\"position\":4,\"url\":\"https:\/\/www.cavsi.com\/espanol\/rentas-av\/reparacion-cintas-vhs-mini-dv-casetes-de-audio\/#faq-question-1682099124044\",\"name\":\"\u00bfCu\u00e1nto cuesta reparar una cinta VHS, mini DV o casete de audio?\",\"answerCount\":1,\"acceptedAnswer\":{\"@type\":\"Answer\",\"text\":\"Reparar una cinta VHS, mini DV o casete de audio cuesta $25 por unidad.\",\"inLanguage\":\"es\"},\"inLanguage\":\"es\"},{\"@type\":\"Question\",\"@id\":\"https:\/\/www.cavsi.com\/espanol\/rentas-av\/reparacion-cintas-vhs-mini-dv-casetes-de-audio\/#faq-question-1682099136577\",\"position\":5,\"url\":\"https:\/\/www.cavsi.com\/espanol\/rentas-av\/reparacion-cintas-vhs-mini-dv-casetes-de-audio\/#faq-question-1682099136577\",\"name\":\"\u00bfCu\u00e1nto cuesta transferir VHS, mini DV o cintas de casete de audio, DVD, CD o USB?\",\"answerCount\":1,\"acceptedAnswer\":{\"@type\":\"Answer\",\"text\":\"Transferir sus cintas de video o audio caseras a otro formato cuesta entre $20 y $40 dependiendo del tipo de formato que elija.\",\"inLanguage\":\"es\"},\"inLanguage\":\"es\"}]}<\/script>\n<!-- \/ Yoast SEO plugin. -->","yoast_head_json":{"title":"Reparaci\u00f3n de cintas VHS, Mini DV o casetes de audio - CAVSI","description":"Si tiene cinta rota o da\u00f1ada que necesita recuperar, deje que un profesional lo haga por usted. CAVSI puede arreglar sus cintas de audio o video por usted.","robots":{"index":"index","follow":"follow","max-snippet":"max-snippet:-1","max-image-preview":"max-image-preview:large","max-video-preview":"max-video-preview:-1"},"canonical":"https:\/\/www.cavsi.com\/espanol\/rentas-av\/reparacion-cintas-vhs-mini-dv-casetes-de-audio\/","og_locale":"es_ES","og_type":"article","og_title":"Reparaci\u00f3n de cintas VHS, Mini DV o casetes de audio - CAVSI","og_description":"Si tiene cinta rota o da\u00f1ada que necesita recuperar, deje que un profesional lo haga por usted. CAVSI puede arreglar sus cintas de audio o video por usted.","og_url":"https:\/\/www.cavsi.com\/espanol\/rentas-av\/reparacion-cintas-vhs-mini-dv-casetes-de-audio\/","og_site_name":"CAVSI","article_modified_time":"2023-04-21T21:23:13+00:00","og_image":[{"width":391,"height":269,"url":"https:\/\/www.cavsi.com\/espanol\/wp-content\/uploads\/reparacioncintaVHS01.jpg","type":"image\/jpeg"}],"twitter_card":"summary_large_image","twitter_misc":{"Tiempo de lectura":"2 minutos"},"schema":{"@context":"https:\/\/schema.org","@graph":[{"@type":["WebPage","FAQPage"],"@id":"https:\/\/www.cavsi.com\/espanol\/rentas-av\/reparacion-cintas-vhs-mini-dv-casetes-de-audio\/","url":"https:\/\/www.cavsi.com\/espanol\/rentas-av\/reparacion-cintas-vhs-mini-dv-casetes-de-audio\/","name":"Reparaci\u00f3n de cintas VHS, Mini DV o casetes de audio - CAVSI","isPartOf":{"@id":"https:\/\/www.cavsi.com\/espanol\/#website"},"primaryImageOfPage":{"@id":"https:\/\/www.cavsi.com\/espanol\/rentas-av\/reparacion-cintas-vhs-mini-dv-casetes-de-audio\/#primaryimage"},"image":{"@id":"https:\/\/www.cavsi.com\/espanol\/rentas-av\/reparacion-cintas-vhs-mini-dv-casetes-de-audio\/#primaryimage"},"thumbnailUrl":"https:\/\/www.cavsi.com\/espanol\/wp-content\/uploads\/reparacioncintaVHS01.jpg","datePublished":"2023-04-16T18:42:00+00:00","dateModified":"2023-04-21T21:23:13+00:00","description":"Si tiene cinta rota o da\u00f1ada que necesita recuperar, deje que un profesional lo haga por usted. CAVSI puede arreglar sus cintas de audio o video por usted.","breadcrumb":{"@id":"https:\/\/www.cavsi.com\/espanol\/rentas-av\/reparacion-cintas-vhs-mini-dv-casetes-de-audio\/#breadcrumb"},"mainEntity":[{"@id":"https:\/\/www.cavsi.com\/espanol\/rentas-av\/reparacion-cintas-vhs-mini-dv-casetes-de-audio\/#faq-question-1682099037018"},{"@id":"https:\/\/www.cavsi.com\/espanol\/rentas-av\/reparacion-cintas-vhs-mini-dv-casetes-de-audio\/#faq-question-1682099091796"},{"@id":"https:\/\/www.cavsi.com\/espanol\/rentas-av\/reparacion-cintas-vhs-mini-dv-casetes-de-audio\/#faq-question-1682099107615"},{"@id":"https:\/\/www.cavsi.com\/espanol\/rentas-av\/reparacion-cintas-vhs-mini-dv-casetes-de-audio\/#faq-question-1682099124044"},{"@id":"https:\/\/www.cavsi.com\/espanol\/rentas-av\/reparacion-cintas-vhs-mini-dv-casetes-de-audio\/#faq-question-1682099136577"}],"inLanguage":"es","potentialAction":[{"@type":"ReadAction","target":["https:\/\/www.cavsi.com\/espanol\/rentas-av\/reparacion-cintas-vhs-mini-dv-casetes-de-audio\/"]}]},{"@type":"ImageObject","inLanguage":"es","@id":"https:\/\/www.cavsi.com\/espanol\/rentas-av\/reparacion-cintas-vhs-mini-dv-casetes-de-audio\/#primaryimage","url":"https:\/\/www.cavsi.com\/espanol\/wp-content\/uploads\/reparacioncintaVHS01.jpg","contentUrl":"https:\/\/www.cavsi.com\/espanol\/wp-content\/uploads\/reparacioncintaVHS01.jpg","width":391,"height":269,"caption":"Reparacion Cintas vhs"},{"@type":"BreadcrumbList","@id":"https:\/\/www.cavsi.com\/espanol\/rentas-av\/reparacion-cintas-vhs-mini-dv-casetes-de-audio\/#breadcrumb","itemListElement":[{"@type":"ListItem","position":1,"name":"Alquiler de Equipos Audiovisuales","item":"https:\/\/www.cavsi.com\/espanol\/rentas-audiovisuales\/"},{"@type":"ListItem","position":2,"name":"Reparaci\u00f3n de cintas VHS, Mini DV o casetes de audio"}]},{"@type":"WebSite","@id":"https:\/\/www.cavsi.com\/espanol\/#website","url":"https:\/\/www.cavsi.com\/espanol\/","name":"CAVSI","description":"","publisher":{"@id":"https:\/\/www.cavsi.com\/espanol\/#organization"},"potentialAction":[{"@type":"SearchAction","target":{"@type":"EntryPoint","urlTemplate":"https:\/\/www.cavsi.com\/espanol\/?s={search_term_string}"},"query-input":{"@type":"PropertyValueSpecification","valueRequired":true,"valueName":"search_term_string"}}],"inLanguage":"es"},{"@type":"Organization","@id":"https:\/\/www.cavsi.com\/espanol\/#organization","name":"CAVSI","url":"https:\/\/www.cavsi.com\/espanol\/","logo":{"@type":"ImageObject","inLanguage":"es","@id":"https:\/\/www.cavsi.com\/espanol\/#\/schema\/logo\/image\/","url":"https:\/\/www.cavsi.com\/espanol\/wp-content\/uploads\/cavsi-logo.png","contentUrl":"https:\/\/www.cavsi.com\/espanol\/wp-content\/uploads\/cavsi-logo.png","width":300,"height":70,"caption":"CAVSI"},"image":{"@id":"https:\/\/www.cavsi.com\/espanol\/#\/schema\/logo\/image\/"}},{"@type":"Question","@id":"https:\/\/www.cavsi.com\/espanol\/rentas-av\/reparacion-cintas-vhs-mini-dv-casetes-de-audio\/#faq-question-1682099037018","position":1,"url":"https:\/\/www.cavsi.com\/espanol\/rentas-av\/reparacion-cintas-vhs-mini-dv-casetes-de-audio\/#faq-question-1682099037018","name":"\u00bfSe pueden reparar cintas de casete o VHS?","answerCount":1,"acceptedAnswer":{"@type":"Answer","text":"S\u00ed puede. En su lugar, es recomendable solicitar un servicio profesional de reparaci\u00f3n de cintas.","inLanguage":"es"},"inLanguage":"es"},{"@type":"Question","@id":"https:\/\/www.cavsi.com\/espanol\/rentas-av\/reparacion-cintas-vhs-mini-dv-casetes-de-audio\/#faq-question-1682099091796","position":2,"url":"https:\/\/www.cavsi.com\/espanol\/rentas-av\/reparacion-cintas-vhs-mini-dv-casetes-de-audio\/#faq-question-1682099091796","name":"\u00bfPor qu\u00e9 no se reproducen mis cintas VHS o casetes de audio?","answerCount":1,"acceptedAnswer":{"@type":"Answer","text":"El reproductor de VHS necesita limpieza, su cinta est\u00e1 defectuosa o la velocidad de la cinta no es compatible con el reproductor. La cinta dentro de los casetes de VHS, mini DV o audio es muy delicada y puede estropearse f\u00e1cilmente, haci\u00e9ndolos imposibles de reproducir.","inLanguage":"es"},"inLanguage":"es"},{"@type":"Question","@id":"https:\/\/www.cavsi.com\/espanol\/rentas-av\/reparacion-cintas-vhs-mini-dv-casetes-de-audio\/#faq-question-1682099107615","position":3,"url":"https:\/\/www.cavsi.com\/espanol\/rentas-av\/reparacion-cintas-vhs-mini-dv-casetes-de-audio\/#faq-question-1682099107615","name":"\u00bfQu\u00e9 puedo hacer con mis viejas cintas de audio y video?","answerCount":1,"acceptedAnswer":{"@type":"Answer","text":"Si tiene alguna informaci\u00f3n personal que desea conservar, puede transferir sus viejos casetes de audio o cintas de video a un formato moderno, pero si no desea guardar su material, intente enviar sus cintas a un centro de reciclaje.","inLanguage":"es"},"inLanguage":"es"},{"@type":"Question","@id":"https:\/\/www.cavsi.com\/espanol\/rentas-av\/reparacion-cintas-vhs-mini-dv-casetes-de-audio\/#faq-question-1682099124044","position":4,"url":"https:\/\/www.cavsi.com\/espanol\/rentas-av\/reparacion-cintas-vhs-mini-dv-casetes-de-audio\/#faq-question-1682099124044","name":"\u00bfCu\u00e1nto cuesta reparar una cinta VHS, mini DV o casete de audio?","answerCount":1,"acceptedAnswer":{"@type":"Answer","text":"Reparar una cinta VHS, mini DV o casete de audio cuesta $25 por unidad.","inLanguage":"es"},"inLanguage":"es"},{"@type":"Question","@id":"https:\/\/www.cavsi.com\/espanol\/rentas-av\/reparacion-cintas-vhs-mini-dv-casetes-de-audio\/#faq-question-1682099136577","position":5,"url":"https:\/\/www.cavsi.com\/espanol\/rentas-av\/reparacion-cintas-vhs-mini-dv-casetes-de-audio\/#faq-question-1682099136577","name":"\u00bfCu\u00e1nto cuesta transferir VHS, mini DV o cintas de casete de audio, DVD, CD o USB?","answerCount":1,"acceptedAnswer":{"@type":"Answer","text":"Transferir sus cintas de video o audio caseras a otro formato cuesta entre $20 y $40 dependiendo del tipo de formato que elija.","inLanguage":"es"},"inLanguage":"es"}]}},"_links":{"self":[{"href":"https:\/\/www.cavsi.com\/espanol\/wp-json\/wp\/v2\/product\/564","targetHints":{"allow":["GET"]}}],"collection":[{"href":"https:\/\/www.cavsi.com\/espanol\/wp-json\/wp\/v2\/product"}],"about":[{"href":"https:\/\/www.cavsi.com\/espanol\/wp-json\/wp\/v2\/types\/product"}],"wp:featuredmedia":[{"embeddable":true,"href":"https:\/\/www.cavsi.com\/espanol\/wp-json\/wp\/v2\/media\/396"}],"wp:attachment":[{"href":"https:\/\/www.cavsi.com\/espanol\/wp-json\/wp\/v2\/media?parent=564"}],"wp:term":[{"taxonomy":"product_brand","embeddable":true,"href":"https:\/\/www.cavsi.com\/espanol\/wp-json\/wp\/v2\/product_brand?post=564"},{"taxonomy":"product_cat","embeddable":true,"href":"https:\/\/www.cavsi.com\/espanol\/wp-json\/wp\/v2\/product_cat?post=564"},{"taxonomy":"product_tag","embeddable":true,"href":"https:\/\/www.cavsi.com\/espanol\/wp-json\/wp\/v2\/product_tag?post=564"}],"curies":[{"name":"wp","href":"https:\/\/api.w.org\/{rel}","templated":true}]}}