{"id":552,"date":"2023-02-16T18:28:12","date_gmt":"2023-02-16T18:28:12","guid":{"rendered":"https:\/\/www.cavsi.com\/espanol\/?post_type=product&#038;p=552"},"modified":"2023-05-18T12:58:56","modified_gmt":"2023-05-18T12:58:56","slug":"transferir-cintas-audio-video-a-dvd-cd-usb-formato-digital","status":"publish","type":"product","link":"https:\/\/www.cavsi.com\/espanol\/rentas-av\/transferir-cintas-audio-video-a-dvd-cd-usb-formato-digital\/","title":{"rendered":"Transferir cintas de audio o video a DVD, CD, USB o formato digital"},"content":{"rendered":"\n<p>Puede transferir o duplicar su material personal que haya grabado o grabado en video. Esto incluye videos caseros, videos de bodas, eventos especiales de sus hijos, cumplea\u00f1os, graduaciones o momentos destacados de las vacaciones. En general, no debe hacer una copia de material protegido por derechos de autor.<\/p>\n\n\n\n<p>La mejor opci\u00f3n disponible hoy en d\u00eda es convertir tus cintas VHS o casetes de audio en un&nbsp;archivo digital almacenado en una unidad flash o en un disco duro externo. Este formato le permite reproducir pel\u00edculas f\u00e1cilmente en su televisor o computadora.<\/p>\n\n\n\n<p>Trabajamos con VHS, MiniDV, VHS-C, S-VHS, Hi-8, Digital 8 y 8 mm y casetes de audio y podemos hacer una copia a DVD, CD o USB.<\/p>\n\n\n\n<h2 class=\"wp-block-heading\">Preguntas y respuestas frecuentes sobre conversions de formato<\/h2>\n\n\n\n<div class=\"schema-faq wp-block-yoast-faq-block\"><div class=\"schema-faq-section\" id=\"faq-question-1682097171433\"><strong class=\"schema-faq-question\">\u00bfCu\u00e1nto cuesta transferir un VHS a DVD o USB?<\/strong> <p class=\"schema-faq-answer\">El costo de conversi\u00f3n profesional de cintas VHS a DVD o archivos digitales es de $20 por unidad.<\/p> <\/div> <div class=\"schema-faq-section\" id=\"faq-question-1682097205484\"><strong class=\"schema-faq-question\">\u00bfCu\u00e1nto cuesta transferir un casete de audio a CD o USB?<\/strong> <p class=\"schema-faq-answer\">Transferir un casete de audio a USB cuesta $20 por unidad.<\/p> <\/div> <div class=\"schema-faq-section\" id=\"faq-question-1682097228232\"><strong class=\"schema-faq-question\">\u00bfCu\u00e1nto cuesta convertir VHS Mini DV H8 a formato digital?<\/strong> <p class=\"schema-faq-answer\">Puede convertir sus videos caseros a un formato digital, como un archivo de video MP4. Esto cuesta $ 40 por hora.<\/p> <\/div> <div class=\"schema-faq-section\" id=\"faq-question-1682097245467\"><strong class=\"schema-faq-question\">\u00bfCu\u00e1nto tiempo lleva convertir sus cintas VHS o casetes de audio a otro formato?<\/strong> <p class=\"schema-faq-answer\">El proceso de conversi\u00f3n de formato suele tardar cinco d\u00edas h\u00e1biles despu\u00e9s de que recibimos el material.<\/p> <\/div> <\/div>\n","protected":false},"excerpt":{"rendered":"<p>VHS a DVD. Nosotros podemos transferir sus cintas VHS o casetes de audio a DVD, CD, USB o formato digital y conserve sus recuerdos a lo largo del tiempo. Trabajamos con VHS, MiniDV, VHS-C, S-VHS, Hi-8, Digital 8, 8 mm y casetes de audio. Este servicio incluye el material en el formato solicitado (VHS, CD, DVD, etc.) dentro de una caja de pl\u00e1stico.<\/p>\n","protected":false},"featured_media":235,"template":"","meta":{"nf_dc_page":""},"product_brand":[],"product_cat":[261],"product_tag":[],"class_list":{"0":"post-552","1":"product","2":"type-product","3":"status-publish","4":"has-post-thumbnail","6":"product_cat-conversion-de-formato","7":"product_shipping_class-mailing","9":"first","10":"instock","11":"shipping-taxable","12":"purchasable","13":"product-type-variable","14":"has-default-attributes"},"yoast_head":"<!-- This site is optimized with the Yoast SEO plugin v26.9 - https:\/\/yoast.com\/product\/yoast-seo-wordpress\/ -->\n<title>Transferir cintas de audio o video a DVD, CD, USB o formato digital - CAVSI<\/title>\n<meta name=\"description\" content=\"Transfiera sus cintas VHS o casetes de audio a DVD, USB, CD o formato digital y conserve sus recuerdos a lo largo del tiempo. PAL, SECAM y NTSC.\" \/>\n<meta name=\"robots\" content=\"index, follow, max-snippet:-1, max-image-preview:large, max-video-preview:-1\" \/>\n<link rel=\"canonical\" href=\"https:\/\/www.cavsi.com\/espanol\/rentas-av\/transferir-cintas-audio-video-a-dvd-cd-usb-formato-digital\/\" \/>\n<meta property=\"og:locale\" content=\"es_ES\" \/>\n<meta property=\"og:type\" content=\"article\" \/>\n<meta property=\"og:title\" content=\"Transferir cintas de audio o video a DVD, CD, USB o formato digital - CAVSI\" \/>\n<meta property=\"og:description\" content=\"Transfiera sus cintas VHS o casetes de audio a DVD, USB, CD o formato digital y conserve sus recuerdos a lo largo del tiempo. PAL, SECAM y NTSC.\" \/>\n<meta property=\"og:url\" content=\"https:\/\/www.cavsi.com\/espanol\/rentas-av\/transferir-cintas-audio-video-a-dvd-cd-usb-formato-digital\/\" \/>\n<meta property=\"og:site_name\" content=\"CAVSI\" \/>\n<meta property=\"article:modified_time\" content=\"2023-05-18T12:58:56+00:00\" \/>\n<meta property=\"og:image\" content=\"https:\/\/www.cavsi.com\/espanol\/wp-content\/uploads\/DuplicacionConversionFormatosCopiaDVD_01-jpg.webp\" \/>\n\t<meta property=\"og:image:width\" content=\"417\" \/>\n\t<meta property=\"og:image:height\" content=\"225\" \/>\n\t<meta property=\"og:image:type\" content=\"image\/jpeg\" \/>\n<meta name=\"twitter:card\" content=\"summary_large_image\" \/>\n<meta name=\"twitter:label1\" content=\"Tiempo de lectura\" \/>\n\t<meta name=\"twitter:data1\" content=\"2 minutos\" \/>\n<script type=\"application\/ld+json\" class=\"yoast-schema-graph\">{\"@context\":\"https:\/\/schema.org\",\"@graph\":[{\"@type\":[\"WebPage\",\"FAQPage\"],\"@id\":\"https:\/\/www.cavsi.com\/espanol\/rentas-av\/transferir-cintas-audio-video-a-dvd-cd-usb-formato-digital\/\",\"url\":\"https:\/\/www.cavsi.com\/espanol\/rentas-av\/transferir-cintas-audio-video-a-dvd-cd-usb-formato-digital\/\",\"name\":\"Transferir cintas de audio o video a DVD, CD, USB o formato digital - CAVSI\",\"isPartOf\":{\"@id\":\"https:\/\/www.cavsi.com\/espanol\/#website\"},\"primaryImageOfPage\":{\"@id\":\"https:\/\/www.cavsi.com\/espanol\/rentas-av\/transferir-cintas-audio-video-a-dvd-cd-usb-formato-digital\/#primaryimage\"},\"image\":{\"@id\":\"https:\/\/www.cavsi.com\/espanol\/rentas-av\/transferir-cintas-audio-video-a-dvd-cd-usb-formato-digital\/#primaryimage\"},\"thumbnailUrl\":\"https:\/\/www.cavsi.com\/espanol\/wp-content\/uploads\/DuplicacionConversionFormatosCopiaDVD_01-jpg.webp\",\"datePublished\":\"2023-02-16T18:28:12+00:00\",\"dateModified\":\"2023-05-18T12:58:56+00:00\",\"description\":\"Transfiera sus cintas VHS o casetes de audio a DVD, USB, CD o formato digital y conserve sus recuerdos a lo largo del tiempo. PAL, SECAM y NTSC.\",\"breadcrumb\":{\"@id\":\"https:\/\/www.cavsi.com\/espanol\/rentas-av\/transferir-cintas-audio-video-a-dvd-cd-usb-formato-digital\/#breadcrumb\"},\"mainEntity\":[{\"@id\":\"https:\/\/www.cavsi.com\/espanol\/rentas-av\/transferir-cintas-audio-video-a-dvd-cd-usb-formato-digital\/#faq-question-1682097171433\"},{\"@id\":\"https:\/\/www.cavsi.com\/espanol\/rentas-av\/transferir-cintas-audio-video-a-dvd-cd-usb-formato-digital\/#faq-question-1682097205484\"},{\"@id\":\"https:\/\/www.cavsi.com\/espanol\/rentas-av\/transferir-cintas-audio-video-a-dvd-cd-usb-formato-digital\/#faq-question-1682097228232\"},{\"@id\":\"https:\/\/www.cavsi.com\/espanol\/rentas-av\/transferir-cintas-audio-video-a-dvd-cd-usb-formato-digital\/#faq-question-1682097245467\"}],\"inLanguage\":\"es\",\"potentialAction\":[{\"@type\":\"ReadAction\",\"target\":[\"https:\/\/www.cavsi.com\/espanol\/rentas-av\/transferir-cintas-audio-video-a-dvd-cd-usb-formato-digital\/\"]}]},{\"@type\":\"ImageObject\",\"inLanguage\":\"es\",\"@id\":\"https:\/\/www.cavsi.com\/espanol\/rentas-av\/transferir-cintas-audio-video-a-dvd-cd-usb-formato-digital\/#primaryimage\",\"url\":\"https:\/\/www.cavsi.com\/espanol\/wp-content\/uploads\/DuplicacionConversionFormatosCopiaDVD_01-jpg.webp\",\"contentUrl\":\"https:\/\/www.cavsi.com\/espanol\/wp-content\/uploads\/DuplicacionConversionFormatosCopiaDVD_01-jpg.webp\",\"width\":417,\"height\":225,\"caption\":\"VHS to DVD Format Conversion\"},{\"@type\":\"BreadcrumbList\",\"@id\":\"https:\/\/www.cavsi.com\/espanol\/rentas-av\/transferir-cintas-audio-video-a-dvd-cd-usb-formato-digital\/#breadcrumb\",\"itemListElement\":[{\"@type\":\"ListItem\",\"position\":1,\"name\":\"Alquiler de Equipos Audiovisuales\",\"item\":\"https:\/\/www.cavsi.com\/espanol\/rentas-audiovisuales\/\"},{\"@type\":\"ListItem\",\"position\":2,\"name\":\"Transferir cintas de audio o video a DVD, CD, USB o formato digital\"}]},{\"@type\":\"WebSite\",\"@id\":\"https:\/\/www.cavsi.com\/espanol\/#website\",\"url\":\"https:\/\/www.cavsi.com\/espanol\/\",\"name\":\"CAVSI\",\"description\":\"\",\"publisher\":{\"@id\":\"https:\/\/www.cavsi.com\/espanol\/#organization\"},\"potentialAction\":[{\"@type\":\"SearchAction\",\"target\":{\"@type\":\"EntryPoint\",\"urlTemplate\":\"https:\/\/www.cavsi.com\/espanol\/?s={search_term_string}\"},\"query-input\":{\"@type\":\"PropertyValueSpecification\",\"valueRequired\":true,\"valueName\":\"search_term_string\"}}],\"inLanguage\":\"es\"},{\"@type\":\"Organization\",\"@id\":\"https:\/\/www.cavsi.com\/espanol\/#organization\",\"name\":\"CAVSI\",\"url\":\"https:\/\/www.cavsi.com\/espanol\/\",\"logo\":{\"@type\":\"ImageObject\",\"inLanguage\":\"es\",\"@id\":\"https:\/\/www.cavsi.com\/espanol\/#\/schema\/logo\/image\/\",\"url\":\"https:\/\/www.cavsi.com\/espanol\/wp-content\/uploads\/cavsi-logo.png\",\"contentUrl\":\"https:\/\/www.cavsi.com\/espanol\/wp-content\/uploads\/cavsi-logo.png\",\"width\":300,\"height\":70,\"caption\":\"CAVSI\"},\"image\":{\"@id\":\"https:\/\/www.cavsi.com\/espanol\/#\/schema\/logo\/image\/\"}},{\"@type\":\"Question\",\"@id\":\"https:\/\/www.cavsi.com\/espanol\/rentas-av\/transferir-cintas-audio-video-a-dvd-cd-usb-formato-digital\/#faq-question-1682097171433\",\"position\":1,\"url\":\"https:\/\/www.cavsi.com\/espanol\/rentas-av\/transferir-cintas-audio-video-a-dvd-cd-usb-formato-digital\/#faq-question-1682097171433\",\"name\":\"\u00bfCu\u00e1nto cuesta transferir un VHS a DVD o USB?\",\"answerCount\":1,\"acceptedAnswer\":{\"@type\":\"Answer\",\"text\":\"El costo de conversi\u00f3n profesional de cintas VHS a DVD o archivos digitales es de $20 por unidad.\",\"inLanguage\":\"es\"},\"inLanguage\":\"es\"},{\"@type\":\"Question\",\"@id\":\"https:\/\/www.cavsi.com\/espanol\/rentas-av\/transferir-cintas-audio-video-a-dvd-cd-usb-formato-digital\/#faq-question-1682097205484\",\"position\":2,\"url\":\"https:\/\/www.cavsi.com\/espanol\/rentas-av\/transferir-cintas-audio-video-a-dvd-cd-usb-formato-digital\/#faq-question-1682097205484\",\"name\":\"\u00bfCu\u00e1nto cuesta transferir un casete de audio a CD o USB?\",\"answerCount\":1,\"acceptedAnswer\":{\"@type\":\"Answer\",\"text\":\"Transferir un casete de audio a USB cuesta $20 por unidad.\",\"inLanguage\":\"es\"},\"inLanguage\":\"es\"},{\"@type\":\"Question\",\"@id\":\"https:\/\/www.cavsi.com\/espanol\/rentas-av\/transferir-cintas-audio-video-a-dvd-cd-usb-formato-digital\/#faq-question-1682097228232\",\"position\":3,\"url\":\"https:\/\/www.cavsi.com\/espanol\/rentas-av\/transferir-cintas-audio-video-a-dvd-cd-usb-formato-digital\/#faq-question-1682097228232\",\"name\":\"\u00bfCu\u00e1nto cuesta convertir VHS Mini DV H8 a formato digital?\",\"answerCount\":1,\"acceptedAnswer\":{\"@type\":\"Answer\",\"text\":\"Puede convertir sus videos caseros a un formato digital, como un archivo de video MP4. Esto cuesta $ 40 por hora.\",\"inLanguage\":\"es\"},\"inLanguage\":\"es\"},{\"@type\":\"Question\",\"@id\":\"https:\/\/www.cavsi.com\/espanol\/rentas-av\/transferir-cintas-audio-video-a-dvd-cd-usb-formato-digital\/#faq-question-1682097245467\",\"position\":4,\"url\":\"https:\/\/www.cavsi.com\/espanol\/rentas-av\/transferir-cintas-audio-video-a-dvd-cd-usb-formato-digital\/#faq-question-1682097245467\",\"name\":\"\u00bfCu\u00e1nto tiempo lleva convertir sus cintas VHS o casetes de audio a otro formato?\",\"answerCount\":1,\"acceptedAnswer\":{\"@type\":\"Answer\",\"text\":\"El proceso de conversi\u00f3n de formato suele tardar cinco d\u00edas h\u00e1biles despu\u00e9s de que recibimos el material.\",\"inLanguage\":\"es\"},\"inLanguage\":\"es\"}]}<\/script>\n<!-- \/ Yoast SEO plugin. -->","yoast_head_json":{"title":"Transferir cintas de audio o video a DVD, CD, USB o formato digital - CAVSI","description":"Transfiera sus cintas VHS o casetes de audio a DVD, USB, CD o formato digital y conserve sus recuerdos a lo largo del tiempo. PAL, SECAM y NTSC.","robots":{"index":"index","follow":"follow","max-snippet":"max-snippet:-1","max-image-preview":"max-image-preview:large","max-video-preview":"max-video-preview:-1"},"canonical":"https:\/\/www.cavsi.com\/espanol\/rentas-av\/transferir-cintas-audio-video-a-dvd-cd-usb-formato-digital\/","og_locale":"es_ES","og_type":"article","og_title":"Transferir cintas de audio o video a DVD, CD, USB o formato digital - CAVSI","og_description":"Transfiera sus cintas VHS o casetes de audio a DVD, USB, CD o formato digital y conserve sus recuerdos a lo largo del tiempo. PAL, SECAM y NTSC.","og_url":"https:\/\/www.cavsi.com\/espanol\/rentas-av\/transferir-cintas-audio-video-a-dvd-cd-usb-formato-digital\/","og_site_name":"CAVSI","article_modified_time":"2023-05-18T12:58:56+00:00","og_image":[{"width":417,"height":225,"url":"https:\/\/www.cavsi.com\/espanol\/wp-content\/uploads\/DuplicacionConversionFormatosCopiaDVD_01-jpg.webp","type":"image\/jpeg"}],"twitter_card":"summary_large_image","twitter_misc":{"Tiempo de lectura":"2 minutos"},"schema":{"@context":"https:\/\/schema.org","@graph":[{"@type":["WebPage","FAQPage"],"@id":"https:\/\/www.cavsi.com\/espanol\/rentas-av\/transferir-cintas-audio-video-a-dvd-cd-usb-formato-digital\/","url":"https:\/\/www.cavsi.com\/espanol\/rentas-av\/transferir-cintas-audio-video-a-dvd-cd-usb-formato-digital\/","name":"Transferir cintas de audio o video a DVD, CD, USB o formato digital - CAVSI","isPartOf":{"@id":"https:\/\/www.cavsi.com\/espanol\/#website"},"primaryImageOfPage":{"@id":"https:\/\/www.cavsi.com\/espanol\/rentas-av\/transferir-cintas-audio-video-a-dvd-cd-usb-formato-digital\/#primaryimage"},"image":{"@id":"https:\/\/www.cavsi.com\/espanol\/rentas-av\/transferir-cintas-audio-video-a-dvd-cd-usb-formato-digital\/#primaryimage"},"thumbnailUrl":"https:\/\/www.cavsi.com\/espanol\/wp-content\/uploads\/DuplicacionConversionFormatosCopiaDVD_01-jpg.webp","datePublished":"2023-02-16T18:28:12+00:00","dateModified":"2023-05-18T12:58:56+00:00","description":"Transfiera sus cintas VHS o casetes de audio a DVD, USB, CD o formato digital y conserve sus recuerdos a lo largo del tiempo. PAL, SECAM y NTSC.","breadcrumb":{"@id":"https:\/\/www.cavsi.com\/espanol\/rentas-av\/transferir-cintas-audio-video-a-dvd-cd-usb-formato-digital\/#breadcrumb"},"mainEntity":[{"@id":"https:\/\/www.cavsi.com\/espanol\/rentas-av\/transferir-cintas-audio-video-a-dvd-cd-usb-formato-digital\/#faq-question-1682097171433"},{"@id":"https:\/\/www.cavsi.com\/espanol\/rentas-av\/transferir-cintas-audio-video-a-dvd-cd-usb-formato-digital\/#faq-question-1682097205484"},{"@id":"https:\/\/www.cavsi.com\/espanol\/rentas-av\/transferir-cintas-audio-video-a-dvd-cd-usb-formato-digital\/#faq-question-1682097228232"},{"@id":"https:\/\/www.cavsi.com\/espanol\/rentas-av\/transferir-cintas-audio-video-a-dvd-cd-usb-formato-digital\/#faq-question-1682097245467"}],"inLanguage":"es","potentialAction":[{"@type":"ReadAction","target":["https:\/\/www.cavsi.com\/espanol\/rentas-av\/transferir-cintas-audio-video-a-dvd-cd-usb-formato-digital\/"]}]},{"@type":"ImageObject","inLanguage":"es","@id":"https:\/\/www.cavsi.com\/espanol\/rentas-av\/transferir-cintas-audio-video-a-dvd-cd-usb-formato-digital\/#primaryimage","url":"https:\/\/www.cavsi.com\/espanol\/wp-content\/uploads\/DuplicacionConversionFormatosCopiaDVD_01-jpg.webp","contentUrl":"https:\/\/www.cavsi.com\/espanol\/wp-content\/uploads\/DuplicacionConversionFormatosCopiaDVD_01-jpg.webp","width":417,"height":225,"caption":"VHS to DVD Format Conversion"},{"@type":"BreadcrumbList","@id":"https:\/\/www.cavsi.com\/espanol\/rentas-av\/transferir-cintas-audio-video-a-dvd-cd-usb-formato-digital\/#breadcrumb","itemListElement":[{"@type":"ListItem","position":1,"name":"Alquiler de Equipos Audiovisuales","item":"https:\/\/www.cavsi.com\/espanol\/rentas-audiovisuales\/"},{"@type":"ListItem","position":2,"name":"Transferir cintas de audio o video a DVD, CD, USB o formato digital"}]},{"@type":"WebSite","@id":"https:\/\/www.cavsi.com\/espanol\/#website","url":"https:\/\/www.cavsi.com\/espanol\/","name":"CAVSI","description":"","publisher":{"@id":"https:\/\/www.cavsi.com\/espanol\/#organization"},"potentialAction":[{"@type":"SearchAction","target":{"@type":"EntryPoint","urlTemplate":"https:\/\/www.cavsi.com\/espanol\/?s={search_term_string}"},"query-input":{"@type":"PropertyValueSpecification","valueRequired":true,"valueName":"search_term_string"}}],"inLanguage":"es"},{"@type":"Organization","@id":"https:\/\/www.cavsi.com\/espanol\/#organization","name":"CAVSI","url":"https:\/\/www.cavsi.com\/espanol\/","logo":{"@type":"ImageObject","inLanguage":"es","@id":"https:\/\/www.cavsi.com\/espanol\/#\/schema\/logo\/image\/","url":"https:\/\/www.cavsi.com\/espanol\/wp-content\/uploads\/cavsi-logo.png","contentUrl":"https:\/\/www.cavsi.com\/espanol\/wp-content\/uploads\/cavsi-logo.png","width":300,"height":70,"caption":"CAVSI"},"image":{"@id":"https:\/\/www.cavsi.com\/espanol\/#\/schema\/logo\/image\/"}},{"@type":"Question","@id":"https:\/\/www.cavsi.com\/espanol\/rentas-av\/transferir-cintas-audio-video-a-dvd-cd-usb-formato-digital\/#faq-question-1682097171433","position":1,"url":"https:\/\/www.cavsi.com\/espanol\/rentas-av\/transferir-cintas-audio-video-a-dvd-cd-usb-formato-digital\/#faq-question-1682097171433","name":"\u00bfCu\u00e1nto cuesta transferir un VHS a DVD o USB?","answerCount":1,"acceptedAnswer":{"@type":"Answer","text":"El costo de conversi\u00f3n profesional de cintas VHS a DVD o archivos digitales es de $20 por unidad.","inLanguage":"es"},"inLanguage":"es"},{"@type":"Question","@id":"https:\/\/www.cavsi.com\/espanol\/rentas-av\/transferir-cintas-audio-video-a-dvd-cd-usb-formato-digital\/#faq-question-1682097205484","position":2,"url":"https:\/\/www.cavsi.com\/espanol\/rentas-av\/transferir-cintas-audio-video-a-dvd-cd-usb-formato-digital\/#faq-question-1682097205484","name":"\u00bfCu\u00e1nto cuesta transferir un casete de audio a CD o USB?","answerCount":1,"acceptedAnswer":{"@type":"Answer","text":"Transferir un casete de audio a USB cuesta $20 por unidad.","inLanguage":"es"},"inLanguage":"es"},{"@type":"Question","@id":"https:\/\/www.cavsi.com\/espanol\/rentas-av\/transferir-cintas-audio-video-a-dvd-cd-usb-formato-digital\/#faq-question-1682097228232","position":3,"url":"https:\/\/www.cavsi.com\/espanol\/rentas-av\/transferir-cintas-audio-video-a-dvd-cd-usb-formato-digital\/#faq-question-1682097228232","name":"\u00bfCu\u00e1nto cuesta convertir VHS Mini DV H8 a formato digital?","answerCount":1,"acceptedAnswer":{"@type":"Answer","text":"Puede convertir sus videos caseros a un formato digital, como un archivo de video MP4. Esto cuesta $ 40 por hora.","inLanguage":"es"},"inLanguage":"es"},{"@type":"Question","@id":"https:\/\/www.cavsi.com\/espanol\/rentas-av\/transferir-cintas-audio-video-a-dvd-cd-usb-formato-digital\/#faq-question-1682097245467","position":4,"url":"https:\/\/www.cavsi.com\/espanol\/rentas-av\/transferir-cintas-audio-video-a-dvd-cd-usb-formato-digital\/#faq-question-1682097245467","name":"\u00bfCu\u00e1nto tiempo lleva convertir sus cintas VHS o casetes de audio a otro formato?","answerCount":1,"acceptedAnswer":{"@type":"Answer","text":"El proceso de conversi\u00f3n de formato suele tardar cinco d\u00edas h\u00e1biles despu\u00e9s de que recibimos el material.","inLanguage":"es"},"inLanguage":"es"}]}},"_links":{"self":[{"href":"https:\/\/www.cavsi.com\/espanol\/wp-json\/wp\/v2\/product\/552","targetHints":{"allow":["GET"]}}],"collection":[{"href":"https:\/\/www.cavsi.com\/espanol\/wp-json\/wp\/v2\/product"}],"about":[{"href":"https:\/\/www.cavsi.com\/espanol\/wp-json\/wp\/v2\/types\/product"}],"wp:featuredmedia":[{"embeddable":true,"href":"https:\/\/www.cavsi.com\/espanol\/wp-json\/wp\/v2\/media\/235"}],"wp:attachment":[{"href":"https:\/\/www.cavsi.com\/espanol\/wp-json\/wp\/v2\/media?parent=552"}],"wp:term":[{"taxonomy":"product_brand","embeddable":true,"href":"https:\/\/www.cavsi.com\/espanol\/wp-json\/wp\/v2\/product_brand?post=552"},{"taxonomy":"product_cat","embeddable":true,"href":"https:\/\/www.cavsi.com\/espanol\/wp-json\/wp\/v2\/product_cat?post=552"},{"taxonomy":"product_tag","embeddable":true,"href":"https:\/\/www.cavsi.com\/espanol\/wp-json\/wp\/v2\/product_tag?post=552"}],"curies":[{"name":"wp","href":"https:\/\/api.w.org\/{rel}","templated":true}]}}