{"id":538,"date":"2023-02-16T18:03:45","date_gmt":"2023-02-16T18:03:45","guid":{"rendered":"https:\/\/www.cavsi.com\/espanol\/?post_type=product&#038;p=538"},"modified":"2023-04-24T18:14:12","modified_gmt":"2023-04-24T18:14:12","slug":"alquiler-proyector-video","status":"publish","type":"product","link":"https:\/\/www.cavsi.com\/espanol\/rentas-av\/alquiler-proyector-video\/","title":{"rendered":"Alquiler de Proyector de Video"},"content":{"rendered":"\n<p>\u00bfEst\u00e1 planeando una conferencia, reuni\u00f3n, seminario de capacitaci\u00f3n o evento especial y no sabe <strong>d\u00f3nde alquilar un proyector<\/strong>? \u00a1No busques m\u00e1s! CAVSI ofrece&nbsp;<strong>alquiler de proyectores<\/strong>&nbsp;ideales para mostrar presentaciones de diapositivas de PowerPoint y presentaciones de video.<\/p>\n\n\n<div class=\"wp-block-image\">\n<figure class=\"aligncenter\"><a href=\"https:\/\/www.cavsi.com\/espanol\/servicios\/alquiler-paquetes-audiovisuales\/\"><img decoding=\"async\" width=\"600\" height=\"166\" loading=\"lazy\" src=\"https:\/\/www.cavsi.com\/espanol\/wp-content\/uploads\/AlquilerProyectorMiami_05-600x166.jpg\" alt=\"Conference packages, av rentals\" class=\"wp-image-361\" srcset=\"https:\/\/www.cavsi.com\/espanol\/wp-content\/uploads\/AlquilerProyectorMiami_05-600x166.jpg 600w, https:\/\/www.cavsi.com\/espanol\/wp-content\/uploads\/AlquilerProyectorMiami_05.jpg 650w\" sizes=\"auto, (max-width: 600px) 100vw, 600px\" \/><\/a><\/figure>\n<\/div>\n\n\n<h2 class=\"wp-block-heading\">Selecci\u00f3n del equipo de alquiler de proyectores de v\u00eddeo adecuado<\/h2>\n\n\n<div class=\"wp-block-image\">\n<figure class=\"alignleft\"><img decoding=\"async\" width=\"397\" height=\"390\" loading=\"lazy\" src=\"https:\/\/www.cavsi.com\/espanol\/wp-content\/uploads\/AlquilerProyectorVideo_04.jpg\" alt=\"Mejor alquiler de proyectores empresa, proyector de PowerPoint, proyector de computadora, proyector de bajo costo\" class=\"wp-image-418\"\/><\/figure>\n<\/div>\n\n\n<p>Una consideraci\u00f3n importante antes de <strong>alquilar equipos de presentaci\u00f3n<\/strong> ser\u00e1n los factores externos. La luz ambiental en la&nbsp;<strong>pantalla de proyecci\u00f3n<\/strong>&nbsp;o la superficie afectar\u00e1 la forma en que se ve la imagen.<\/p>\n\n\n\n<p>Si planea hacer una presentaci\u00f3n de PowerPoint en un lugar oscuro, como una habitaci\u00f3n sin ventanas o cualquier lugar donde pueda controlar la iluminaci\u00f3n cerrando puertas, ventanas o cortinas, un <strong>proyector de 3000 l\u00famenes&lt;\/strong &gt;&nbsp;es apropiado.<\/strong><\/p>\n\n\n\n<p>Sin embargo, si la presentaci\u00f3n se llevar\u00e1 a cabo para m\u00e1s de 50 personas, donde las luces no se pueden controlar por completo, un <strong>proyector de 4000 l\u00famenes<\/strong> puede ser un <strong>equipo<\/strong> adecuado. Tambi\u00e9n puede elegir un proyector de 4000 l\u00famenes para mostrar pel\u00edculas o tener las luces encendidas durante la presentaci\u00f3n.<\/p>\n\n\n<div class=\"wp-block-image\">\n<figure class=\"aligncenter\"><img data-dominant-color=\"554236\" data-has-transparency=\"false\" style=\"--dominant-color: #554236;\" decoding=\"async\" loading=\"lazy\" src=\"https:\/\/www.cavsi.com\/espanol\/wp-content\/uploads\/AlquilerAudioVisualesKaraoke-Miami-Broward-Palm-Beach_02.jpg\" alt=\"Video projector rental\" class=\"not-transparent wp-image-177\"\/><\/figure>\n<\/div>\n\n\n<p>CAVSI ofrece <strong>proyectores para computadora de 3000 y 4000 l\u00famenes<\/strong>. Podemos trabajar contigo para asegurarnos de que selecciones el&nbsp;<strong>proyector<\/strong> adecuado. Nuestra amplia variedad de equipos cumplir\u00e1 con sus requerimientos. Podemos proporcionarle el alquiler de un proyector en Miami-Dade, Broward y Palm Beach.<br><\/p>\n\n\n\n<h2 class=\"wp-block-heading\">Preguntas y respuestas frecuentes sobre el alquiler de proyectores de video<\/h2>\n\n\n\n<div class=\"schema-faq wp-block-yoast-faq-block\"><div class=\"schema-faq-section\" id=\"faq-question-1681677318265\"><strong class=\"schema-faq-question\">\u00bfCu\u00e1nto cuesta alquilar un proyector?<\/strong> <p class=\"schema-faq-answer\">Todo depende de cu\u00e1ntos d\u00edas necesite el proyector. Ofrecemos alquiler de proyectores a partir de $89. Su costo final depende de cu\u00e1nto tiempo alquile y del tipo de proyector que necesite.<\/p> <\/div> <div class=\"schema-faq-section\" id=\"faq-question-1681677325679\"><strong class=\"schema-faq-question\">\u00bfC\u00f3mo reservo equipos o servicios audiovisuales con ustedes?<\/strong> <p class=\"schema-faq-answer\">Si est\u00e1 interesado en alquilar equipos de audio y video, comun\u00edquese con nosotros para verificar la disponibilidad del equipo. Ll\u00e1menos al (786)220-1752 o escr\u00edbanos usando el formulario cont\u00e1ctenos.<br\/>Los pagos se pueden realizar a trav\u00e9s de nuestro sitio web, utilizando el sistema seguro de PayPal, solo debe:<br\/>&#8211; Selecciona el equipo o paquete que necesitas.<br\/>&#8211; Seleccione el n\u00famero de d\u00edas de alquiler.<br\/>&#8211; Seleccione el equipo que desea alquilar.<br\/>&#8211; Haz clic en &#8220;A\u00f1adir al coche&#8221;.<br\/>&#8211; Una vez que termine de seleccionar el equipo, puede hacer clic en &#8220;Ver carrito&#8221; o &#8220;Pagar&#8221;. En la ventana de Pagar, deber\u00e1s ingresar informaci\u00f3n sobre tu evento: Nombre y n\u00famero de tel\u00e9fono del contacto, as\u00ed como la fecha, hora, y lugar donde se realizar\u00e1 el evento.<br\/>&#8211; Haga clic en &#8220;PayPal&#8221; para pagar con tarjeta de cr\u00e9dito. Una nueva ventana se abrir\u00e1. Si tiene una cuenta de PayPal, use su nombre de usuario y contrase\u00f1a para iniciar sesi\u00f3n. Si no tiene una cuenta, seleccione &#8220;Pagar con una tarjeta de d\u00e9bito o cr\u00e9dito, o Facturarme m\u00e1s tarde&#8221;<br\/>Introducir informaci\u00f3n sobre la forma de pago y seguir las instrucciones.<br\/>&#8211; Una vez realizado tu pago recibir\u00e1s confirmaci\u00f3n por parte de PayPal, y unas horas despu\u00e9s te enviaremos un correo electr\u00f3nico con la confirmaci\u00f3n de tu reserva de evento.<br\/><br\/>Si tiene alguna pregunta, ll\u00e1menos, estaremos encantados de hablar sobre nuestras pol\u00edticas de alquiler. La entrega, la recogida y la configuraci\u00f3n est\u00e1n disponibles por un cargo adicional.<\/p> <\/div> <div class=\"schema-faq-section\" id=\"faq-question-1681677326549\"><strong class=\"schema-faq-question\">\u00bfCon qu\u00e9 lugares trabajan?<\/strong> <p class=\"schema-faq-answer\">Trabajamos en hoteles, restaurantes, salones de convenciones, oficinas corporativas y ferias comerciales en todo el pa\u00eds.<\/p> <\/div> <div class=\"schema-faq-section\" id=\"faq-question-1681677327718\"><strong class=\"schema-faq-question\">\u00bfC\u00f3mo recojo y dejo el proyector de video?<\/strong> <p class=\"schema-faq-answer\">Le entregaremos el proyector de video y cualquier otro equipo que haya solicitado al menos una hora antes de que comience el evento. Configuramos todos los dispositivos y los recogimos despu\u00e9s del evento.<\/p> <\/div> <\/div>\n\n\n\n<div class=\"services\">\n<h3>Renta de Proyectores<\/h3>\n<ul>\n<li>La mejor presentaci\u00f3n en video por computadora<\/li>\n<li>El mejor equipo para presentaciones de PowerPoint<\/li>\n<li>Proyector multimedia LCD de bajo costo<\/li>\n<li>NEC, CANON, ACER<\/li>\n<\/ul>\n<\/div>\n","protected":false},"excerpt":{"rendered":"<p>Ofrecemos un servicio de alquiler de proyectores fiable y asequible junto con otros alquileres de equipos audiovisuales profesionales. T\u00e9cnicos de eventos experimentados instalar\u00e1n el equipo por usted en cualquier lugar del \u00e1rea del sur de Florida. Contamos con Alquiler de Video Proyectores de 3000 y 4000 L\u00famenes.<\/p>\n<div id=\"gtx-trans\" style=\"position: absolute; left: 22px; top: 108.5px;\">\n<div class=\"gtx-trans-icon\">\u00a0<\/div>\n<\/div>\n","protected":false},"featured_media":598,"template":"","meta":{"nf_dc_page":""},"product_brand":[],"product_cat":[19],"product_tag":[72],"class_list":{"0":"post-538","1":"product","2":"type-product","3":"status-publish","4":"has-post-thumbnail","6":"product_cat-equipo-audiovisual","7":"product_tag-video","9":"first","10":"instock","11":"shipping-taxable","12":"purchasable","13":"product-type-variable","14":"has-default-attributes"},"yoast_head":"<!-- This site is optimized with the Yoast SEO plugin v26.9 - https:\/\/yoast.com\/product\/yoast-seo-wordpress\/ -->\n<title>Alquiler de Proyector de Video - CAVSI<\/title>\n<meta name=\"description\" content=\"Ofrecemos alquiler de proyectores de video, contamos con mesas, faldas, pantallas, ademas de otros equipos audiovisuales que le ayudaran durante su evento.\" \/>\n<meta name=\"robots\" content=\"index, follow, max-snippet:-1, max-image-preview:large, max-video-preview:-1\" \/>\n<link rel=\"canonical\" href=\"https:\/\/www.cavsi.com\/espanol\/rentas-av\/alquiler-proyector-video\/\" \/>\n<meta property=\"og:locale\" content=\"es_ES\" \/>\n<meta property=\"og:type\" content=\"article\" \/>\n<meta property=\"og:title\" content=\"Alquiler de Proyector de Video - CAVSI\" \/>\n<meta property=\"og:description\" content=\"Ofrecemos alquiler de proyectores de video, contamos con mesas, faldas, pantallas, ademas de otros equipos audiovisuales que le ayudaran durante su evento.\" \/>\n<meta property=\"og:url\" content=\"https:\/\/www.cavsi.com\/espanol\/rentas-av\/alquiler-proyector-video\/\" \/>\n<meta property=\"og:site_name\" content=\"CAVSI\" \/>\n<meta property=\"article:modified_time\" content=\"2023-04-24T18:14:12+00:00\" \/>\n<meta property=\"og:image\" content=\"https:\/\/www.cavsi.com\/espanol\/wp-content\/uploads\/4000-lumenes-proyector-video-jpg.webp\" \/>\n\t<meta property=\"og:image:width\" content=\"772\" \/>\n\t<meta property=\"og:image:height\" content=\"639\" \/>\n\t<meta property=\"og:image:type\" content=\"image\/jpeg\" \/>\n<meta name=\"twitter:card\" content=\"summary_large_image\" \/>\n<meta name=\"twitter:label1\" content=\"Tiempo de lectura\" \/>\n\t<meta name=\"twitter:data1\" content=\"4 minutos\" \/>\n<script type=\"application\/ld+json\" class=\"yoast-schema-graph\">{\"@context\":\"https:\/\/schema.org\",\"@graph\":[{\"@type\":[\"WebPage\",\"FAQPage\"],\"@id\":\"https:\/\/www.cavsi.com\/espanol\/rentas-av\/alquiler-proyector-video\/\",\"url\":\"https:\/\/www.cavsi.com\/espanol\/rentas-av\/alquiler-proyector-video\/\",\"name\":\"Alquiler de Proyector de Video - CAVSI\",\"isPartOf\":{\"@id\":\"https:\/\/www.cavsi.com\/espanol\/#website\"},\"primaryImageOfPage\":{\"@id\":\"https:\/\/www.cavsi.com\/espanol\/rentas-av\/alquiler-proyector-video\/#primaryimage\"},\"image\":{\"@id\":\"https:\/\/www.cavsi.com\/espanol\/rentas-av\/alquiler-proyector-video\/#primaryimage\"},\"thumbnailUrl\":\"https:\/\/www.cavsi.com\/espanol\/wp-content\/uploads\/4000-lumenes-proyector-video-jpg.webp\",\"datePublished\":\"2023-02-16T18:03:45+00:00\",\"dateModified\":\"2023-04-24T18:14:12+00:00\",\"description\":\"Ofrecemos alquiler de proyectores de video, contamos con mesas, faldas, pantallas, ademas de otros equipos audiovisuales que le ayudaran durante su evento.\",\"breadcrumb\":{\"@id\":\"https:\/\/www.cavsi.com\/espanol\/rentas-av\/alquiler-proyector-video\/#breadcrumb\"},\"mainEntity\":[{\"@id\":\"https:\/\/www.cavsi.com\/espanol\/rentas-av\/alquiler-proyector-video\/#faq-question-1681677318265\"},{\"@id\":\"https:\/\/www.cavsi.com\/espanol\/rentas-av\/alquiler-proyector-video\/#faq-question-1681677325679\"},{\"@id\":\"https:\/\/www.cavsi.com\/espanol\/rentas-av\/alquiler-proyector-video\/#faq-question-1681677326549\"},{\"@id\":\"https:\/\/www.cavsi.com\/espanol\/rentas-av\/alquiler-proyector-video\/#faq-question-1681677327718\"}],\"inLanguage\":\"es\",\"potentialAction\":[{\"@type\":\"ReadAction\",\"target\":[\"https:\/\/www.cavsi.com\/espanol\/rentas-av\/alquiler-proyector-video\/\"]}]},{\"@type\":\"ImageObject\",\"inLanguage\":\"es\",\"@id\":\"https:\/\/www.cavsi.com\/espanol\/rentas-av\/alquiler-proyector-video\/#primaryimage\",\"url\":\"https:\/\/www.cavsi.com\/espanol\/wp-content\/uploads\/4000-lumenes-proyector-video-jpg.webp\",\"contentUrl\":\"https:\/\/www.cavsi.com\/espanol\/wp-content\/uploads\/4000-lumenes-proyector-video-jpg.webp\",\"width\":772,\"height\":639},{\"@type\":\"BreadcrumbList\",\"@id\":\"https:\/\/www.cavsi.com\/espanol\/rentas-av\/alquiler-proyector-video\/#breadcrumb\",\"itemListElement\":[{\"@type\":\"ListItem\",\"position\":1,\"name\":\"Alquiler de Equipos Audiovisuales\",\"item\":\"https:\/\/www.cavsi.com\/espanol\/rentas-audiovisuales\/\"},{\"@type\":\"ListItem\",\"position\":2,\"name\":\"Alquiler de Proyector de Video\"}]},{\"@type\":\"WebSite\",\"@id\":\"https:\/\/www.cavsi.com\/espanol\/#website\",\"url\":\"https:\/\/www.cavsi.com\/espanol\/\",\"name\":\"CAVSI\",\"description\":\"\",\"publisher\":{\"@id\":\"https:\/\/www.cavsi.com\/espanol\/#organization\"},\"potentialAction\":[{\"@type\":\"SearchAction\",\"target\":{\"@type\":\"EntryPoint\",\"urlTemplate\":\"https:\/\/www.cavsi.com\/espanol\/?s={search_term_string}\"},\"query-input\":{\"@type\":\"PropertyValueSpecification\",\"valueRequired\":true,\"valueName\":\"search_term_string\"}}],\"inLanguage\":\"es\"},{\"@type\":\"Organization\",\"@id\":\"https:\/\/www.cavsi.com\/espanol\/#organization\",\"name\":\"CAVSI\",\"url\":\"https:\/\/www.cavsi.com\/espanol\/\",\"logo\":{\"@type\":\"ImageObject\",\"inLanguage\":\"es\",\"@id\":\"https:\/\/www.cavsi.com\/espanol\/#\/schema\/logo\/image\/\",\"url\":\"https:\/\/www.cavsi.com\/espanol\/wp-content\/uploads\/cavsi-logo.png\",\"contentUrl\":\"https:\/\/www.cavsi.com\/espanol\/wp-content\/uploads\/cavsi-logo.png\",\"width\":300,\"height\":70,\"caption\":\"CAVSI\"},\"image\":{\"@id\":\"https:\/\/www.cavsi.com\/espanol\/#\/schema\/logo\/image\/\"}},{\"@type\":\"Question\",\"@id\":\"https:\/\/www.cavsi.com\/espanol\/rentas-av\/alquiler-proyector-video\/#faq-question-1681677318265\",\"position\":1,\"url\":\"https:\/\/www.cavsi.com\/espanol\/rentas-av\/alquiler-proyector-video\/#faq-question-1681677318265\",\"name\":\"\u00bfCu\u00e1nto cuesta alquilar un proyector?\",\"answerCount\":1,\"acceptedAnswer\":{\"@type\":\"Answer\",\"text\":\"Todo depende de cu\u00e1ntos d\u00edas necesite el proyector. Ofrecemos alquiler de proyectores a partir de $89. Su costo final depende de cu\u00e1nto tiempo alquile y del tipo de proyector que necesite.\",\"inLanguage\":\"es\"},\"inLanguage\":\"es\"},{\"@type\":\"Question\",\"@id\":\"https:\/\/www.cavsi.com\/espanol\/rentas-av\/alquiler-proyector-video\/#faq-question-1681677325679\",\"position\":2,\"url\":\"https:\/\/www.cavsi.com\/espanol\/rentas-av\/alquiler-proyector-video\/#faq-question-1681677325679\",\"name\":\"\u00bfC\u00f3mo reservo equipos o servicios audiovisuales con ustedes?\",\"answerCount\":1,\"acceptedAnswer\":{\"@type\":\"Answer\",\"text\":\"Si est\u00e1 interesado en alquilar equipos de audio y video, comun\u00edquese con nosotros para verificar la disponibilidad del equipo. Ll\u00e1menos al (786)220-1752 o escr\u00edbanos usando el formulario cont\u00e1ctenos.<br\/>Los pagos se pueden realizar a trav\u00e9s de nuestro sitio web, utilizando el sistema seguro de PayPal, solo debe:<br\/>- Selecciona el equipo o paquete que necesitas.<br\/>- Seleccione el n\u00famero de d\u00edas de alquiler.<br\/>- Seleccione el equipo que desea alquilar.<br\/>- Haz clic en \\\"A\u00f1adir al coche\\\".<br\/>- Una vez que termine de seleccionar el equipo, puede hacer clic en \\\"Ver carrito\\\" o \\\"Pagar\\\". En la ventana de Pagar, deber\u00e1s ingresar informaci\u00f3n sobre tu evento: Nombre y n\u00famero de tel\u00e9fono del contacto, as\u00ed como la fecha, hora, y lugar donde se realizar\u00e1 el evento.<br\/>- Haga clic en \\\"PayPal\\\" para pagar con tarjeta de cr\u00e9dito. Una nueva ventana se abrir\u00e1. Si tiene una cuenta de PayPal, use su nombre de usuario y contrase\u00f1a para iniciar sesi\u00f3n. Si no tiene una cuenta, seleccione \\\"Pagar con una tarjeta de d\u00e9bito o cr\u00e9dito, o Facturarme m\u00e1s tarde\\\"<br\/>Introducir informaci\u00f3n sobre la forma de pago y seguir las instrucciones.<br\/>- Una vez realizado tu pago recibir\u00e1s confirmaci\u00f3n por parte de PayPal, y unas horas despu\u00e9s te enviaremos un correo electr\u00f3nico con la confirmaci\u00f3n de tu reserva de evento.<br\/><br\/>Si tiene alguna pregunta, ll\u00e1menos, estaremos encantados de hablar sobre nuestras pol\u00edticas de alquiler. La entrega, la recogida y la configuraci\u00f3n est\u00e1n disponibles por un cargo adicional.\",\"inLanguage\":\"es\"},\"inLanguage\":\"es\"},{\"@type\":\"Question\",\"@id\":\"https:\/\/www.cavsi.com\/espanol\/rentas-av\/alquiler-proyector-video\/#faq-question-1681677326549\",\"position\":3,\"url\":\"https:\/\/www.cavsi.com\/espanol\/rentas-av\/alquiler-proyector-video\/#faq-question-1681677326549\",\"name\":\"\u00bfCon qu\u00e9 lugares trabajan?\",\"answerCount\":1,\"acceptedAnswer\":{\"@type\":\"Answer\",\"text\":\"Trabajamos en hoteles, restaurantes, salones de convenciones, oficinas corporativas y ferias comerciales en todo el pa\u00eds.\",\"inLanguage\":\"es\"},\"inLanguage\":\"es\"},{\"@type\":\"Question\",\"@id\":\"https:\/\/www.cavsi.com\/espanol\/rentas-av\/alquiler-proyector-video\/#faq-question-1681677327718\",\"position\":4,\"url\":\"https:\/\/www.cavsi.com\/espanol\/rentas-av\/alquiler-proyector-video\/#faq-question-1681677327718\",\"name\":\"\u00bfC\u00f3mo recojo y dejo el proyector de video?\",\"answerCount\":1,\"acceptedAnswer\":{\"@type\":\"Answer\",\"text\":\"Le entregaremos el proyector de video y cualquier otro equipo que haya solicitado al menos una hora antes de que comience el evento. Configuramos todos los dispositivos y los recogimos despu\u00e9s del evento.\",\"inLanguage\":\"es\"},\"inLanguage\":\"es\"}]}<\/script>\n<!-- \/ Yoast SEO plugin. -->","yoast_head_json":{"title":"Alquiler de Proyector de Video - CAVSI","description":"Ofrecemos alquiler de proyectores de video, contamos con mesas, faldas, pantallas, ademas de otros equipos audiovisuales que le ayudaran durante su evento.","robots":{"index":"index","follow":"follow","max-snippet":"max-snippet:-1","max-image-preview":"max-image-preview:large","max-video-preview":"max-video-preview:-1"},"canonical":"https:\/\/www.cavsi.com\/espanol\/rentas-av\/alquiler-proyector-video\/","og_locale":"es_ES","og_type":"article","og_title":"Alquiler de Proyector de Video - CAVSI","og_description":"Ofrecemos alquiler de proyectores de video, contamos con mesas, faldas, pantallas, ademas de otros equipos audiovisuales que le ayudaran durante su evento.","og_url":"https:\/\/www.cavsi.com\/espanol\/rentas-av\/alquiler-proyector-video\/","og_site_name":"CAVSI","article_modified_time":"2023-04-24T18:14:12+00:00","og_image":[{"width":772,"height":639,"url":"https:\/\/www.cavsi.com\/espanol\/wp-content\/uploads\/4000-lumenes-proyector-video-jpg.webp","type":"image\/jpeg"}],"twitter_card":"summary_large_image","twitter_misc":{"Tiempo de lectura":"4 minutos"},"schema":{"@context":"https:\/\/schema.org","@graph":[{"@type":["WebPage","FAQPage"],"@id":"https:\/\/www.cavsi.com\/espanol\/rentas-av\/alquiler-proyector-video\/","url":"https:\/\/www.cavsi.com\/espanol\/rentas-av\/alquiler-proyector-video\/","name":"Alquiler de Proyector de Video - CAVSI","isPartOf":{"@id":"https:\/\/www.cavsi.com\/espanol\/#website"},"primaryImageOfPage":{"@id":"https:\/\/www.cavsi.com\/espanol\/rentas-av\/alquiler-proyector-video\/#primaryimage"},"image":{"@id":"https:\/\/www.cavsi.com\/espanol\/rentas-av\/alquiler-proyector-video\/#primaryimage"},"thumbnailUrl":"https:\/\/www.cavsi.com\/espanol\/wp-content\/uploads\/4000-lumenes-proyector-video-jpg.webp","datePublished":"2023-02-16T18:03:45+00:00","dateModified":"2023-04-24T18:14:12+00:00","description":"Ofrecemos alquiler de proyectores de video, contamos con mesas, faldas, pantallas, ademas de otros equipos audiovisuales que le ayudaran durante su evento.","breadcrumb":{"@id":"https:\/\/www.cavsi.com\/espanol\/rentas-av\/alquiler-proyector-video\/#breadcrumb"},"mainEntity":[{"@id":"https:\/\/www.cavsi.com\/espanol\/rentas-av\/alquiler-proyector-video\/#faq-question-1681677318265"},{"@id":"https:\/\/www.cavsi.com\/espanol\/rentas-av\/alquiler-proyector-video\/#faq-question-1681677325679"},{"@id":"https:\/\/www.cavsi.com\/espanol\/rentas-av\/alquiler-proyector-video\/#faq-question-1681677326549"},{"@id":"https:\/\/www.cavsi.com\/espanol\/rentas-av\/alquiler-proyector-video\/#faq-question-1681677327718"}],"inLanguage":"es","potentialAction":[{"@type":"ReadAction","target":["https:\/\/www.cavsi.com\/espanol\/rentas-av\/alquiler-proyector-video\/"]}]},{"@type":"ImageObject","inLanguage":"es","@id":"https:\/\/www.cavsi.com\/espanol\/rentas-av\/alquiler-proyector-video\/#primaryimage","url":"https:\/\/www.cavsi.com\/espanol\/wp-content\/uploads\/4000-lumenes-proyector-video-jpg.webp","contentUrl":"https:\/\/www.cavsi.com\/espanol\/wp-content\/uploads\/4000-lumenes-proyector-video-jpg.webp","width":772,"height":639},{"@type":"BreadcrumbList","@id":"https:\/\/www.cavsi.com\/espanol\/rentas-av\/alquiler-proyector-video\/#breadcrumb","itemListElement":[{"@type":"ListItem","position":1,"name":"Alquiler de Equipos Audiovisuales","item":"https:\/\/www.cavsi.com\/espanol\/rentas-audiovisuales\/"},{"@type":"ListItem","position":2,"name":"Alquiler de Proyector de Video"}]},{"@type":"WebSite","@id":"https:\/\/www.cavsi.com\/espanol\/#website","url":"https:\/\/www.cavsi.com\/espanol\/","name":"CAVSI","description":"","publisher":{"@id":"https:\/\/www.cavsi.com\/espanol\/#organization"},"potentialAction":[{"@type":"SearchAction","target":{"@type":"EntryPoint","urlTemplate":"https:\/\/www.cavsi.com\/espanol\/?s={search_term_string}"},"query-input":{"@type":"PropertyValueSpecification","valueRequired":true,"valueName":"search_term_string"}}],"inLanguage":"es"},{"@type":"Organization","@id":"https:\/\/www.cavsi.com\/espanol\/#organization","name":"CAVSI","url":"https:\/\/www.cavsi.com\/espanol\/","logo":{"@type":"ImageObject","inLanguage":"es","@id":"https:\/\/www.cavsi.com\/espanol\/#\/schema\/logo\/image\/","url":"https:\/\/www.cavsi.com\/espanol\/wp-content\/uploads\/cavsi-logo.png","contentUrl":"https:\/\/www.cavsi.com\/espanol\/wp-content\/uploads\/cavsi-logo.png","width":300,"height":70,"caption":"CAVSI"},"image":{"@id":"https:\/\/www.cavsi.com\/espanol\/#\/schema\/logo\/image\/"}},{"@type":"Question","@id":"https:\/\/www.cavsi.com\/espanol\/rentas-av\/alquiler-proyector-video\/#faq-question-1681677318265","position":1,"url":"https:\/\/www.cavsi.com\/espanol\/rentas-av\/alquiler-proyector-video\/#faq-question-1681677318265","name":"\u00bfCu\u00e1nto cuesta alquilar un proyector?","answerCount":1,"acceptedAnswer":{"@type":"Answer","text":"Todo depende de cu\u00e1ntos d\u00edas necesite el proyector. Ofrecemos alquiler de proyectores a partir de $89. Su costo final depende de cu\u00e1nto tiempo alquile y del tipo de proyector que necesite.","inLanguage":"es"},"inLanguage":"es"},{"@type":"Question","@id":"https:\/\/www.cavsi.com\/espanol\/rentas-av\/alquiler-proyector-video\/#faq-question-1681677325679","position":2,"url":"https:\/\/www.cavsi.com\/espanol\/rentas-av\/alquiler-proyector-video\/#faq-question-1681677325679","name":"\u00bfC\u00f3mo reservo equipos o servicios audiovisuales con ustedes?","answerCount":1,"acceptedAnswer":{"@type":"Answer","text":"Si est\u00e1 interesado en alquilar equipos de audio y video, comun\u00edquese con nosotros para verificar la disponibilidad del equipo. Ll\u00e1menos al (786)220-1752 o escr\u00edbanos usando el formulario cont\u00e1ctenos.<br\/>Los pagos se pueden realizar a trav\u00e9s de nuestro sitio web, utilizando el sistema seguro de PayPal, solo debe:<br\/>- Selecciona el equipo o paquete que necesitas.<br\/>- Seleccione el n\u00famero de d\u00edas de alquiler.<br\/>- Seleccione el equipo que desea alquilar.<br\/>- Haz clic en \"A\u00f1adir al coche\".<br\/>- Una vez que termine de seleccionar el equipo, puede hacer clic en \"Ver carrito\" o \"Pagar\". En la ventana de Pagar, deber\u00e1s ingresar informaci\u00f3n sobre tu evento: Nombre y n\u00famero de tel\u00e9fono del contacto, as\u00ed como la fecha, hora, y lugar donde se realizar\u00e1 el evento.<br\/>- Haga clic en \"PayPal\" para pagar con tarjeta de cr\u00e9dito. Una nueva ventana se abrir\u00e1. Si tiene una cuenta de PayPal, use su nombre de usuario y contrase\u00f1a para iniciar sesi\u00f3n. Si no tiene una cuenta, seleccione \"Pagar con una tarjeta de d\u00e9bito o cr\u00e9dito, o Facturarme m\u00e1s tarde\"<br\/>Introducir informaci\u00f3n sobre la forma de pago y seguir las instrucciones.<br\/>- Una vez realizado tu pago recibir\u00e1s confirmaci\u00f3n por parte de PayPal, y unas horas despu\u00e9s te enviaremos un correo electr\u00f3nico con la confirmaci\u00f3n de tu reserva de evento.<br\/><br\/>Si tiene alguna pregunta, ll\u00e1menos, estaremos encantados de hablar sobre nuestras pol\u00edticas de alquiler. La entrega, la recogida y la configuraci\u00f3n est\u00e1n disponibles por un cargo adicional.","inLanguage":"es"},"inLanguage":"es"},{"@type":"Question","@id":"https:\/\/www.cavsi.com\/espanol\/rentas-av\/alquiler-proyector-video\/#faq-question-1681677326549","position":3,"url":"https:\/\/www.cavsi.com\/espanol\/rentas-av\/alquiler-proyector-video\/#faq-question-1681677326549","name":"\u00bfCon qu\u00e9 lugares trabajan?","answerCount":1,"acceptedAnswer":{"@type":"Answer","text":"Trabajamos en hoteles, restaurantes, salones de convenciones, oficinas corporativas y ferias comerciales en todo el pa\u00eds.","inLanguage":"es"},"inLanguage":"es"},{"@type":"Question","@id":"https:\/\/www.cavsi.com\/espanol\/rentas-av\/alquiler-proyector-video\/#faq-question-1681677327718","position":4,"url":"https:\/\/www.cavsi.com\/espanol\/rentas-av\/alquiler-proyector-video\/#faq-question-1681677327718","name":"\u00bfC\u00f3mo recojo y dejo el proyector de video?","answerCount":1,"acceptedAnswer":{"@type":"Answer","text":"Le entregaremos el proyector de video y cualquier otro equipo que haya solicitado al menos una hora antes de que comience el evento. Configuramos todos los dispositivos y los recogimos despu\u00e9s del evento.","inLanguage":"es"},"inLanguage":"es"}]}},"_links":{"self":[{"href":"https:\/\/www.cavsi.com\/espanol\/wp-json\/wp\/v2\/product\/538","targetHints":{"allow":["GET"]}}],"collection":[{"href":"https:\/\/www.cavsi.com\/espanol\/wp-json\/wp\/v2\/product"}],"about":[{"href":"https:\/\/www.cavsi.com\/espanol\/wp-json\/wp\/v2\/types\/product"}],"wp:featuredmedia":[{"embeddable":true,"href":"https:\/\/www.cavsi.com\/espanol\/wp-json\/wp\/v2\/media\/598"}],"wp:attachment":[{"href":"https:\/\/www.cavsi.com\/espanol\/wp-json\/wp\/v2\/media?parent=538"}],"wp:term":[{"taxonomy":"product_brand","embeddable":true,"href":"https:\/\/www.cavsi.com\/espanol\/wp-json\/wp\/v2\/product_brand?post=538"},{"taxonomy":"product_cat","embeddable":true,"href":"https:\/\/www.cavsi.com\/espanol\/wp-json\/wp\/v2\/product_cat?post=538"},{"taxonomy":"product_tag","embeddable":true,"href":"https:\/\/www.cavsi.com\/espanol\/wp-json\/wp\/v2\/product_tag?post=538"}],"curies":[{"name":"wp","href":"https:\/\/api.w.org\/{rel}","templated":true}]}}