{"id":503,"date":"2023-02-16T00:31:05","date_gmt":"2023-02-16T00:31:05","guid":{"rendered":"https:\/\/www.cavsi.com\/espanol\/?post_type=product&#038;p=503"},"modified":"2023-04-24T18:14:51","modified_gmt":"2023-04-24T18:14:51","slug":"tecnico-en-sitio","status":"publish","type":"product","link":"https:\/\/www.cavsi.com\/espanol\/rentas-av\/tecnico-en-sitio\/","title":{"rendered":"T\u00e9cnico en Sitio"},"content":{"rendered":"<div class=\"wp-block-image hide-on-mobiles\">\n<figure class=\"alignright\"><img decoding=\"async\" width=\"123\" height=\"135\" loading=\"lazy\" src=\"https:\/\/www.cavsi.com\/espanol\/wp-content\/uploads\/cts_logo.jpg\" alt=\"\" class=\"wp-image-639\"\/><\/figure>\n<\/div>\n\n\n<p>Un t\u00e9cnico in situ formar\u00e1 parte del equipo que convierte un lugar en un entorno funcional para eventos. Cuando brindan soporte para eventos en el sitio, nuestros t\u00e9cnicos siempre se visten y act\u00faan de manera profesional, son corteses con su personal y audiencia, y tienen cuidado de no causar da\u00f1os durante la instalaci\u00f3n y el desmontaje del equipo.<\/p>\n\n\n\n<p>Tambi\u00e9n contamos con t\u00e9cnicos de TI para ayudar a supervisar el flujo de trabajo del evento y apoyar al l\u00edder AV en el lugar.<\/p>\n\n\n<div class=\"wp-block-image\">\n<figure class=\"aligncenter\"><img data-dominant-color=\"403530\" data-has-transparency=\"false\" style=\"--dominant-color: #403530;\" decoding=\"async\" loading=\"lazy\" src=\"https:\/\/www.cavsi.com\/espanol\/wp-content\/uploads\/AlquilerAudioVisualesKaraoke-Miami-Broward-Palm-Beach_35.jpg\" alt=\"Onsite technician\" class=\"not-transparent wp-image-213\"\/><\/figure>\n<\/div>\n\n\n<p>Cualquier detalle del evento lo coordinamos con los coordinadores del evento o la persona a cargo para discutir los requisitos de audio, iluminaci\u00f3n y video. Esto nos permite saber d\u00f3nde configurar e instalar micr\u00f3fonos, monitores de video, proyectores, parlantes y c\u00e1maras de video. Tambi\u00e9n realizamos calidad de sonido, visual y de rendimiento, y ajustamos el equipo para crear experiencias auditivas y visuales ideales para su audiencia.<\/p>\n\n\n\n<p>Somos expertos t\u00e9cnicos, y estamos al d\u00eda con la tecnolog\u00eda m\u00e1s actual, \u00a1quedar\u00e1 impresionado por su atenci\u00f3n al detalle y servicio al cliente!<\/p>\n\n\n<div class=\"wp-block-image\">\n<figure class=\"aligncenter\"><a href=\"https:\/\/www.cavsi.com\/espanol\/servicios\/alquiler-paquetes-audiovisuales\/\"><img decoding=\"async\" width=\"600\" height=\"166\" loading=\"lazy\" src=\"https:\/\/www.cavsi.com\/espanol\/wp-content\/uploads\/AlquilerProyectorMiami_05-600x166.jpg\" alt=\"Conference packages, av rentals\" class=\"wp-image-361\" srcset=\"https:\/\/www.cavsi.com\/espanol\/wp-content\/uploads\/AlquilerProyectorMiami_05-600x166.jpg 600w, https:\/\/www.cavsi.com\/espanol\/wp-content\/uploads\/AlquilerProyectorMiami_05.jpg 650w\" sizes=\"auto, (max-width: 600px) 100vw, 600px\" \/><\/a><\/figure>\n<\/div>","protected":false},"excerpt":{"rendered":"<p>T\u00e9cnico certificado por INFOCOMM para operar equipos audiovisuales como c\u00e1maras, proyectores, parlantes, televisores y monitores de video. Un t\u00e9cnico AV puede configurar, administrar y solucionar problemas de equipos AV que pueden ocurrir durante eventos en vivo, como exhibiciones, videoconferencias, aulas virtuales y fiestas. Precio por hora de servicio.<\/p>\n","protected":false},"featured_media":608,"template":"","meta":{"nf_dc_page":""},"product_brand":[],"product_cat":[16],"product_tag":[],"class_list":{"0":"post-503","1":"product","2":"type-product","3":"status-publish","4":"has-post-thumbnail","6":"product_cat-paquetes-conferencias","8":"first","9":"instock","10":"shipping-taxable","11":"purchasable","12":"product-type-variable","13":"has-default-attributes"},"yoast_head":"<!-- This site is optimized with the Yoast SEO plugin v26.9 - https:\/\/yoast.com\/product\/yoast-seo-wordpress\/ -->\n<title>T\u00e9cnico en Sitio - CAVSI<\/title>\n<meta name=\"description\" content=\"Un t\u00e9cnico AV puede configurar, administrar y solucionar problemas de equipos AV que pueden ocurrir durante eventos en vivo.\" \/>\n<meta name=\"robots\" content=\"index, follow, max-snippet:-1, max-image-preview:large, max-video-preview:-1\" \/>\n<link rel=\"canonical\" href=\"https:\/\/www.cavsi.com\/espanol\/rentas-av\/tecnico-en-sitio\/\" \/>\n<meta property=\"og:locale\" content=\"es_ES\" \/>\n<meta property=\"og:type\" content=\"article\" \/>\n<meta property=\"og:title\" content=\"T\u00e9cnico en Sitio - CAVSI\" \/>\n<meta property=\"og:description\" content=\"Un t\u00e9cnico AV puede configurar, administrar y solucionar problemas de equipos AV que pueden ocurrir durante eventos en vivo.\" \/>\n<meta property=\"og:url\" content=\"https:\/\/www.cavsi.com\/espanol\/rentas-av\/tecnico-en-sitio\/\" \/>\n<meta property=\"og:site_name\" content=\"CAVSI\" \/>\n<meta property=\"article:modified_time\" content=\"2023-04-24T18:14:51+00:00\" \/>\n<meta property=\"og:image\" content=\"https:\/\/www.cavsi.com\/espanol\/wp-content\/uploads\/soporte-tecnico-audiovisual-01.jpg\" \/>\n\t<meta property=\"og:image:width\" content=\"227\" \/>\n\t<meta property=\"og:image:height\" content=\"200\" \/>\n\t<meta property=\"og:image:type\" content=\"image\/jpeg\" \/>\n<meta name=\"twitter:card\" content=\"summary_large_image\" \/>\n<meta name=\"twitter:label1\" content=\"Tiempo de lectura\" \/>\n\t<meta name=\"twitter:data1\" content=\"2 minutos\" \/>\n<script type=\"application\/ld+json\" class=\"yoast-schema-graph\">{\"@context\":\"https:\/\/schema.org\",\"@graph\":[{\"@type\":\"WebPage\",\"@id\":\"https:\/\/www.cavsi.com\/espanol\/rentas-av\/tecnico-en-sitio\/\",\"url\":\"https:\/\/www.cavsi.com\/espanol\/rentas-av\/tecnico-en-sitio\/\",\"name\":\"T\u00e9cnico en Sitio - CAVSI\",\"isPartOf\":{\"@id\":\"https:\/\/www.cavsi.com\/espanol\/#website\"},\"primaryImageOfPage\":{\"@id\":\"https:\/\/www.cavsi.com\/espanol\/rentas-av\/tecnico-en-sitio\/#primaryimage\"},\"image\":{\"@id\":\"https:\/\/www.cavsi.com\/espanol\/rentas-av\/tecnico-en-sitio\/#primaryimage\"},\"thumbnailUrl\":\"https:\/\/www.cavsi.com\/espanol\/wp-content\/uploads\/soporte-tecnico-audiovisual-01.jpg\",\"datePublished\":\"2023-02-16T00:31:05+00:00\",\"dateModified\":\"2023-04-24T18:14:51+00:00\",\"description\":\"Un t\u00e9cnico AV puede configurar, administrar y solucionar problemas de equipos AV que pueden ocurrir durante eventos en vivo.\",\"breadcrumb\":{\"@id\":\"https:\/\/www.cavsi.com\/espanol\/rentas-av\/tecnico-en-sitio\/#breadcrumb\"},\"inLanguage\":\"es\",\"potentialAction\":[{\"@type\":\"ReadAction\",\"target\":[\"https:\/\/www.cavsi.com\/espanol\/rentas-av\/tecnico-en-sitio\/\"]}]},{\"@type\":\"ImageObject\",\"inLanguage\":\"es\",\"@id\":\"https:\/\/www.cavsi.com\/espanol\/rentas-av\/tecnico-en-sitio\/#primaryimage\",\"url\":\"https:\/\/www.cavsi.com\/espanol\/wp-content\/uploads\/soporte-tecnico-audiovisual-01.jpg\",\"contentUrl\":\"https:\/\/www.cavsi.com\/espanol\/wp-content\/uploads\/soporte-tecnico-audiovisual-01.jpg\",\"width\":227,\"height\":200,\"caption\":\"Soporte tecnico en sitio\"},{\"@type\":\"BreadcrumbList\",\"@id\":\"https:\/\/www.cavsi.com\/espanol\/rentas-av\/tecnico-en-sitio\/#breadcrumb\",\"itemListElement\":[{\"@type\":\"ListItem\",\"position\":1,\"name\":\"Alquiler de Equipos Audiovisuales\",\"item\":\"https:\/\/www.cavsi.com\/espanol\/rentas-audiovisuales\/\"},{\"@type\":\"ListItem\",\"position\":2,\"name\":\"T\u00e9cnico en Sitio\"}]},{\"@type\":\"WebSite\",\"@id\":\"https:\/\/www.cavsi.com\/espanol\/#website\",\"url\":\"https:\/\/www.cavsi.com\/espanol\/\",\"name\":\"CAVSI\",\"description\":\"\",\"publisher\":{\"@id\":\"https:\/\/www.cavsi.com\/espanol\/#organization\"},\"potentialAction\":[{\"@type\":\"SearchAction\",\"target\":{\"@type\":\"EntryPoint\",\"urlTemplate\":\"https:\/\/www.cavsi.com\/espanol\/?s={search_term_string}\"},\"query-input\":{\"@type\":\"PropertyValueSpecification\",\"valueRequired\":true,\"valueName\":\"search_term_string\"}}],\"inLanguage\":\"es\"},{\"@type\":\"Organization\",\"@id\":\"https:\/\/www.cavsi.com\/espanol\/#organization\",\"name\":\"CAVSI\",\"url\":\"https:\/\/www.cavsi.com\/espanol\/\",\"logo\":{\"@type\":\"ImageObject\",\"inLanguage\":\"es\",\"@id\":\"https:\/\/www.cavsi.com\/espanol\/#\/schema\/logo\/image\/\",\"url\":\"https:\/\/www.cavsi.com\/espanol\/wp-content\/uploads\/cavsi-logo.png\",\"contentUrl\":\"https:\/\/www.cavsi.com\/espanol\/wp-content\/uploads\/cavsi-logo.png\",\"width\":300,\"height\":70,\"caption\":\"CAVSI\"},\"image\":{\"@id\":\"https:\/\/www.cavsi.com\/espanol\/#\/schema\/logo\/image\/\"}}]}<\/script>\n<!-- \/ Yoast SEO plugin. -->","yoast_head_json":{"title":"T\u00e9cnico en Sitio - CAVSI","description":"Un t\u00e9cnico AV puede configurar, administrar y solucionar problemas de equipos AV que pueden ocurrir durante eventos en vivo.","robots":{"index":"index","follow":"follow","max-snippet":"max-snippet:-1","max-image-preview":"max-image-preview:large","max-video-preview":"max-video-preview:-1"},"canonical":"https:\/\/www.cavsi.com\/espanol\/rentas-av\/tecnico-en-sitio\/","og_locale":"es_ES","og_type":"article","og_title":"T\u00e9cnico en Sitio - CAVSI","og_description":"Un t\u00e9cnico AV puede configurar, administrar y solucionar problemas de equipos AV que pueden ocurrir durante eventos en vivo.","og_url":"https:\/\/www.cavsi.com\/espanol\/rentas-av\/tecnico-en-sitio\/","og_site_name":"CAVSI","article_modified_time":"2023-04-24T18:14:51+00:00","og_image":[{"width":227,"height":200,"url":"https:\/\/www.cavsi.com\/espanol\/wp-content\/uploads\/soporte-tecnico-audiovisual-01.jpg","type":"image\/jpeg"}],"twitter_card":"summary_large_image","twitter_misc":{"Tiempo de lectura":"2 minutos"},"schema":{"@context":"https:\/\/schema.org","@graph":[{"@type":"WebPage","@id":"https:\/\/www.cavsi.com\/espanol\/rentas-av\/tecnico-en-sitio\/","url":"https:\/\/www.cavsi.com\/espanol\/rentas-av\/tecnico-en-sitio\/","name":"T\u00e9cnico en Sitio - CAVSI","isPartOf":{"@id":"https:\/\/www.cavsi.com\/espanol\/#website"},"primaryImageOfPage":{"@id":"https:\/\/www.cavsi.com\/espanol\/rentas-av\/tecnico-en-sitio\/#primaryimage"},"image":{"@id":"https:\/\/www.cavsi.com\/espanol\/rentas-av\/tecnico-en-sitio\/#primaryimage"},"thumbnailUrl":"https:\/\/www.cavsi.com\/espanol\/wp-content\/uploads\/soporte-tecnico-audiovisual-01.jpg","datePublished":"2023-02-16T00:31:05+00:00","dateModified":"2023-04-24T18:14:51+00:00","description":"Un t\u00e9cnico AV puede configurar, administrar y solucionar problemas de equipos AV que pueden ocurrir durante eventos en vivo.","breadcrumb":{"@id":"https:\/\/www.cavsi.com\/espanol\/rentas-av\/tecnico-en-sitio\/#breadcrumb"},"inLanguage":"es","potentialAction":[{"@type":"ReadAction","target":["https:\/\/www.cavsi.com\/espanol\/rentas-av\/tecnico-en-sitio\/"]}]},{"@type":"ImageObject","inLanguage":"es","@id":"https:\/\/www.cavsi.com\/espanol\/rentas-av\/tecnico-en-sitio\/#primaryimage","url":"https:\/\/www.cavsi.com\/espanol\/wp-content\/uploads\/soporte-tecnico-audiovisual-01.jpg","contentUrl":"https:\/\/www.cavsi.com\/espanol\/wp-content\/uploads\/soporte-tecnico-audiovisual-01.jpg","width":227,"height":200,"caption":"Soporte tecnico en sitio"},{"@type":"BreadcrumbList","@id":"https:\/\/www.cavsi.com\/espanol\/rentas-av\/tecnico-en-sitio\/#breadcrumb","itemListElement":[{"@type":"ListItem","position":1,"name":"Alquiler de Equipos Audiovisuales","item":"https:\/\/www.cavsi.com\/espanol\/rentas-audiovisuales\/"},{"@type":"ListItem","position":2,"name":"T\u00e9cnico en Sitio"}]},{"@type":"WebSite","@id":"https:\/\/www.cavsi.com\/espanol\/#website","url":"https:\/\/www.cavsi.com\/espanol\/","name":"CAVSI","description":"","publisher":{"@id":"https:\/\/www.cavsi.com\/espanol\/#organization"},"potentialAction":[{"@type":"SearchAction","target":{"@type":"EntryPoint","urlTemplate":"https:\/\/www.cavsi.com\/espanol\/?s={search_term_string}"},"query-input":{"@type":"PropertyValueSpecification","valueRequired":true,"valueName":"search_term_string"}}],"inLanguage":"es"},{"@type":"Organization","@id":"https:\/\/www.cavsi.com\/espanol\/#organization","name":"CAVSI","url":"https:\/\/www.cavsi.com\/espanol\/","logo":{"@type":"ImageObject","inLanguage":"es","@id":"https:\/\/www.cavsi.com\/espanol\/#\/schema\/logo\/image\/","url":"https:\/\/www.cavsi.com\/espanol\/wp-content\/uploads\/cavsi-logo.png","contentUrl":"https:\/\/www.cavsi.com\/espanol\/wp-content\/uploads\/cavsi-logo.png","width":300,"height":70,"caption":"CAVSI"},"image":{"@id":"https:\/\/www.cavsi.com\/espanol\/#\/schema\/logo\/image\/"}}]}},"_links":{"self":[{"href":"https:\/\/www.cavsi.com\/espanol\/wp-json\/wp\/v2\/product\/503","targetHints":{"allow":["GET"]}}],"collection":[{"href":"https:\/\/www.cavsi.com\/espanol\/wp-json\/wp\/v2\/product"}],"about":[{"href":"https:\/\/www.cavsi.com\/espanol\/wp-json\/wp\/v2\/types\/product"}],"wp:featuredmedia":[{"embeddable":true,"href":"https:\/\/www.cavsi.com\/espanol\/wp-json\/wp\/v2\/media\/608"}],"wp:attachment":[{"href":"https:\/\/www.cavsi.com\/espanol\/wp-json\/wp\/v2\/media?parent=503"}],"wp:term":[{"taxonomy":"product_brand","embeddable":true,"href":"https:\/\/www.cavsi.com\/espanol\/wp-json\/wp\/v2\/product_brand?post=503"},{"taxonomy":"product_cat","embeddable":true,"href":"https:\/\/www.cavsi.com\/espanol\/wp-json\/wp\/v2\/product_cat?post=503"},{"taxonomy":"product_tag","embeddable":true,"href":"https:\/\/www.cavsi.com\/espanol\/wp-json\/wp\/v2\/product_tag?post=503"}],"curies":[{"name":"wp","href":"https:\/\/api.w.org\/{rel}","templated":true}]}}