{"id":32,"date":"2023-02-15T16:21:56","date_gmt":"2023-02-15T16:21:56","guid":{"rendered":"https:\/\/www.cavsi.com\/espanol\/?page_id=32"},"modified":"2023-04-15T05:26:29","modified_gmt":"2023-04-15T05:26:29","slug":"soporte-tecnico-computadoras","status":"publish","type":"page","link":"https:\/\/www.cavsi.com\/espanol\/servicios\/soporte-tecnico-computadoras\/","title":{"rendered":"Soporte T\u00e9cnico de Computadoras"},"content":{"rendered":"\n<p>CAVSI brinda soluciones a sus problemas inform\u00e1ticos. De vez en cuando todos experimentan problemas con la computadora, es inevitable. Es mejor usar una computadora que funcione como se espera que tener una experiencia traum\u00e1tica con problemas inform\u00e1ticos. <strong>Servicio de Reparaci\u00f3n de Computadoras y Soporte T\u00e9cnico es la soluci\u00f3n.<\/strong><\/p>\n\n\n<div class=\"wp-block-image\">\n<figure class=\"aligncenter size-large is-resized\"><img data-dominant-color=\"c9c6ca\" data-has-transparency=\"false\" style=\"--dominant-color: #c9c6ca;\" decoding=\"async\" loading=\"lazy\" src=\"https:\/\/www.cavsi.com\/espanol\/wp-content\/uploads\/soporte-it-reparacion-computadoras.jpg\" alt=\"Computer technical support. IT support\" class=\"not-transparent wp-image-603\" width=\"768\" height=\"490\" title=\"Computer Technical Support, computer repair, computer repair services, computer virus removal, spam removal, Miami, FL\"\/><\/figure>\n<\/div>\n\n\n<h2 class=\"wp-block-heading\">Razones para utilizar CAVSI Soporte T\u00e9cnico Inform\u00e1tico y Reparaci\u00f3n de Ordenadores:<\/h2>\n\n\n\n<ul class=\"wp-block-list\">\n<li>El compromiso con el servicio es nuestra m\u00e1xima prioridad.<\/li>\n\n\n\n<li>Somos t\u00e9cnicamente capaces de resolver sus problemas inform\u00e1ticos.<\/li>\n\n\n\n<li>Es demasiado caro para una empresa tener su departamento t\u00e9cnico.<\/li>\n\n\n\n<li>Hacemos nuestro mejor esfuerzo en cada servicio.<\/li>\n\n\n\n<li>Somos honestos y no cobramos horas innecesarias por Nuestros servicios.<\/li>\n<\/ul>\n\n\n<div class=\"wp-block-image hide-on-mobiles\">\n<figure class=\"aligncenter size-full is-resized\"><img decoding=\"async\" loading=\"lazy\" src=\"https:\/\/www.cavsi.com\/espanol\/wp-content\/uploads\/SoporteTecnicoComputadoras_03.jpg\" alt=\"\" class=\"wp-image-387\" width=\"366\" height=\"200\" title=\"Computer Technical Support, computer repair, computer repair services, computer virus removal, spam removal, Miami, FL\"\/><\/figure>\n<\/div>\n\n\n<h2 class=\"wp-block-heading\">Copias de seguridad<\/h2>\n\n\n\n<p>Hacer un respaldo de datos de su informaci\u00f3n es de suma importancia. Tener una copia de seguridad de sus archivos electr\u00f3nicos le permitir\u00e1 restaurarlos en caso de da\u00f1os irreparables en su computadora.<\/p>\n\n\n<div class=\"wp-block-image hide-on-mobiles\">\n<figure class=\"aligncenter size-full\"><img decoding=\"async\" width=\"536\" height=\"116\" loading=\"lazy\" src=\"https:\/\/www.cavsi.com\/espanol\/wp-content\/uploads\/SoporteTecnicoComputadoras_08.jpg\" alt=\"\" class=\"wp-image-390\" title=\"Computer Technical Support, computer repair, computer repair services, computer virus removal, spam removal, Miami, FL\"\/><\/figure>\n<\/div>\n\n\n<h2 class=\"wp-block-heading\">Recuperaci\u00f3n de datos<\/h2>\n\n\n\n<p>Si elimin\u00f3 accidentalmente archivos que necesita, apague su computadora y ll\u00e1menos. CAVSI restaurar\u00e1 los datos que perdiste.<\/p>\n\n\n\n<h2 class=\"wp-block-heading\">Instalaci\u00f3n de componentes internos y externos de la computadora<\/h2>\n\n\n<div class=\"wp-block-image hide-on-mobiles\">\n<figure class=\"alignright size-full is-resized\"><img decoding=\"async\" loading=\"lazy\" src=\"https:\/\/www.cavsi.com\/espanol\/wp-content\/uploads\/SoporteTecnicoComputadoras_02.jpg\" alt=\"\" class=\"wp-image-385\" width=\"83\" height=\"84\" srcset=\"https:\/\/www.cavsi.com\/espanol\/wp-content\/uploads\/SoporteTecnicoComputadoras_02.jpg 165w, https:\/\/www.cavsi.com\/espanol\/wp-content\/uploads\/SoporteTecnicoComputadoras_02-150x150.jpg 150w, https:\/\/www.cavsi.com\/espanol\/wp-content\/uploads\/SoporteTecnicoComputadoras_02-100x100.jpg 100w\" sizes=\"auto, (max-width: 83px) 100vw, 83px\" \/><\/figure>\n<\/div>\n\n\n<p>Nosotros podemos instalar y configurar componentes inform\u00e1ticos internos como placas base, tarjetas de audio o video, m\u00f3dems, CD-ROM, fuentes de alimentaci\u00f3n, ventiladores, discos duros, memorias y componentes inform\u00e1ticos externos como c\u00e1maras web, impresoras, esc\u00e1neres y m\u00e1s.<\/p>\n\n\n\n<h2 class=\"wp-block-heading\">Instalaci\u00f3n de aplicaciones<\/h2>\n\n\n\n<p>Instalamos software comercial como antivirus, Internet Explorer, Windows 9X, NT, 2000, XP y Microsoft Office (Word, Excel, PowerPoint, Access, Outlook Express, etc.) El cliente debe tener una licencia para usar el software.<\/p>\n\n\n\n<h2 class=\"wp-block-heading\">Detecci\u00f3n y eliminaci\u00f3n de virus y spam<\/h2>\n\n\n<div class=\"wp-block-image hide-on-mobiles\">\n<figure class=\"alignright size-full is-resized\"><img decoding=\"async\" loading=\"lazy\" src=\"https:\/\/www.cavsi.com\/espanol\/wp-content\/uploads\/SoporteTecnicoReparacionComputadoras_16.jpg\" alt=\"\" class=\"wp-image-391\" width=\"90\" height=\"108\"\/><\/figure>\n<\/div>\n\n\n<p>Si cree que su computadora est\u00e1 infectada y el antivirus no funciona, podemos ayudarlo antes de que sea demasiado tarde.<\/p>\n\n\n\n<h2 class=\"wp-block-heading\">Preguntas y respuestas frecuentes sobre soporte t\u00e9cnico inform\u00e1tico<\/h2>\n\n\n\n<div class=\"schema-faq wp-block-yoast-faq-block\"><div class=\"schema-faq-section\" id=\"faq-question-1677163257863\"><strong class=\"schema-faq-question\">\u00bfPor qu\u00e9 las computadoras causan problemas?<\/strong> <p class=\"schema-faq-answer\">Las razones principales que causan problemas en la computadora son:<br\/>\u2022 Alg\u00fan componente de la computadora no funciona correctamente o no funciona en absoluto.<br\/>\u2022 Problemas de suministro de energ\u00eda.<br\/>\u2022 Los virus o spam han infectado su computadora.<br\/>\u2022 Uso incorrecto de la computadora.<\/p> <\/div> <div class=\"schema-faq-section\" id=\"faq-question-1676493082136\"><strong class=\"schema-faq-question\">\u00bfPor qu\u00e9 es importante dar mantenimiento a las computadoras?<\/strong> <p class=\"schema-faq-answer\">El mantenimiento inform\u00e1tico previene y soluciona problemas de hardware. Ofrecemos:<br\/>\u2022 Revisar un vistazo a los componentes de la computadora.<br\/>\u2022 Eliminar archivos innecesarios<br\/>\u2022 Desfragmentaci\u00f3n de discos duros<br\/>\u2022 B\u00fascar virus<br\/>\u2022 Realizar copias de seguridad<br\/>\u2022 Instalaci\u00f3n de software<br\/>\u2022 Configuraci\u00f3n de controladores<br\/>\u2022 Limpieza de computadoras<\/p> <\/div> <div class=\"schema-faq-section\" id=\"faq-question-1676493107622\"><strong class=\"schema-faq-question\">\u00bfQu\u00e9 es el soporte t\u00e9cnico inform\u00e1tico?<\/strong> <p class=\"schema-faq-answer\">El soporte t\u00e9cnico inform\u00e1tico es un servicio que se proporciona a los usuarios de computadoras para solucionar problemas, mantener y reparar los servicios de los sistemas de TI. Un especialista en soporte inform\u00e1tico\u00a0brinda soporte t\u00e9cnico a las empresas, su personal o clientes en general.<\/p> <\/div> <div class=\"schema-faq-section\" id=\"faq-question-1676497585867\"><strong class=\"schema-faq-question\">\u00bfEl soporte t\u00e9cnico inform\u00e1tico es un trabajo de TI?<\/strong> <p class=\"schema-faq-answer\">S\u00ed, el soporte t\u00e9cnico inform\u00e1tico es un trabajo de TI. El profesional de TI supervisa y mantiene los sistemas inform\u00e1ticos y las redes de una organizaci\u00f3n.<\/p> <\/div> <\/div>\n\n\n<div class=\"relink\"><div class=\"rlink\"><a href=\"https:\/\/www.cavsi.com\/espanol\/servicios\/diseno-sitios-web\/\">Dise\u00f1o de Sitios Web<\/a><\/div><div class=\"rlink\"><a href=\"https:\/\/www.cavsi.com\/espanol\/servicios\/desarrollo-sitios-comercio-electronico\/\">Desarrollo Sitios Comercio Electr\u00f3nico<\/a><\/div><div class=\"rlink\"><a href=\"https:\/\/www.cavsi.com\/espanol\/?page_id=1561\">Reparaci\u00f3n de Cintas VHS<\/a><\/div><\/div>\n\n\n\n<div class=\"services\">\n<h3>Servicio de reparaci\u00f3n de cintas VHS<\/h3>\n<ul>\n<li>Reparar cinta VHS<\/li>\n<li>Reparar cinta VHS-C<\/li>\n<\/ul>\n<\/div>\n","protected":false},"excerpt":{"rendered":"<p>Realizamos copias de Seguridad, recuperaci\u00f3n de datos, instalaci\u00f3n de componentes internos y externos, instalaci\u00f3n de aplicaciones, detecci\u00f3n y eliminaci\u00f3n de virus y spam<\/p>\n","protected":false},"author":1,"featured_media":603,"parent":21,"menu_order":6,"comment_status":"closed","ping_status":"closed","template":"","meta":{"nf_dc_page":"","footnotes":""},"class_list":["post-32","page","type-page","status-publish","has-post-thumbnail","hentry"],"yoast_head":"<!-- This site is optimized with the Yoast SEO plugin v26.9 - https:\/\/yoast.com\/product\/yoast-seo-wordpress\/ -->\n<title>Soporte T\u00e9cnico de Computadoras - CAVSI<\/title>\n<meta name=\"description\" content=\"CAVSI provides solutions to your computer problems. Computer Repair Service and Technical Support is the solution in South Florida.\" \/>\n<meta name=\"robots\" content=\"index, follow, max-snippet:-1, max-image-preview:large, max-video-preview:-1\" \/>\n<link rel=\"canonical\" href=\"https:\/\/www.cavsi.com\/espanol\/servicios\/soporte-tecnico-computadoras\/\" \/>\n<meta property=\"og:locale\" content=\"es_ES\" \/>\n<meta property=\"og:type\" content=\"article\" \/>\n<meta property=\"og:title\" content=\"Soporte T\u00e9cnico de Computadoras - CAVSI\" \/>\n<meta property=\"og:description\" content=\"CAVSI provides solutions to your computer problems. Computer Repair Service and Technical Support is the solution in South Florida.\" \/>\n<meta property=\"og:url\" content=\"https:\/\/www.cavsi.com\/espanol\/servicios\/soporte-tecnico-computadoras\/\" \/>\n<meta property=\"og:site_name\" content=\"CAVSI\" \/>\n<meta property=\"article:modified_time\" content=\"2023-04-15T05:26:29+00:00\" \/>\n<meta property=\"og:image\" content=\"https:\/\/i0.wp.com\/www.cavsi.com\/espanol\/wp-content\/uploads\/soporte-it-reparacion-computadoras-jpg-webp.webp?fit=1155%2C737&ssl=1\" \/>\n\t<meta property=\"og:image:width\" content=\"1155\" \/>\n\t<meta property=\"og:image:height\" content=\"737\" \/>\n\t<meta property=\"og:image:type\" content=\"image\/jpeg\" \/>\n<meta name=\"twitter:card\" content=\"summary_large_image\" \/>\n<meta name=\"twitter:label1\" content=\"Tiempo de lectura\" \/>\n\t<meta name=\"twitter:data1\" content=\"4 minutos\" \/>\n<script type=\"application\/ld+json\" class=\"yoast-schema-graph\">{\"@context\":\"https:\/\/schema.org\",\"@graph\":[{\"@type\":[\"WebPage\",\"FAQPage\"],\"@id\":\"https:\/\/www.cavsi.com\/espanol\/servicios\/soporte-tecnico-computadoras\/\",\"url\":\"https:\/\/www.cavsi.com\/espanol\/servicios\/soporte-tecnico-computadoras\/\",\"name\":\"Soporte T\u00e9cnico de Computadoras - CAVSI\",\"isPartOf\":{\"@id\":\"https:\/\/www.cavsi.com\/espanol\/#website\"},\"primaryImageOfPage\":{\"@id\":\"https:\/\/www.cavsi.com\/espanol\/servicios\/soporte-tecnico-computadoras\/#primaryimage\"},\"image\":{\"@id\":\"https:\/\/www.cavsi.com\/espanol\/servicios\/soporte-tecnico-computadoras\/#primaryimage\"},\"thumbnailUrl\":\"https:\/\/www.cavsi.com\/espanol\/wp-content\/uploads\/soporte-it-reparacion-computadoras-jpg-webp.webp\",\"datePublished\":\"2023-02-15T16:21:56+00:00\",\"dateModified\":\"2023-04-15T05:26:29+00:00\",\"description\":\"CAVSI provides solutions to your computer problems. Computer Repair Service and Technical Support is the solution in South Florida.\",\"breadcrumb\":{\"@id\":\"https:\/\/www.cavsi.com\/espanol\/servicios\/soporte-tecnico-computadoras\/#breadcrumb\"},\"mainEntity\":[{\"@id\":\"https:\/\/www.cavsi.com\/espanol\/servicios\/soporte-tecnico-computadoras\/#faq-question-1677163257863\"},{\"@id\":\"https:\/\/www.cavsi.com\/espanol\/servicios\/soporte-tecnico-computadoras\/#faq-question-1676493082136\"},{\"@id\":\"https:\/\/www.cavsi.com\/espanol\/servicios\/soporte-tecnico-computadoras\/#faq-question-1676493107622\"},{\"@id\":\"https:\/\/www.cavsi.com\/espanol\/servicios\/soporte-tecnico-computadoras\/#faq-question-1676497585867\"}],\"inLanguage\":\"es\",\"potentialAction\":[{\"@type\":\"ReadAction\",\"target\":[\"https:\/\/www.cavsi.com\/espanol\/servicios\/soporte-tecnico-computadoras\/\"]}]},{\"@type\":\"ImageObject\",\"inLanguage\":\"es\",\"@id\":\"https:\/\/www.cavsi.com\/espanol\/servicios\/soporte-tecnico-computadoras\/#primaryimage\",\"url\":\"https:\/\/www.cavsi.com\/espanol\/wp-content\/uploads\/soporte-it-reparacion-computadoras-jpg-webp.webp\",\"contentUrl\":\"https:\/\/www.cavsi.com\/espanol\/wp-content\/uploads\/soporte-it-reparacion-computadoras-jpg-webp.webp\",\"width\":1155,\"height\":737,\"caption\":\"Computer technical support. IT support\"},{\"@type\":\"BreadcrumbList\",\"@id\":\"https:\/\/www.cavsi.com\/espanol\/servicios\/soporte-tecnico-computadoras\/#breadcrumb\",\"itemListElement\":[{\"@type\":\"ListItem\",\"position\":1,\"name\":\"Servicios\",\"item\":\"https:\/\/www.cavsi.com\/espanol\/servicios\/\"},{\"@type\":\"ListItem\",\"position\":2,\"name\":\"Soporte T\u00e9cnico de Computadoras\"}]},{\"@type\":\"WebSite\",\"@id\":\"https:\/\/www.cavsi.com\/espanol\/#website\",\"url\":\"https:\/\/www.cavsi.com\/espanol\/\",\"name\":\"CAVSI\",\"description\":\"\",\"publisher\":{\"@id\":\"https:\/\/www.cavsi.com\/espanol\/#organization\"},\"potentialAction\":[{\"@type\":\"SearchAction\",\"target\":{\"@type\":\"EntryPoint\",\"urlTemplate\":\"https:\/\/www.cavsi.com\/espanol\/?s={search_term_string}\"},\"query-input\":{\"@type\":\"PropertyValueSpecification\",\"valueRequired\":true,\"valueName\":\"search_term_string\"}}],\"inLanguage\":\"es\"},{\"@type\":\"Organization\",\"@id\":\"https:\/\/www.cavsi.com\/espanol\/#organization\",\"name\":\"CAVSI\",\"url\":\"https:\/\/www.cavsi.com\/espanol\/\",\"logo\":{\"@type\":\"ImageObject\",\"inLanguage\":\"es\",\"@id\":\"https:\/\/www.cavsi.com\/espanol\/#\/schema\/logo\/image\/\",\"url\":\"https:\/\/www.cavsi.com\/espanol\/wp-content\/uploads\/cavsi-logo.png\",\"contentUrl\":\"https:\/\/www.cavsi.com\/espanol\/wp-content\/uploads\/cavsi-logo.png\",\"width\":300,\"height\":70,\"caption\":\"CAVSI\"},\"image\":{\"@id\":\"https:\/\/www.cavsi.com\/espanol\/#\/schema\/logo\/image\/\"}},{\"@type\":\"Question\",\"@id\":\"https:\/\/www.cavsi.com\/espanol\/servicios\/soporte-tecnico-computadoras\/#faq-question-1677163257863\",\"position\":1,\"url\":\"https:\/\/www.cavsi.com\/espanol\/servicios\/soporte-tecnico-computadoras\/#faq-question-1677163257863\",\"name\":\"\u00bfPor qu\u00e9 las computadoras causan problemas?\",\"answerCount\":1,\"acceptedAnswer\":{\"@type\":\"Answer\",\"text\":\"Las razones principales que causan problemas en la computadora son:<br\/>\u2022 Alg\u00fan componente de la computadora no funciona correctamente o no funciona en absoluto.<br\/>\u2022 Problemas de suministro de energ\u00eda.<br\/>\u2022 Los virus o spam han infectado su computadora.<br\/>\u2022 Uso incorrecto de la computadora.\",\"inLanguage\":\"es\"},\"inLanguage\":\"es\"},{\"@type\":\"Question\",\"@id\":\"https:\/\/www.cavsi.com\/espanol\/servicios\/soporte-tecnico-computadoras\/#faq-question-1676493082136\",\"position\":2,\"url\":\"https:\/\/www.cavsi.com\/espanol\/servicios\/soporte-tecnico-computadoras\/#faq-question-1676493082136\",\"name\":\"\u00bfPor qu\u00e9 es importante dar mantenimiento a las computadoras?\",\"answerCount\":1,\"acceptedAnswer\":{\"@type\":\"Answer\",\"text\":\"El mantenimiento inform\u00e1tico previene y soluciona problemas de hardware. Ofrecemos:<br\/>\u2022 Revisar un vistazo a los componentes de la computadora.<br\/>\u2022 Eliminar archivos innecesarios<br\/>\u2022 Desfragmentaci\u00f3n de discos duros<br\/>\u2022 B\u00fascar virus<br\/>\u2022 Realizar copias de seguridad<br\/>\u2022 Instalaci\u00f3n de software<br\/>\u2022 Configuraci\u00f3n de controladores<br\/>\u2022 Limpieza de computadoras\",\"inLanguage\":\"es\"},\"inLanguage\":\"es\"},{\"@type\":\"Question\",\"@id\":\"https:\/\/www.cavsi.com\/espanol\/servicios\/soporte-tecnico-computadoras\/#faq-question-1676493107622\",\"position\":3,\"url\":\"https:\/\/www.cavsi.com\/espanol\/servicios\/soporte-tecnico-computadoras\/#faq-question-1676493107622\",\"name\":\"\u00bfQu\u00e9 es el soporte t\u00e9cnico inform\u00e1tico?\",\"answerCount\":1,\"acceptedAnswer\":{\"@type\":\"Answer\",\"text\":\"El soporte t\u00e9cnico inform\u00e1tico es un servicio que se proporciona a los usuarios de computadoras para solucionar problemas, mantener y reparar los servicios de los sistemas de TI. Un especialista en soporte inform\u00e1tico\u00a0brinda soporte t\u00e9cnico a las empresas, su personal o clientes en general.\",\"inLanguage\":\"es\"},\"inLanguage\":\"es\"},{\"@type\":\"Question\",\"@id\":\"https:\/\/www.cavsi.com\/espanol\/servicios\/soporte-tecnico-computadoras\/#faq-question-1676497585867\",\"position\":4,\"url\":\"https:\/\/www.cavsi.com\/espanol\/servicios\/soporte-tecnico-computadoras\/#faq-question-1676497585867\",\"name\":\"\u00bfEl soporte t\u00e9cnico inform\u00e1tico es un trabajo de TI?\",\"answerCount\":1,\"acceptedAnswer\":{\"@type\":\"Answer\",\"text\":\"S\u00ed, el soporte t\u00e9cnico inform\u00e1tico es un trabajo de TI. El profesional de TI supervisa y mantiene los sistemas inform\u00e1ticos y las redes de una organizaci\u00f3n.\",\"inLanguage\":\"es\"},\"inLanguage\":\"es\"}]}<\/script>\n<!-- \/ Yoast SEO plugin. -->","yoast_head_json":{"title":"Soporte T\u00e9cnico de Computadoras - CAVSI","description":"CAVSI provides solutions to your computer problems. Computer Repair Service and Technical Support is the solution in South Florida.","robots":{"index":"index","follow":"follow","max-snippet":"max-snippet:-1","max-image-preview":"max-image-preview:large","max-video-preview":"max-video-preview:-1"},"canonical":"https:\/\/www.cavsi.com\/espanol\/servicios\/soporte-tecnico-computadoras\/","og_locale":"es_ES","og_type":"article","og_title":"Soporte T\u00e9cnico de Computadoras - CAVSI","og_description":"CAVSI provides solutions to your computer problems. Computer Repair Service and Technical Support is the solution in South Florida.","og_url":"https:\/\/www.cavsi.com\/espanol\/servicios\/soporte-tecnico-computadoras\/","og_site_name":"CAVSI","article_modified_time":"2023-04-15T05:26:29+00:00","og_image":[{"width":1155,"height":737,"url":"https:\/\/i0.wp.com\/www.cavsi.com\/espanol\/wp-content\/uploads\/soporte-it-reparacion-computadoras-jpg-webp.webp?fit=1155%2C737&ssl=1","type":"image\/jpeg"}],"twitter_card":"summary_large_image","twitter_misc":{"Tiempo de lectura":"4 minutos"},"schema":{"@context":"https:\/\/schema.org","@graph":[{"@type":["WebPage","FAQPage"],"@id":"https:\/\/www.cavsi.com\/espanol\/servicios\/soporte-tecnico-computadoras\/","url":"https:\/\/www.cavsi.com\/espanol\/servicios\/soporte-tecnico-computadoras\/","name":"Soporte T\u00e9cnico de Computadoras - CAVSI","isPartOf":{"@id":"https:\/\/www.cavsi.com\/espanol\/#website"},"primaryImageOfPage":{"@id":"https:\/\/www.cavsi.com\/espanol\/servicios\/soporte-tecnico-computadoras\/#primaryimage"},"image":{"@id":"https:\/\/www.cavsi.com\/espanol\/servicios\/soporte-tecnico-computadoras\/#primaryimage"},"thumbnailUrl":"https:\/\/www.cavsi.com\/espanol\/wp-content\/uploads\/soporte-it-reparacion-computadoras-jpg-webp.webp","datePublished":"2023-02-15T16:21:56+00:00","dateModified":"2023-04-15T05:26:29+00:00","description":"CAVSI provides solutions to your computer problems. Computer Repair Service and Technical Support is the solution in South Florida.","breadcrumb":{"@id":"https:\/\/www.cavsi.com\/espanol\/servicios\/soporte-tecnico-computadoras\/#breadcrumb"},"mainEntity":[{"@id":"https:\/\/www.cavsi.com\/espanol\/servicios\/soporte-tecnico-computadoras\/#faq-question-1677163257863"},{"@id":"https:\/\/www.cavsi.com\/espanol\/servicios\/soporte-tecnico-computadoras\/#faq-question-1676493082136"},{"@id":"https:\/\/www.cavsi.com\/espanol\/servicios\/soporte-tecnico-computadoras\/#faq-question-1676493107622"},{"@id":"https:\/\/www.cavsi.com\/espanol\/servicios\/soporte-tecnico-computadoras\/#faq-question-1676497585867"}],"inLanguage":"es","potentialAction":[{"@type":"ReadAction","target":["https:\/\/www.cavsi.com\/espanol\/servicios\/soporte-tecnico-computadoras\/"]}]},{"@type":"ImageObject","inLanguage":"es","@id":"https:\/\/www.cavsi.com\/espanol\/servicios\/soporte-tecnico-computadoras\/#primaryimage","url":"https:\/\/www.cavsi.com\/espanol\/wp-content\/uploads\/soporte-it-reparacion-computadoras-jpg-webp.webp","contentUrl":"https:\/\/www.cavsi.com\/espanol\/wp-content\/uploads\/soporte-it-reparacion-computadoras-jpg-webp.webp","width":1155,"height":737,"caption":"Computer technical support. IT support"},{"@type":"BreadcrumbList","@id":"https:\/\/www.cavsi.com\/espanol\/servicios\/soporte-tecnico-computadoras\/#breadcrumb","itemListElement":[{"@type":"ListItem","position":1,"name":"Servicios","item":"https:\/\/www.cavsi.com\/espanol\/servicios\/"},{"@type":"ListItem","position":2,"name":"Soporte T\u00e9cnico de Computadoras"}]},{"@type":"WebSite","@id":"https:\/\/www.cavsi.com\/espanol\/#website","url":"https:\/\/www.cavsi.com\/espanol\/","name":"CAVSI","description":"","publisher":{"@id":"https:\/\/www.cavsi.com\/espanol\/#organization"},"potentialAction":[{"@type":"SearchAction","target":{"@type":"EntryPoint","urlTemplate":"https:\/\/www.cavsi.com\/espanol\/?s={search_term_string}"},"query-input":{"@type":"PropertyValueSpecification","valueRequired":true,"valueName":"search_term_string"}}],"inLanguage":"es"},{"@type":"Organization","@id":"https:\/\/www.cavsi.com\/espanol\/#organization","name":"CAVSI","url":"https:\/\/www.cavsi.com\/espanol\/","logo":{"@type":"ImageObject","inLanguage":"es","@id":"https:\/\/www.cavsi.com\/espanol\/#\/schema\/logo\/image\/","url":"https:\/\/www.cavsi.com\/espanol\/wp-content\/uploads\/cavsi-logo.png","contentUrl":"https:\/\/www.cavsi.com\/espanol\/wp-content\/uploads\/cavsi-logo.png","width":300,"height":70,"caption":"CAVSI"},"image":{"@id":"https:\/\/www.cavsi.com\/espanol\/#\/schema\/logo\/image\/"}},{"@type":"Question","@id":"https:\/\/www.cavsi.com\/espanol\/servicios\/soporte-tecnico-computadoras\/#faq-question-1677163257863","position":1,"url":"https:\/\/www.cavsi.com\/espanol\/servicios\/soporte-tecnico-computadoras\/#faq-question-1677163257863","name":"\u00bfPor qu\u00e9 las computadoras causan problemas?","answerCount":1,"acceptedAnswer":{"@type":"Answer","text":"Las razones principales que causan problemas en la computadora son:<br\/>\u2022 Alg\u00fan componente de la computadora no funciona correctamente o no funciona en absoluto.<br\/>\u2022 Problemas de suministro de energ\u00eda.<br\/>\u2022 Los virus o spam han infectado su computadora.<br\/>\u2022 Uso incorrecto de la computadora.","inLanguage":"es"},"inLanguage":"es"},{"@type":"Question","@id":"https:\/\/www.cavsi.com\/espanol\/servicios\/soporte-tecnico-computadoras\/#faq-question-1676493082136","position":2,"url":"https:\/\/www.cavsi.com\/espanol\/servicios\/soporte-tecnico-computadoras\/#faq-question-1676493082136","name":"\u00bfPor qu\u00e9 es importante dar mantenimiento a las computadoras?","answerCount":1,"acceptedAnswer":{"@type":"Answer","text":"El mantenimiento inform\u00e1tico previene y soluciona problemas de hardware. Ofrecemos:<br\/>\u2022 Revisar un vistazo a los componentes de la computadora.<br\/>\u2022 Eliminar archivos innecesarios<br\/>\u2022 Desfragmentaci\u00f3n de discos duros<br\/>\u2022 B\u00fascar virus<br\/>\u2022 Realizar copias de seguridad<br\/>\u2022 Instalaci\u00f3n de software<br\/>\u2022 Configuraci\u00f3n de controladores<br\/>\u2022 Limpieza de computadoras","inLanguage":"es"},"inLanguage":"es"},{"@type":"Question","@id":"https:\/\/www.cavsi.com\/espanol\/servicios\/soporte-tecnico-computadoras\/#faq-question-1676493107622","position":3,"url":"https:\/\/www.cavsi.com\/espanol\/servicios\/soporte-tecnico-computadoras\/#faq-question-1676493107622","name":"\u00bfQu\u00e9 es el soporte t\u00e9cnico inform\u00e1tico?","answerCount":1,"acceptedAnswer":{"@type":"Answer","text":"El soporte t\u00e9cnico inform\u00e1tico es un servicio que se proporciona a los usuarios de computadoras para solucionar problemas, mantener y reparar los servicios de los sistemas de TI. Un especialista en soporte inform\u00e1tico\u00a0brinda soporte t\u00e9cnico a las empresas, su personal o clientes en general.","inLanguage":"es"},"inLanguage":"es"},{"@type":"Question","@id":"https:\/\/www.cavsi.com\/espanol\/servicios\/soporte-tecnico-computadoras\/#faq-question-1676497585867","position":4,"url":"https:\/\/www.cavsi.com\/espanol\/servicios\/soporte-tecnico-computadoras\/#faq-question-1676497585867","name":"\u00bfEl soporte t\u00e9cnico inform\u00e1tico es un trabajo de TI?","answerCount":1,"acceptedAnswer":{"@type":"Answer","text":"S\u00ed, el soporte t\u00e9cnico inform\u00e1tico es un trabajo de TI. El profesional de TI supervisa y mantiene los sistemas inform\u00e1ticos y las redes de una organizaci\u00f3n.","inLanguage":"es"},"inLanguage":"es"}]}},"_links":{"self":[{"href":"https:\/\/www.cavsi.com\/espanol\/wp-json\/wp\/v2\/pages\/32","targetHints":{"allow":["GET"]}}],"collection":[{"href":"https:\/\/www.cavsi.com\/espanol\/wp-json\/wp\/v2\/pages"}],"about":[{"href":"https:\/\/www.cavsi.com\/espanol\/wp-json\/wp\/v2\/types\/page"}],"author":[{"embeddable":true,"href":"https:\/\/www.cavsi.com\/espanol\/wp-json\/wp\/v2\/users\/1"}],"replies":[{"embeddable":true,"href":"https:\/\/www.cavsi.com\/espanol\/wp-json\/wp\/v2\/comments?post=32"}],"version-history":[{"count":0,"href":"https:\/\/www.cavsi.com\/espanol\/wp-json\/wp\/v2\/pages\/32\/revisions"}],"up":[{"embeddable":true,"href":"https:\/\/www.cavsi.com\/espanol\/wp-json\/wp\/v2\/pages\/21"}],"wp:featuredmedia":[{"embeddable":true,"href":"https:\/\/www.cavsi.com\/espanol\/wp-json\/wp\/v2\/media\/603"}],"wp:attachment":[{"href":"https:\/\/www.cavsi.com\/espanol\/wp-json\/wp\/v2\/media?parent=32"}],"curies":[{"name":"wp","href":"https:\/\/api.w.org\/{rel}","templated":true}]}}