{"id":29,"date":"2023-02-15T16:21:11","date_gmt":"2023-02-15T16:21:11","guid":{"rendered":"https:\/\/www.cavsi.com\/espanol\/?page_id=29"},"modified":"2023-04-15T05:30:05","modified_gmt":"2023-04-15T05:30:05","slug":"diseno-sitios-web","status":"publish","type":"page","link":"https:\/\/www.cavsi.com\/espanol\/servicios\/diseno-sitios-web\/","title":{"rendered":"Dise\u00f1o de Sitios Web"},"content":{"rendered":"\n<p>CAVSI ofrece&nbsp;<strong>dise\u00f1o y desarrollo de sitios<\/strong> web&nbsp;para minoristas, fabricantes, peque\u00f1as empresas, empresas de servicios, instalaciones m\u00e9dicas, organizaciones sin fines de lucro y m\u00e1s. En los negocios de hoy, su sitio web es su rostro en el mundo. Una empresa exitosa sabe que para que un negocio tenga \u00e9xito debe adaptarse, evolucionar y crecer a medida que cambia la tecnolog\u00eda.<\/p>\n\n\n<div class=\"wp-block-image\">\n<figure class=\"aligncenter size-full is-resized\"><img decoding=\"async\" loading=\"lazy\" src=\"https:\/\/www.cavsi.com\/espanol\/wp-content\/uploads\/DisenoDesarrolloSitiosWeb_02.jpg\" alt=\"\" class=\"wp-image-423\" width=\"720\" height=\"276\" srcset=\"https:\/\/www.cavsi.com\/espanol\/wp-content\/uploads\/DisenoDesarrolloSitiosWeb_02.jpg 960w, https:\/\/www.cavsi.com\/espanol\/wp-content\/uploads\/DisenoDesarrolloSitiosWeb_02-600x230.jpg 600w, https:\/\/www.cavsi.com\/espanol\/wp-content\/uploads\/DisenoDesarrolloSitiosWeb_02-768x294.jpg 768w\" sizes=\"auto, (max-width: 720px) 100vw, 720px\" \/><\/figure>\n<\/div>\n\n<div class=\"wp-block-image hide-on-mobiles\">\n<figure class=\"alignright size-full\"><img decoding=\"async\" width=\"370\" height=\"240\" loading=\"lazy\" src=\"https:\/\/www.cavsi.com\/espanol\/wp-content\/uploads\/DisenoDesarrolloSitiosWeb_01.jpg\" alt=\"\" class=\"wp-image-422\"\/><\/figure>\n<\/div>\n\n\n<p>No confunda un sitio web hermoso con un sitio web bien dise\u00f1ado. Mucha gente piensa que construir un sitio web se trata de juntar algunas palabras e im\u00e1genes y publicarlas en l\u00ednea. Eso solo crea sitios web que nunca se encuentran en Internet. Dise\u00f1ar un sitio web no se trata solo de crear un sitio atractivo.<\/p>\n\n\n\n<p>El mejor dise\u00f1o de sitio web es visualmente agradable, \u00fatil, usable y liviano. Crear un sitio web implica mucho trabajo y dedicaci\u00f3n. Un sitio web bien dise\u00f1ado con contenido \u00fatil atraer\u00e1 ventas y lo ayudar\u00e1 a ganar dinero con su sitio web. Lo que es m\u00e1s importante, un excelente dise\u00f1o de sitio web ofrece los resultados comerciales en l\u00ednea que necesita.<\/p>\n\n\n<div class=\"wp-block-image hide-on-mobiles\">\n<figure class=\"aligncenter size-full\"><img decoding=\"async\" width=\"578\" height=\"200\" loading=\"lazy\" src=\"https:\/\/www.cavsi.com\/espanol\/wp-content\/uploads\/DisenoDesarrolloSitiosWeb_10.jpg\" alt=\"\" class=\"wp-image-429\"\/><\/figure>\n<\/div>\n\n\n<h2 class=\"wp-block-heading\">Ventajas de tener tu propio sitio web:<\/h2>\n\n\n\n<ul class=\"wp-block-list\">\n<li>Un sitio web proyecta una imagen seria y profesional de su empresa o servicios.<\/li>\n\n\n\n<li>La informaci\u00f3n en l\u00ednea puede hacer que sus clientes se sientan seguros y seguros de qui\u00e9n es usted.<\/li>\n\n\n\n<li>Tus productos o servicios se ofrecen en todo el mundo, aumentando la posibilidad de m\u00e1s ventas y sumando nuevos clientes.<\/li>\n\n\n\n<li>Es la estrategia de marketing m\u00e1s econ\u00f3mica.<\/li>\n\n\n\n<li>Te da m\u00e1s exposici\u00f3n en el mercado.<\/li>\n<\/ul>\n\n\n\n<h2 class=\"wp-block-heading\">Razones para crear un sitio web con CAVSI<\/h2>\n\n\n<div class=\"wp-block-image hide-on-mobiles\">\n<figure class=\"alignright size-full\"><img decoding=\"async\" width=\"170\" height=\"257\" loading=\"lazy\" src=\"https:\/\/www.cavsi.com\/espanol\/wp-content\/uploads\/DisenoDesarrolloSitiosWeb_03.jpg\" alt=\"\" class=\"wp-image-424\"\/><\/figure>\n<\/div>\n\n\n<ul class=\"wp-block-list\">\n<li>Creamos sitios web ajustados a tus necesidades y presupuesto.<\/li>\n\n\n\n<li>Identificamos la audiencia de su sitio web de acuerdo con los objetivos de la empresa y sus competidores.<\/li>\n\n\n\n<li>Te escuchamos cuando nos das feedback o ideas para que creemos el sitio web que deseas.<\/li>\n\n\n\n<li>Nos aseguramos de que sus clientes y clientes puedan encontrar f\u00e1cilmente lo que buscan.<\/li>\n\n\n\n<li>Nos enorgullecemos de nuestro trabajo, por lo que cuando construimos su sitio, no solo debe satisfacer sus necesidades, sino tambi\u00e9n nuestros propios est\u00e1ndares de alta calidad.<\/li>\n\n\n\n<li>Actuamos como consultores para usted y lo ayudamos a seleccionar un nombre de dominio que se ajuste a su sitio web.<\/li>\n\n\n\n<li>Nuestras webs son din\u00e1micas y estructuradas con f\u00e1cil navegaci\u00f3n, dise\u00f1o atractivo y carga r\u00e1pida.<\/li>\n\n\n\n<li>Fuerte garant\u00eda de calidad para lograr un buen producto final.<\/li>\n\n\n\n<li>Env\u00eda gratis tu sitio web a los principales buscadores como Google, Yahoo, Altavista, etc.<\/li>\n\n\n\n<li>Soporte T\u00e9cnico Inform\u00e1tico durante el tiempo de implantaci\u00f3n.<\/li>\n\n\n\n<li>Podemos trabajar alrededor de su horario.<\/li>\n<\/ul>\n\n\n<div class=\"relink\"><div class=\"rlink\"><a href=\"https:\/\/www.cavsi.com\/espanol\/servicios\/desarrollo-sitios-comercio-electronico\/\">Desarrollo Sitios Comercio Electr\u00f3nico<\/a><\/div><div class=\"rlink\"><a href=\"https:\/\/www.cavsi.com\/espanol\/servicios\/soporte-tecnico-computadoras\/\">Soporte T\u00e9cnico de Computadoras<\/a><\/div><div class=\"rlink\"><a href=\"https:\/\/www.cavsi.com\/espanol\/servicios\/duplicacion-conversion-formatos\/\">Duplicaci\u00f3n y Conversi\u00f3n de Formatos<\/a><\/div><\/div>\n\n\n\n<div class=\"services\">\n<h3>Dise\u00f1o y Desarrollo de Sitios Web<\/h3>\n<ul>\n<li>Comercio electr\u00f3nico (e-commerce)<\/li>\n<li>Optimizaci\u00f3n de motores de b\u00fasqueda<\/li>\n<li>Dise\u00f1o de sitios web<\/li>\n<li>Desarrollo de sitios web<\/li>\n<li>Redise\u00f1o del sitio web<\/li>\n<\/ul>\n<\/div>\n\n\n\n<p>Estos servicios se realiza dentro de un proyecto para desarrollo de software, un analista de sistemas se entrevistara con Ud. para relizar el levantamiento de analisis y presentar la propuesta de trabajo.<\/p>\n","protected":false},"excerpt":{"rendered":"<p>En los Negocios de hoy, su sitio web es su rostro en el mundo. El major dise\u00f1o de sitio web es visualmente agradable, \u00fatil, usable y liviano. Un sitio web bien dise\u00f1ado con contenido \u00fatil atraer\u00e1 ventas y lo ayudar\u00e1 a ganar dinero con su sitio web.<\/p>\n","protected":false},"author":1,"featured_media":594,"parent":21,"menu_order":7,"comment_status":"closed","ping_status":"closed","template":"","meta":{"nf_dc_page":"","footnotes":""},"class_list":["post-29","page","type-page","status-publish","has-post-thumbnail","hentry"],"yoast_head":"<!-- This site is optimized with the Yoast SEO plugin v26.9 - https:\/\/yoast.com\/product\/yoast-seo-wordpress\/ -->\n<title>Dise\u00f1o de Sitios Web - CAVSI<\/title>\n<meta name=\"description\" content=\"CAVSI ofrece\u00a0dise\u00f1o de sitios web\u00a0para minoristas, fabricantes, peque\u00f1as empresas, empresas de servicios, Instalaciones m\u00e9dicas y m\u00e1s.\" \/>\n<meta name=\"robots\" content=\"index, follow, max-snippet:-1, max-image-preview:large, max-video-preview:-1\" \/>\n<link rel=\"canonical\" href=\"https:\/\/www.cavsi.com\/espanol\/servicios\/diseno-sitios-web\/\" \/>\n<meta property=\"og:locale\" content=\"es_ES\" \/>\n<meta property=\"og:type\" content=\"article\" \/>\n<meta property=\"og:title\" content=\"Dise\u00f1o de Sitios Web - CAVSI\" \/>\n<meta property=\"og:description\" content=\"CAVSI ofrece\u00a0dise\u00f1o de sitios web\u00a0para minoristas, fabricantes, peque\u00f1as empresas, empresas de servicios, Instalaciones m\u00e9dicas y m\u00e1s.\" \/>\n<meta property=\"og:url\" content=\"https:\/\/www.cavsi.com\/espanol\/servicios\/diseno-sitios-web\/\" \/>\n<meta property=\"og:site_name\" content=\"CAVSI\" \/>\n<meta property=\"article:modified_time\" content=\"2023-04-15T05:30:05+00:00\" \/>\n<meta property=\"og:image\" content=\"https:\/\/www.cavsi.com\/espanol\/wp-content\/uploads\/diseno-desarrollo-sitios-web-jpg-webp.webp\" \/>\n\t<meta property=\"og:image:width\" content=\"1209\" \/>\n\t<meta property=\"og:image:height\" content=\"773\" \/>\n\t<meta property=\"og:image:type\" content=\"image\/jpeg\" \/>\n<meta name=\"twitter:card\" content=\"summary_large_image\" \/>\n<meta name=\"twitter:label1\" content=\"Tiempo de lectura\" \/>\n\t<meta name=\"twitter:data1\" content=\"3 minutos\" \/>\n<script type=\"application\/ld+json\" class=\"yoast-schema-graph\">{\"@context\":\"https:\/\/schema.org\",\"@graph\":[{\"@type\":\"WebPage\",\"@id\":\"https:\/\/www.cavsi.com\/espanol\/servicios\/diseno-sitios-web\/\",\"url\":\"https:\/\/www.cavsi.com\/espanol\/servicios\/diseno-sitios-web\/\",\"name\":\"Dise\u00f1o de Sitios Web - CAVSI\",\"isPartOf\":{\"@id\":\"https:\/\/www.cavsi.com\/espanol\/#website\"},\"primaryImageOfPage\":{\"@id\":\"https:\/\/www.cavsi.com\/espanol\/servicios\/diseno-sitios-web\/#primaryimage\"},\"image\":{\"@id\":\"https:\/\/www.cavsi.com\/espanol\/servicios\/diseno-sitios-web\/#primaryimage\"},\"thumbnailUrl\":\"https:\/\/www.cavsi.com\/espanol\/wp-content\/uploads\/diseno-desarrollo-sitios-web-jpg-webp.webp\",\"datePublished\":\"2023-02-15T16:21:11+00:00\",\"dateModified\":\"2023-04-15T05:30:05+00:00\",\"description\":\"CAVSI ofrece\u00a0dise\u00f1o de sitios web\u00a0para minoristas, fabricantes, peque\u00f1as empresas, empresas de servicios, Instalaciones m\u00e9dicas y m\u00e1s.\",\"breadcrumb\":{\"@id\":\"https:\/\/www.cavsi.com\/espanol\/servicios\/diseno-sitios-web\/#breadcrumb\"},\"inLanguage\":\"es\",\"potentialAction\":[{\"@type\":\"ReadAction\",\"target\":[\"https:\/\/www.cavsi.com\/espanol\/servicios\/diseno-sitios-web\/\"]}]},{\"@type\":\"ImageObject\",\"inLanguage\":\"es\",\"@id\":\"https:\/\/www.cavsi.com\/espanol\/servicios\/diseno-sitios-web\/#primaryimage\",\"url\":\"https:\/\/www.cavsi.com\/espanol\/wp-content\/uploads\/diseno-desarrollo-sitios-web-jpg-webp.webp\",\"contentUrl\":\"https:\/\/www.cavsi.com\/espanol\/wp-content\/uploads\/diseno-desarrollo-sitios-web-jpg-webp.webp\",\"width\":1209,\"height\":773,\"caption\":\"Website Design & Development\"},{\"@type\":\"BreadcrumbList\",\"@id\":\"https:\/\/www.cavsi.com\/espanol\/servicios\/diseno-sitios-web\/#breadcrumb\",\"itemListElement\":[{\"@type\":\"ListItem\",\"position\":1,\"name\":\"Servicios\",\"item\":\"https:\/\/www.cavsi.com\/espanol\/servicios\/\"},{\"@type\":\"ListItem\",\"position\":2,\"name\":\"Dise\u00f1o de Sitios Web\"}]},{\"@type\":\"WebSite\",\"@id\":\"https:\/\/www.cavsi.com\/espanol\/#website\",\"url\":\"https:\/\/www.cavsi.com\/espanol\/\",\"name\":\"CAVSI\",\"description\":\"\",\"publisher\":{\"@id\":\"https:\/\/www.cavsi.com\/espanol\/#organization\"},\"potentialAction\":[{\"@type\":\"SearchAction\",\"target\":{\"@type\":\"EntryPoint\",\"urlTemplate\":\"https:\/\/www.cavsi.com\/espanol\/?s={search_term_string}\"},\"query-input\":{\"@type\":\"PropertyValueSpecification\",\"valueRequired\":true,\"valueName\":\"search_term_string\"}}],\"inLanguage\":\"es\"},{\"@type\":\"Organization\",\"@id\":\"https:\/\/www.cavsi.com\/espanol\/#organization\",\"name\":\"CAVSI\",\"url\":\"https:\/\/www.cavsi.com\/espanol\/\",\"logo\":{\"@type\":\"ImageObject\",\"inLanguage\":\"es\",\"@id\":\"https:\/\/www.cavsi.com\/espanol\/#\/schema\/logo\/image\/\",\"url\":\"https:\/\/www.cavsi.com\/espanol\/wp-content\/uploads\/cavsi-logo.png\",\"contentUrl\":\"https:\/\/www.cavsi.com\/espanol\/wp-content\/uploads\/cavsi-logo.png\",\"width\":300,\"height\":70,\"caption\":\"CAVSI\"},\"image\":{\"@id\":\"https:\/\/www.cavsi.com\/espanol\/#\/schema\/logo\/image\/\"}}]}<\/script>\n<!-- \/ Yoast SEO plugin. -->","yoast_head_json":{"title":"Dise\u00f1o de Sitios Web - CAVSI","description":"CAVSI ofrece\u00a0dise\u00f1o de sitios web\u00a0para minoristas, fabricantes, peque\u00f1as empresas, empresas de servicios, Instalaciones m\u00e9dicas y m\u00e1s.","robots":{"index":"index","follow":"follow","max-snippet":"max-snippet:-1","max-image-preview":"max-image-preview:large","max-video-preview":"max-video-preview:-1"},"canonical":"https:\/\/www.cavsi.com\/espanol\/servicios\/diseno-sitios-web\/","og_locale":"es_ES","og_type":"article","og_title":"Dise\u00f1o de Sitios Web - CAVSI","og_description":"CAVSI ofrece\u00a0dise\u00f1o de sitios web\u00a0para minoristas, fabricantes, peque\u00f1as empresas, empresas de servicios, Instalaciones m\u00e9dicas y m\u00e1s.","og_url":"https:\/\/www.cavsi.com\/espanol\/servicios\/diseno-sitios-web\/","og_site_name":"CAVSI","article_modified_time":"2023-04-15T05:30:05+00:00","og_image":[{"width":1209,"height":773,"url":"https:\/\/www.cavsi.com\/espanol\/wp-content\/uploads\/diseno-desarrollo-sitios-web-jpg-webp.webp","type":"image\/jpeg"}],"twitter_card":"summary_large_image","twitter_misc":{"Tiempo de lectura":"3 minutos"},"schema":{"@context":"https:\/\/schema.org","@graph":[{"@type":"WebPage","@id":"https:\/\/www.cavsi.com\/espanol\/servicios\/diseno-sitios-web\/","url":"https:\/\/www.cavsi.com\/espanol\/servicios\/diseno-sitios-web\/","name":"Dise\u00f1o de Sitios Web - CAVSI","isPartOf":{"@id":"https:\/\/www.cavsi.com\/espanol\/#website"},"primaryImageOfPage":{"@id":"https:\/\/www.cavsi.com\/espanol\/servicios\/diseno-sitios-web\/#primaryimage"},"image":{"@id":"https:\/\/www.cavsi.com\/espanol\/servicios\/diseno-sitios-web\/#primaryimage"},"thumbnailUrl":"https:\/\/www.cavsi.com\/espanol\/wp-content\/uploads\/diseno-desarrollo-sitios-web-jpg-webp.webp","datePublished":"2023-02-15T16:21:11+00:00","dateModified":"2023-04-15T05:30:05+00:00","description":"CAVSI ofrece\u00a0dise\u00f1o de sitios web\u00a0para minoristas, fabricantes, peque\u00f1as empresas, empresas de servicios, Instalaciones m\u00e9dicas y m\u00e1s.","breadcrumb":{"@id":"https:\/\/www.cavsi.com\/espanol\/servicios\/diseno-sitios-web\/#breadcrumb"},"inLanguage":"es","potentialAction":[{"@type":"ReadAction","target":["https:\/\/www.cavsi.com\/espanol\/servicios\/diseno-sitios-web\/"]}]},{"@type":"ImageObject","inLanguage":"es","@id":"https:\/\/www.cavsi.com\/espanol\/servicios\/diseno-sitios-web\/#primaryimage","url":"https:\/\/www.cavsi.com\/espanol\/wp-content\/uploads\/diseno-desarrollo-sitios-web-jpg-webp.webp","contentUrl":"https:\/\/www.cavsi.com\/espanol\/wp-content\/uploads\/diseno-desarrollo-sitios-web-jpg-webp.webp","width":1209,"height":773,"caption":"Website Design & Development"},{"@type":"BreadcrumbList","@id":"https:\/\/www.cavsi.com\/espanol\/servicios\/diseno-sitios-web\/#breadcrumb","itemListElement":[{"@type":"ListItem","position":1,"name":"Servicios","item":"https:\/\/www.cavsi.com\/espanol\/servicios\/"},{"@type":"ListItem","position":2,"name":"Dise\u00f1o de Sitios Web"}]},{"@type":"WebSite","@id":"https:\/\/www.cavsi.com\/espanol\/#website","url":"https:\/\/www.cavsi.com\/espanol\/","name":"CAVSI","description":"","publisher":{"@id":"https:\/\/www.cavsi.com\/espanol\/#organization"},"potentialAction":[{"@type":"SearchAction","target":{"@type":"EntryPoint","urlTemplate":"https:\/\/www.cavsi.com\/espanol\/?s={search_term_string}"},"query-input":{"@type":"PropertyValueSpecification","valueRequired":true,"valueName":"search_term_string"}}],"inLanguage":"es"},{"@type":"Organization","@id":"https:\/\/www.cavsi.com\/espanol\/#organization","name":"CAVSI","url":"https:\/\/www.cavsi.com\/espanol\/","logo":{"@type":"ImageObject","inLanguage":"es","@id":"https:\/\/www.cavsi.com\/espanol\/#\/schema\/logo\/image\/","url":"https:\/\/www.cavsi.com\/espanol\/wp-content\/uploads\/cavsi-logo.png","contentUrl":"https:\/\/www.cavsi.com\/espanol\/wp-content\/uploads\/cavsi-logo.png","width":300,"height":70,"caption":"CAVSI"},"image":{"@id":"https:\/\/www.cavsi.com\/espanol\/#\/schema\/logo\/image\/"}}]}},"_links":{"self":[{"href":"https:\/\/www.cavsi.com\/espanol\/wp-json\/wp\/v2\/pages\/29","targetHints":{"allow":["GET"]}}],"collection":[{"href":"https:\/\/www.cavsi.com\/espanol\/wp-json\/wp\/v2\/pages"}],"about":[{"href":"https:\/\/www.cavsi.com\/espanol\/wp-json\/wp\/v2\/types\/page"}],"author":[{"embeddable":true,"href":"https:\/\/www.cavsi.com\/espanol\/wp-json\/wp\/v2\/users\/1"}],"replies":[{"embeddable":true,"href":"https:\/\/www.cavsi.com\/espanol\/wp-json\/wp\/v2\/comments?post=29"}],"version-history":[{"count":0,"href":"https:\/\/www.cavsi.com\/espanol\/wp-json\/wp\/v2\/pages\/29\/revisions"}],"up":[{"embeddable":true,"href":"https:\/\/www.cavsi.com\/espanol\/wp-json\/wp\/v2\/pages\/21"}],"wp:featuredmedia":[{"embeddable":true,"href":"https:\/\/www.cavsi.com\/espanol\/wp-json\/wp\/v2\/media\/594"}],"wp:attachment":[{"href":"https:\/\/www.cavsi.com\/espanol\/wp-json\/wp\/v2\/media?parent=29"}],"curies":[{"name":"wp","href":"https:\/\/api.w.org\/{rel}","templated":true}]}}