{"id":27,"date":"2023-02-15T16:20:35","date_gmt":"2023-02-15T16:20:35","guid":{"rendered":"https:\/\/www.cavsi.com\/espanol\/?page_id=27"},"modified":"2023-04-29T00:12:47","modified_gmt":"2023-04-29T00:12:47","slug":"reparacion-cintas-vhs","status":"publish","type":"page","link":"https:\/\/www.cavsi.com\/espanol\/servicios\/reparacion-cintas-vhs\/","title":{"rendered":"Reparaci\u00f3n de cintas de v\u00eddeo VHS"},"content":{"rendered":"\n<p>Si tiene una cinta VHS rota que necesita reparaci\u00f3n, \u00a1cont\u00e1ctenos! En CAVSI reparamos cintas VHS da\u00f1adas. La mayor\u00eda de las reparaciones requieren solo un par de d\u00edas. Tambi\u00e9n transferimos cintas a DVD.<\/p>\n\n\n<div data-block-name=\"woocommerce\/product-category\" data-categories=\"[262]\" data-columns=\"1\" data-content-visibility=\"{&quot;image&quot;:true,&quot;title&quot;:true,&quot;price&quot;:true,&quot;rating&quot;:false,&quot;button&quot;:true}\" data-orderby=\"menu_order\" data-rows=\"6\" class=\"wc-block-grid wp-block-product-category wp-block-woocommerce-product-category wc-block-product-category has-1-columns has-multiple-rows products-display\"><ul class=\"wc-block-grid__products\"><li class=\"wc-block-grid__product\">\n\t\t\t\t<a href=\"https:\/\/www.cavsi.com\/espanol\/rentas-av\/reparacion-cintas-vhs-mini-dv-casetes-de-audio\/\" class=\"wc-block-grid__product-link\">\n\t\t\t\t\t\n\t\t\t\t\t<div class=\"wc-block-grid__product-image\"><img decoding=\"async\" loading=\"lazy\" width=\"300\" height=\"206\" src=\"https:\/\/www.cavsi.com\/espanol\/wp-content\/uploads\/reparacioncintaVHS01-300x206.webp\" class=\"attachment-woocommerce_thumbnail size-woocommerce_thumbnail not-transparent\" alt=\"Reparacion Cintas vhs\" srcset=\"https:\/\/www.cavsi.com\/espanol\/wp-content\/uploads\/reparacioncintaVHS01-300x206.webp 300w, https:\/\/www.cavsi.com\/espanol\/wp-content\/uploads\/reparacioncintaVHS01-150x103.webp 150w, https:\/\/www.cavsi.com\/espanol\/wp-content\/uploads\/reparacioncintaVHS01-200x138.webp 200w, https:\/\/www.cavsi.com\/espanol\/wp-content\/uploads\/reparacioncintaVHS01.jpg 391w\" sizes=\"auto, (max-width: 300px) 100vw, 300px\" data-has-transparency=\"false\" data-dominant-color=\"a7a9ab\" style=\"--dominant-color: #a7a9ab;\" \/><\/div>\n\t\t\t\t\t<div class=\"wc-block-grid__product-title\">Reparaci\u00f3n de cintas VHS, Mini DV o casetes de audio<\/div>\n\t\t\t\t<\/a>\n\t\t\t\t<div class=\"wc-block-grid__product-price price\"><span class=\"woocommerce-Price-amount amount\" aria-hidden=\"true\"><span class=\"woocommerce-Price-currencySymbol\">&#036;<\/span>25.00<\/span> <span aria-hidden=\"true\">&#8211;<\/span> <span class=\"woocommerce-Price-amount amount\" aria-hidden=\"true\"><span class=\"woocommerce-Price-currencySymbol\">&#036;<\/span>45.00<\/span><span class=\"screen-reader-text\">Rango de precios: desde &#036;25.00 hasta &#036;45.00<\/span><\/div>\n\t\t\t\t\n\t\t\t\t<div class=\"wp-block-button wc-block-grid__product-add-to-cart\"><a href=\"https:\/\/www.cavsi.com\/espanol\/rentas-av\/reparacion-cintas-vhs-mini-dv-casetes-de-audio\/\" aria-label=\"Elige las opciones para &ldquo;Reparaci\u00f3n de cintas VHS, Mini DV o casetes de audio&rdquo;\" data-quantity=\"1\" data-product_id=\"564\" data-product_sku=\"\" data-price=\"25\" rel=\"nofollow\" class=\"wp-block-button__link  add_to_cart_button\">Seleccionar opciones<\/a><\/div>\n\t\t\t<\/li><\/ul><\/div>\n\n<div class=\"wp-block-image hide-on-mobiles\">\n<figure class=\"alignright size-full is-resized\"><img data-dominant-color=\"625f5b\" data-has-transparency=\"false\" style=\"--dominant-color: #625f5b;\" decoding=\"async\" loading=\"lazy\" src=\"https:\/\/www.cavsi.com\/espanol\/wp-content\/uploads\/image-2.png\" alt=\"\" class=\"not-transparent wp-image-5259\" width=\"113\" height=\"113\"\/><\/figure>\n<\/div>\n\n\n<p>Si bien haremos todo lo posible para reparar una cinta de video da\u00f1ada, tenga en cuenta que cuando se rompe una cinta VHS, perder\u00e1 algunos minutos de grabaci\u00f3n que corresponden a la cinta rota. Las cintas que hayan sido arrugadas o empapadas en alg\u00fan tipo de l\u00edquido o incluso arena no se pueden reparar. Si la cinta est\u00e1 atascada en el reproductor de VHS y no puede sacarla. P\u00f3ngase en contacto con nosotros para darle algunas instrucciones sobre c\u00f3mo retirar correctamente la cinta VHS.<\/p>\n\n\n\n<h2 class=\"wp-block-heading\">Preguntas y respuestas frecuentes sobre conversions de formato<\/h2>\n\n\n\n<div class=\"schema-faq wp-block-yoast-faq-block\"><div class=\"schema-faq-section\" id=\"faq-question-1676493082136\"><strong class=\"schema-faq-question\">\u00bfCu\u00e1les son las ventajas de pasar tus videos VHS a DVD?<\/strong> <p class=\"schema-faq-answer\">\u2022 Las cintas de video se desgastan debido al roce con la cabeza del reproductor de VHS.<br\/>\u2022 Las copias de seguridad de sus pel\u00edculas en DVD conservan la calidad original.<br\/>\u2022 Ahorre espacio Los DVD son m\u00e1s peque\u00f1os que las cintas de video.<br\/>\u2022 Acceso inmediato a las mejores escenas de tus pel\u00edculas favoritas.<br\/>\u2022 Agregue muchos a\u00f1os a la vida de sus videos DVD.<\/p> <\/div> <div class=\"schema-faq-section\" id=\"faq-question-1676493107622\"><strong class=\"schema-faq-question\">Tipos de problemas que podemos reparar<\/strong> <p class=\"schema-faq-answer\">\u2022 Cubierta rota o da\u00f1ada.<br\/>\u2022 Secciones de cinta enredadas, enredadas o da\u00f1adas. Es posible que sea necesario quitar las secciones da\u00f1adas de la cinta para que la cinta pueda reproducirse.<br\/>\u2022 Cintas que no se reproducen o son expulsadas por una videograbadora.<br\/>\u2022 Cintas con piezas faltantes.<\/p> <\/div> <\/div>\n\n\n<div class=\"relink\"><div class=\"rlink\"><a href=\"https:\/\/www.cavsi.com\/espanol\/servicios\/edicion-video-profesional\/\">Edici\u00f3n de Video Profesional<\/a><\/div><div class=\"rlink\"><a href=\"https:\/\/www.cavsi.com\/espanol\/servicios\/duplicacion-conversion-formatos\/\">Duplicaci\u00f3n y Conversi\u00f3n de Formatos<\/a><\/div><div class=\"rlink\"><a href=\"https:\/\/www.cavsi.com\/espanol\/servicios\/alquiler-paquetes-audiovisuales\/\">Alquiler Paquetes AudioVisuales<\/a><\/div><\/div>\n\n\n\n<div class=\"services\">\r\n<h3>Servicio de reparaci\u00f3n de cintas VHS<\/h3>\r\n<ul>\r\n<li>Reparar cinta VHS<\/li>\r\n<li>Reparar cinta VHS-C<\/li>\r\n<\/ul>\r\n<\/div>\n","protected":false},"excerpt":{"rendered":"<p>Si tiene una cinta VHS rota que necesita reparaci\u00f3n, \u00a1cont\u00e1ctenos! En CAVSI reparamos cintas VHS da\u00f1adas. La mayor\u00eda de las reparaciones requieren solo un par de d\u00edas. Tambi\u00e9n transferimos cintas a DVD. Si bien haremos todo lo posible para reparar [&hellip;]<\/p>\n","protected":false},"author":1,"featured_media":396,"parent":21,"menu_order":3,"comment_status":"closed","ping_status":"closed","template":"","meta":{"nf_dc_page":"","footnotes":""},"class_list":["post-27","page","type-page","status-publish","has-post-thumbnail","hentry"],"yoast_head":"<!-- This site is optimized with the Yoast SEO plugin v26.9 - https:\/\/yoast.com\/product\/yoast-seo-wordpress\/ -->\n<title>Reparaci\u00f3n de cintas de v\u00eddeo VHS - CAVSI<\/title>\n<meta name=\"description\" content=\"Reparaci\u00f3n de cintas VHS. \u00bfTiene una cinta VHS rota que necesita reparaci\u00f3n? P\u00f3ngase en contacto con CAVSI. Reparamos cintas rotas o da\u00f1adas\" \/>\n<meta name=\"robots\" content=\"index, follow, max-snippet:-1, max-image-preview:large, max-video-preview:-1\" \/>\n<link rel=\"canonical\" href=\"https:\/\/www.cavsi.com\/espanol\/servicios\/reparacion-cintas-vhs\/\" \/>\n<meta property=\"og:locale\" content=\"es_ES\" \/>\n<meta property=\"og:type\" content=\"article\" \/>\n<meta property=\"og:title\" content=\"Reparaci\u00f3n de cintas de v\u00eddeo VHS - CAVSI\" \/>\n<meta property=\"og:description\" content=\"Reparaci\u00f3n de cintas VHS. \u00bfTiene una cinta VHS rota que necesita reparaci\u00f3n? P\u00f3ngase en contacto con CAVSI. Reparamos cintas rotas o da\u00f1adas\" \/>\n<meta property=\"og:url\" content=\"https:\/\/www.cavsi.com\/espanol\/servicios\/reparacion-cintas-vhs\/\" \/>\n<meta property=\"og:site_name\" content=\"CAVSI\" \/>\n<meta property=\"article:modified_time\" content=\"2023-04-29T00:12:47+00:00\" \/>\n<meta property=\"og:image\" content=\"https:\/\/www.cavsi.com\/espanol\/wp-content\/uploads\/reparacioncintaVHS01.jpg\" \/>\n\t<meta property=\"og:image:width\" content=\"391\" \/>\n\t<meta property=\"og:image:height\" content=\"269\" \/>\n\t<meta property=\"og:image:type\" content=\"image\/jpeg\" \/>\n<meta name=\"twitter:card\" content=\"summary_large_image\" \/>\n<meta name=\"twitter:label1\" content=\"Tiempo de lectura\" \/>\n\t<meta name=\"twitter:data1\" content=\"2 minutos\" \/>\n<script type=\"application\/ld+json\" class=\"yoast-schema-graph\">{\"@context\":\"https:\/\/schema.org\",\"@graph\":[{\"@type\":[\"WebPage\",\"FAQPage\"],\"@id\":\"https:\/\/www.cavsi.com\/espanol\/servicios\/reparacion-cintas-vhs\/\",\"url\":\"https:\/\/www.cavsi.com\/espanol\/servicios\/reparacion-cintas-vhs\/\",\"name\":\"Reparaci\u00f3n de cintas de v\u00eddeo VHS - CAVSI\",\"isPartOf\":{\"@id\":\"https:\/\/www.cavsi.com\/espanol\/#website\"},\"primaryImageOfPage\":{\"@id\":\"https:\/\/www.cavsi.com\/espanol\/servicios\/reparacion-cintas-vhs\/#primaryimage\"},\"image\":{\"@id\":\"https:\/\/www.cavsi.com\/espanol\/servicios\/reparacion-cintas-vhs\/#primaryimage\"},\"thumbnailUrl\":\"https:\/\/www.cavsi.com\/espanol\/wp-content\/uploads\/reparacioncintaVHS01.jpg\",\"datePublished\":\"2023-02-15T16:20:35+00:00\",\"dateModified\":\"2023-04-29T00:12:47+00:00\",\"description\":\"Reparaci\u00f3n de cintas VHS. \u00bfTiene una cinta VHS rota que necesita reparaci\u00f3n? P\u00f3ngase en contacto con CAVSI. Reparamos cintas rotas o da\u00f1adas\",\"breadcrumb\":{\"@id\":\"https:\/\/www.cavsi.com\/espanol\/servicios\/reparacion-cintas-vhs\/#breadcrumb\"},\"mainEntity\":[{\"@id\":\"https:\/\/www.cavsi.com\/espanol\/servicios\/reparacion-cintas-vhs\/#faq-question-1676493082136\"},{\"@id\":\"https:\/\/www.cavsi.com\/espanol\/servicios\/reparacion-cintas-vhs\/#faq-question-1676493107622\"}],\"inLanguage\":\"es\",\"potentialAction\":[{\"@type\":\"ReadAction\",\"target\":[\"https:\/\/www.cavsi.com\/espanol\/servicios\/reparacion-cintas-vhs\/\"]}]},{\"@type\":\"ImageObject\",\"inLanguage\":\"es\",\"@id\":\"https:\/\/www.cavsi.com\/espanol\/servicios\/reparacion-cintas-vhs\/#primaryimage\",\"url\":\"https:\/\/www.cavsi.com\/espanol\/wp-content\/uploads\/reparacioncintaVHS01.jpg\",\"contentUrl\":\"https:\/\/www.cavsi.com\/espanol\/wp-content\/uploads\/reparacioncintaVHS01.jpg\",\"width\":391,\"height\":269,\"caption\":\"Reparacion Cintas vhs\"},{\"@type\":\"BreadcrumbList\",\"@id\":\"https:\/\/www.cavsi.com\/espanol\/servicios\/reparacion-cintas-vhs\/#breadcrumb\",\"itemListElement\":[{\"@type\":\"ListItem\",\"position\":1,\"name\":\"Servicios\",\"item\":\"https:\/\/www.cavsi.com\/espanol\/servicios\/\"},{\"@type\":\"ListItem\",\"position\":2,\"name\":\"Reparaci\u00f3n de cintas de v\u00eddeo VHS\"}]},{\"@type\":\"WebSite\",\"@id\":\"https:\/\/www.cavsi.com\/espanol\/#website\",\"url\":\"https:\/\/www.cavsi.com\/espanol\/\",\"name\":\"CAVSI\",\"description\":\"\",\"publisher\":{\"@id\":\"https:\/\/www.cavsi.com\/espanol\/#organization\"},\"potentialAction\":[{\"@type\":\"SearchAction\",\"target\":{\"@type\":\"EntryPoint\",\"urlTemplate\":\"https:\/\/www.cavsi.com\/espanol\/?s={search_term_string}\"},\"query-input\":{\"@type\":\"PropertyValueSpecification\",\"valueRequired\":true,\"valueName\":\"search_term_string\"}}],\"inLanguage\":\"es\"},{\"@type\":\"Organization\",\"@id\":\"https:\/\/www.cavsi.com\/espanol\/#organization\",\"name\":\"CAVSI\",\"url\":\"https:\/\/www.cavsi.com\/espanol\/\",\"logo\":{\"@type\":\"ImageObject\",\"inLanguage\":\"es\",\"@id\":\"https:\/\/www.cavsi.com\/espanol\/#\/schema\/logo\/image\/\",\"url\":\"https:\/\/www.cavsi.com\/espanol\/wp-content\/uploads\/cavsi-logo.png\",\"contentUrl\":\"https:\/\/www.cavsi.com\/espanol\/wp-content\/uploads\/cavsi-logo.png\",\"width\":300,\"height\":70,\"caption\":\"CAVSI\"},\"image\":{\"@id\":\"https:\/\/www.cavsi.com\/espanol\/#\/schema\/logo\/image\/\"}},{\"@type\":\"Question\",\"@id\":\"https:\/\/www.cavsi.com\/espanol\/servicios\/reparacion-cintas-vhs\/#faq-question-1676493082136\",\"position\":1,\"url\":\"https:\/\/www.cavsi.com\/espanol\/servicios\/reparacion-cintas-vhs\/#faq-question-1676493082136\",\"name\":\"\u00bfCu\u00e1les son las ventajas de pasar tus videos VHS a DVD?\",\"answerCount\":1,\"acceptedAnswer\":{\"@type\":\"Answer\",\"text\":\"\u2022 Las cintas de video se desgastan debido al roce con la cabeza del reproductor de VHS.<br\/>\u2022 Las copias de seguridad de sus pel\u00edculas en DVD conservan la calidad original.<br\/>\u2022 Ahorre espacio Los DVD son m\u00e1s peque\u00f1os que las cintas de video.<br\/>\u2022 Acceso inmediato a las mejores escenas de tus pel\u00edculas favoritas.<br\/>\u2022 Agregue muchos a\u00f1os a la vida de sus videos DVD.\",\"inLanguage\":\"es\"},\"inLanguage\":\"es\"},{\"@type\":\"Question\",\"@id\":\"https:\/\/www.cavsi.com\/espanol\/servicios\/reparacion-cintas-vhs\/#faq-question-1676493107622\",\"position\":2,\"url\":\"https:\/\/www.cavsi.com\/espanol\/servicios\/reparacion-cintas-vhs\/#faq-question-1676493107622\",\"name\":\"Tipos de problemas que podemos reparar\",\"answerCount\":1,\"acceptedAnswer\":{\"@type\":\"Answer\",\"text\":\"\u2022 Cubierta rota o da\u00f1ada.<br\/>\u2022 Secciones de cinta enredadas, enredadas o da\u00f1adas. Es posible que sea necesario quitar las secciones da\u00f1adas de la cinta para que la cinta pueda reproducirse.<br\/>\u2022 Cintas que no se reproducen o son expulsadas por una videograbadora.<br\/>\u2022 Cintas con piezas faltantes.\",\"inLanguage\":\"es\"},\"inLanguage\":\"es\"}]}<\/script>\n<!-- \/ Yoast SEO plugin. -->","yoast_head_json":{"title":"Reparaci\u00f3n de cintas de v\u00eddeo VHS - CAVSI","description":"Reparaci\u00f3n de cintas VHS. \u00bfTiene una cinta VHS rota que necesita reparaci\u00f3n? P\u00f3ngase en contacto con CAVSI. Reparamos cintas rotas o da\u00f1adas","robots":{"index":"index","follow":"follow","max-snippet":"max-snippet:-1","max-image-preview":"max-image-preview:large","max-video-preview":"max-video-preview:-1"},"canonical":"https:\/\/www.cavsi.com\/espanol\/servicios\/reparacion-cintas-vhs\/","og_locale":"es_ES","og_type":"article","og_title":"Reparaci\u00f3n de cintas de v\u00eddeo VHS - CAVSI","og_description":"Reparaci\u00f3n de cintas VHS. \u00bfTiene una cinta VHS rota que necesita reparaci\u00f3n? P\u00f3ngase en contacto con CAVSI. Reparamos cintas rotas o da\u00f1adas","og_url":"https:\/\/www.cavsi.com\/espanol\/servicios\/reparacion-cintas-vhs\/","og_site_name":"CAVSI","article_modified_time":"2023-04-29T00:12:47+00:00","og_image":[{"width":391,"height":269,"url":"https:\/\/www.cavsi.com\/espanol\/wp-content\/uploads\/reparacioncintaVHS01.jpg","type":"image\/jpeg"}],"twitter_card":"summary_large_image","twitter_misc":{"Tiempo de lectura":"2 minutos"},"schema":{"@context":"https:\/\/schema.org","@graph":[{"@type":["WebPage","FAQPage"],"@id":"https:\/\/www.cavsi.com\/espanol\/servicios\/reparacion-cintas-vhs\/","url":"https:\/\/www.cavsi.com\/espanol\/servicios\/reparacion-cintas-vhs\/","name":"Reparaci\u00f3n de cintas de v\u00eddeo VHS - CAVSI","isPartOf":{"@id":"https:\/\/www.cavsi.com\/espanol\/#website"},"primaryImageOfPage":{"@id":"https:\/\/www.cavsi.com\/espanol\/servicios\/reparacion-cintas-vhs\/#primaryimage"},"image":{"@id":"https:\/\/www.cavsi.com\/espanol\/servicios\/reparacion-cintas-vhs\/#primaryimage"},"thumbnailUrl":"https:\/\/www.cavsi.com\/espanol\/wp-content\/uploads\/reparacioncintaVHS01.jpg","datePublished":"2023-02-15T16:20:35+00:00","dateModified":"2023-04-29T00:12:47+00:00","description":"Reparaci\u00f3n de cintas VHS. \u00bfTiene una cinta VHS rota que necesita reparaci\u00f3n? P\u00f3ngase en contacto con CAVSI. Reparamos cintas rotas o da\u00f1adas","breadcrumb":{"@id":"https:\/\/www.cavsi.com\/espanol\/servicios\/reparacion-cintas-vhs\/#breadcrumb"},"mainEntity":[{"@id":"https:\/\/www.cavsi.com\/espanol\/servicios\/reparacion-cintas-vhs\/#faq-question-1676493082136"},{"@id":"https:\/\/www.cavsi.com\/espanol\/servicios\/reparacion-cintas-vhs\/#faq-question-1676493107622"}],"inLanguage":"es","potentialAction":[{"@type":"ReadAction","target":["https:\/\/www.cavsi.com\/espanol\/servicios\/reparacion-cintas-vhs\/"]}]},{"@type":"ImageObject","inLanguage":"es","@id":"https:\/\/www.cavsi.com\/espanol\/servicios\/reparacion-cintas-vhs\/#primaryimage","url":"https:\/\/www.cavsi.com\/espanol\/wp-content\/uploads\/reparacioncintaVHS01.jpg","contentUrl":"https:\/\/www.cavsi.com\/espanol\/wp-content\/uploads\/reparacioncintaVHS01.jpg","width":391,"height":269,"caption":"Reparacion Cintas vhs"},{"@type":"BreadcrumbList","@id":"https:\/\/www.cavsi.com\/espanol\/servicios\/reparacion-cintas-vhs\/#breadcrumb","itemListElement":[{"@type":"ListItem","position":1,"name":"Servicios","item":"https:\/\/www.cavsi.com\/espanol\/servicios\/"},{"@type":"ListItem","position":2,"name":"Reparaci\u00f3n de cintas de v\u00eddeo VHS"}]},{"@type":"WebSite","@id":"https:\/\/www.cavsi.com\/espanol\/#website","url":"https:\/\/www.cavsi.com\/espanol\/","name":"CAVSI","description":"","publisher":{"@id":"https:\/\/www.cavsi.com\/espanol\/#organization"},"potentialAction":[{"@type":"SearchAction","target":{"@type":"EntryPoint","urlTemplate":"https:\/\/www.cavsi.com\/espanol\/?s={search_term_string}"},"query-input":{"@type":"PropertyValueSpecification","valueRequired":true,"valueName":"search_term_string"}}],"inLanguage":"es"},{"@type":"Organization","@id":"https:\/\/www.cavsi.com\/espanol\/#organization","name":"CAVSI","url":"https:\/\/www.cavsi.com\/espanol\/","logo":{"@type":"ImageObject","inLanguage":"es","@id":"https:\/\/www.cavsi.com\/espanol\/#\/schema\/logo\/image\/","url":"https:\/\/www.cavsi.com\/espanol\/wp-content\/uploads\/cavsi-logo.png","contentUrl":"https:\/\/www.cavsi.com\/espanol\/wp-content\/uploads\/cavsi-logo.png","width":300,"height":70,"caption":"CAVSI"},"image":{"@id":"https:\/\/www.cavsi.com\/espanol\/#\/schema\/logo\/image\/"}},{"@type":"Question","@id":"https:\/\/www.cavsi.com\/espanol\/servicios\/reparacion-cintas-vhs\/#faq-question-1676493082136","position":1,"url":"https:\/\/www.cavsi.com\/espanol\/servicios\/reparacion-cintas-vhs\/#faq-question-1676493082136","name":"\u00bfCu\u00e1les son las ventajas de pasar tus videos VHS a DVD?","answerCount":1,"acceptedAnswer":{"@type":"Answer","text":"\u2022 Las cintas de video se desgastan debido al roce con la cabeza del reproductor de VHS.<br\/>\u2022 Las copias de seguridad de sus pel\u00edculas en DVD conservan la calidad original.<br\/>\u2022 Ahorre espacio Los DVD son m\u00e1s peque\u00f1os que las cintas de video.<br\/>\u2022 Acceso inmediato a las mejores escenas de tus pel\u00edculas favoritas.<br\/>\u2022 Agregue muchos a\u00f1os a la vida de sus videos DVD.","inLanguage":"es"},"inLanguage":"es"},{"@type":"Question","@id":"https:\/\/www.cavsi.com\/espanol\/servicios\/reparacion-cintas-vhs\/#faq-question-1676493107622","position":2,"url":"https:\/\/www.cavsi.com\/espanol\/servicios\/reparacion-cintas-vhs\/#faq-question-1676493107622","name":"Tipos de problemas que podemos reparar","answerCount":1,"acceptedAnswer":{"@type":"Answer","text":"\u2022 Cubierta rota o da\u00f1ada.<br\/>\u2022 Secciones de cinta enredadas, enredadas o da\u00f1adas. Es posible que sea necesario quitar las secciones da\u00f1adas de la cinta para que la cinta pueda reproducirse.<br\/>\u2022 Cintas que no se reproducen o son expulsadas por una videograbadora.<br\/>\u2022 Cintas con piezas faltantes.","inLanguage":"es"},"inLanguage":"es"}]}},"_links":{"self":[{"href":"https:\/\/www.cavsi.com\/espanol\/wp-json\/wp\/v2\/pages\/27","targetHints":{"allow":["GET"]}}],"collection":[{"href":"https:\/\/www.cavsi.com\/espanol\/wp-json\/wp\/v2\/pages"}],"about":[{"href":"https:\/\/www.cavsi.com\/espanol\/wp-json\/wp\/v2\/types\/page"}],"author":[{"embeddable":true,"href":"https:\/\/www.cavsi.com\/espanol\/wp-json\/wp\/v2\/users\/1"}],"replies":[{"embeddable":true,"href":"https:\/\/www.cavsi.com\/espanol\/wp-json\/wp\/v2\/comments?post=27"}],"version-history":[{"count":1,"href":"https:\/\/www.cavsi.com\/espanol\/wp-json\/wp\/v2\/pages\/27\/revisions"}],"predecessor-version":[{"id":5292,"href":"https:\/\/www.cavsi.com\/espanol\/wp-json\/wp\/v2\/pages\/27\/revisions\/5292"}],"up":[{"embeddable":true,"href":"https:\/\/www.cavsi.com\/espanol\/wp-json\/wp\/v2\/pages\/21"}],"wp:featuredmedia":[{"embeddable":true,"href":"https:\/\/www.cavsi.com\/espanol\/wp-json\/wp\/v2\/media\/396"}],"wp:attachment":[{"href":"https:\/\/www.cavsi.com\/espanol\/wp-json\/wp\/v2\/media?parent=27"}],"curies":[{"name":"wp","href":"https:\/\/api.w.org\/{rel}","templated":true}]}}