{"id":21,"date":"2023-02-15T16:16:44","date_gmt":"2023-02-15T16:16:44","guid":{"rendered":"https:\/\/www.cavsi.com\/espanol\/?page_id=21"},"modified":"2023-04-28T23:45:27","modified_gmt":"2023-04-28T23:45:27","slug":"servicios","status":"publish","type":"page","link":"https:\/\/www.cavsi.com\/espanol\/servicios\/","title":{"rendered":"Servicios"},"content":{"rendered":"\n<p>CAVSI ofrece una amplia variedad de servicios en Audio y Video, para satisfacer hasta las necesidades m\u00e1s complejas y exigentes de nuestros clients.<\/p>\n\n\n\n<h2 class=\"wp-block-heading\">\u00bfPor qu\u00e9 elegir a CAVSI?<\/h2>\n\n\n\n<p>Brindamos servicios profesionales de instalaci\u00f3n y soporte de AV para eventos corporativos y privados, as\u00ed como ferias comerciales, galer\u00edas y eventos para recaudar fondos. Somos profesionales con conocimientos y experiencia para asegurar que todas sus necesidades audiovisuales est\u00e9n cubiertas. Nos aseguramos de que se tenga en cuenta cada detalle, desde el concepto hasta la finalizaci\u00f3n.<\/p>\n\n\n<section class=\"widget widget_flex-posts-list\"><div class=\"fp-row fp-list-2 fp-flex\"><div class=\"fp-col fp-post\"><h3 class=\"fp-title\"><a class=\"fp-thumbnail\" href=\"https:\/\/www.cavsi.com\/espanol\/servicios\/transmisiones-web-y-videoconferencias\/\" title=\"Transmisiones web en vivo\" aria-label=\"Transmisiones web en vivo\">Transmisiones web en vivo<\/a><\/h3><a class=\"fp-thumbnail\" href=\"https:\/\/www.cavsi.com\/espanol\/servicios\/transmisiones-web-y-videoconferencias\/\" title=\"Alquiler de equipos para webcasting\" aria-label=\"Alquiler de equipos para webcasting\"><img decoding=\"async\" loading=\"lazy\" width=\"300\" height=\"195\" src=\"https:\/\/www.cavsi.com\/espanol\/wp-content\/uploads\/transmisiones-web-videoconferencias-04-300x195.webp\" class=\"attachment-thumbnail size-thumbnail not-transparent wp-post-image\" alt=\"Alquiler de equipos para webcasting\" srcset=\"https:\/\/www.cavsi.com\/espanol\/wp-content\/uploads\/transmisiones-web-videoconferencias-04-300x195.webp 300w, https:\/\/www.cavsi.com\/espanol\/wp-content\/uploads\/transmisiones-web-videoconferencias-04-200x130.webp 200w, https:\/\/www.cavsi.com\/espanol\/wp-content\/uploads\/transmisiones-web-videoconferencias-04-600x389.webp 600w, https:\/\/www.cavsi.com\/espanol\/wp-content\/uploads\/transmisiones-web-videoconferencias-04-768x498.webp 768w, https:\/\/www.cavsi.com\/espanol\/wp-content\/uploads\/transmisiones-web-videoconferencias-04.jpg 1024w\" sizes=\"auto, (max-width: 300px) 100vw, 300px\" data-has-transparency=\"false\" data-dominant-color=\"3b403e\" style=\"--dominant-color: #3b403e;\" \/><\/a><p>Podemos ayudarlo a tener \u00e9xito durante los seminarios web, servicios de reunions virtuales, reuniones p\u00fablicas, paneles de discusi\u00f3n y servicios de transmisi\u00f3n en vivo cuando los participantes no pueden reunirse cara a cara, cualquier persona pued...<\/p><\/div><div class=\"fp-col fp-post\"><h3 class=\"fp-title\"><a class=\"fp-thumbnail\" href=\"https:\/\/www.cavsi.com\/espanol\/servicios\/alquiler-paquetes-audiovisuales\/\" title=\"Alquiler Paquetes AudioVisuales\" aria-label=\"Alquiler Paquetes AudioVisuales\">Alquiler Paquetes AudioVisuales<\/a><\/h3><a class=\"fp-thumbnail\" href=\"https:\/\/www.cavsi.com\/espanol\/servicios\/alquiler-paquetes-audiovisuales\/\" title=\"Paquete de alquiler proyector y pantalla\" aria-label=\"Paquete de alquiler proyector y pantalla\"><img decoding=\"async\" loading=\"lazy\" width=\"300\" height=\"185\" src=\"https:\/\/www.cavsi.com\/espanol\/wp-content\/uploads\/PaqueteEconomicoConferencias-plus-300x185.webp\" class=\"attachment-thumbnail size-thumbnail not-transparent wp-post-image\" alt=\"Paquete de alquiler proyector y pantalla\" srcset=\"https:\/\/www.cavsi.com\/espanol\/wp-content\/uploads\/PaqueteEconomicoConferencias-plus-300x185.webp 300w, https:\/\/www.cavsi.com\/espanol\/wp-content\/uploads\/PaqueteEconomicoConferencias-plus-600x369.webp 600w, https:\/\/www.cavsi.com\/espanol\/wp-content\/uploads\/PaqueteEconomicoConferencias-plus-768x473.webp 768w, https:\/\/www.cavsi.com\/espanol\/wp-content\/uploads\/PaqueteEconomicoConferencias-plus-200x123.webp 200w, https:\/\/www.cavsi.com\/espanol\/wp-content\/uploads\/PaqueteEconomicoConferencias-plus-jpg.webp 1024w\" sizes=\"auto, (max-width: 300px) 100vw, 300px\" data-has-transparency=\"false\" data-dominant-color=\"43493b\" style=\"--dominant-color: #43493b;\" \/><\/a><p>Encuentra proyectores de video, televisores LED, altavoces, mezcladoras de audio, pantallas y mas. Podemos ayudarlo a organizar sus conferencias, convenciones, exhibiciones, seminarios, talleres, eventos o reuniones de negocios de manera elegante ...<\/p><\/div><div class=\"fp-col fp-post\"><h3 class=\"fp-title\"><a class=\"fp-thumbnail\" href=\"https:\/\/www.cavsi.com\/espanol\/servicios\/paquetes-equipos-karaoke\/\" title=\"Paquetes Equipos para Karaoke\" aria-label=\"Paquetes Equipos para Karaoke\">Paquetes Equipos para Karaoke<\/a><\/h3><a class=\"fp-thumbnail\" href=\"https:\/\/www.cavsi.com\/espanol\/servicios\/paquetes-equipos-karaoke\/\" title=\"Alquiler de m\u00e1quinas de karaoke\" aria-label=\"Alquiler de m\u00e1quinas de karaoke\"><img decoding=\"async\" loading=\"lazy\" width=\"300\" height=\"191\" src=\"https:\/\/www.cavsi.com\/espanol\/wp-content\/uploads\/AlquilerAudioVisualesKaraoke-Miami-Broward-Palm-Beach_36-300x191.webp\" class=\"attachment-thumbnail size-thumbnail not-transparent wp-post-image\" alt=\"Alquiler de m\u00e1quinas de karaoke\" srcset=\"https:\/\/www.cavsi.com\/espanol\/wp-content\/uploads\/AlquilerAudioVisualesKaraoke-Miami-Broward-Palm-Beach_36-300x191.webp 300w, https:\/\/www.cavsi.com\/espanol\/wp-content\/uploads\/AlquilerAudioVisualesKaraoke-Miami-Broward-Palm-Beach_36-200x127.webp 200w, https:\/\/www.cavsi.com\/espanol\/wp-content\/uploads\/AlquilerAudioVisualesKaraoke-Miami-Broward-Palm-Beach_36.jpg 550w\" sizes=\"auto, (max-width: 300px) 100vw, 300px\" data-has-transparency=\"false\" data-dominant-color=\"5f584b\" style=\"--dominant-color: #5f584b;\" \/><\/a><p>\u00a1Comparte el tiempo con familiares y amigos de una forma original, cantando Karaoke! Nuestros paquetes de karaoke incluyen una variedad de g\u00e9neros de canciones como country, rom\u00e1ntico, pop, rock, hip-hop y m\u00e1s. Solo elige tu favorito. El karaoke e...<\/p><\/div><div class=\"fp-col fp-post\"><h3 class=\"fp-title\"><a class=\"fp-thumbnail\" href=\"https:\/\/www.cavsi.com\/espanol\/servicios\/edicion-video-profesional\/\" title=\"Edici\u00f3n de Video Profesional\" aria-label=\"Edici\u00f3n de Video Profesional\">Edici\u00f3n de Video Profesional<\/a><\/h3><a class=\"fp-thumbnail\" href=\"https:\/\/www.cavsi.com\/espanol\/servicios\/edicion-video-profesional\/\" title=\"Edicion de video profesional\" aria-label=\"Edicion de video profesional\"><img decoding=\"async\" loading=\"lazy\" width=\"150\" height=\"94\" src=\"https:\/\/www.cavsi.com\/espanol\/wp-content\/uploads\/edicion-video-150x94.webp\" class=\"attachment-thumbnail size-thumbnail not-transparent wp-post-image\" alt=\"Edicion de video profesional\" srcset=\"https:\/\/www.cavsi.com\/espanol\/wp-content\/uploads\/edicion-video-150x94.webp 150w, https:\/\/www.cavsi.com\/espanol\/wp-content\/uploads\/edicion-video-300x188.webp 300w, https:\/\/www.cavsi.com\/espanol\/wp-content\/uploads\/edicion-video-200x126.webp 200w, https:\/\/www.cavsi.com\/espanol\/wp-content\/uploads\/edicion-video.jpg 500w\" sizes=\"auto, (max-width: 150px) 100vw, 150px\" data-has-transparency=\"false\" data-dominant-color=\"919393\" style=\"--dominant-color: #919393;\" \/><\/a><p>Servicio de edici\u00f3n de video\u00a0para empresas, familias, bodas, quincea\u00f1eros y otros eventos. Manejamos sus necesidades de video de manera professional, rentable y punctual. Ning\u00fan proyecto es demasiado simple o demasiado Complejo. Queremos hacer que...<\/p><\/div><div class=\"fp-col fp-post\"><h3 class=\"fp-title\"><a class=\"fp-thumbnail\" href=\"https:\/\/www.cavsi.com\/espanol\/servicios\/reparacion-cintas-vhs\/\" title=\"Reparaci\u00f3n de cintas de v\u00eddeo VHS\" aria-label=\"Reparaci\u00f3n de cintas de v\u00eddeo VHS\">Reparaci\u00f3n de cintas de v\u00eddeo VHS<\/a><\/h3><a class=\"fp-thumbnail\" href=\"https:\/\/www.cavsi.com\/espanol\/servicios\/reparacion-cintas-vhs\/\" title=\"Reparacion Cintas vhs\" aria-label=\"Reparacion Cintas vhs\"><img decoding=\"async\" loading=\"lazy\" width=\"150\" height=\"103\" src=\"https:\/\/www.cavsi.com\/espanol\/wp-content\/uploads\/reparacioncintaVHS01-150x103.webp\" class=\"attachment-thumbnail size-thumbnail not-transparent wp-post-image\" alt=\"Reparacion Cintas vhs\" srcset=\"https:\/\/www.cavsi.com\/espanol\/wp-content\/uploads\/reparacioncintaVHS01-150x103.webp 150w, https:\/\/www.cavsi.com\/espanol\/wp-content\/uploads\/reparacioncintaVHS01-300x206.webp 300w, https:\/\/www.cavsi.com\/espanol\/wp-content\/uploads\/reparacioncintaVHS01-200x138.webp 200w, https:\/\/www.cavsi.com\/espanol\/wp-content\/uploads\/reparacioncintaVHS01.jpg 391w\" sizes=\"auto, (max-width: 150px) 100vw, 150px\" data-has-transparency=\"false\" data-dominant-color=\"a7a9ab\" style=\"--dominant-color: #a7a9ab;\" \/><\/a><p>Si tiene una cinta VHS rota que necesita reparaci\u00f3n, \u00a1cont\u00e1ctenos! En CAVSI reparamos cintas VHS da\u00f1adas. La mayor\u00eda de las reparaciones requieren solo un par de d\u00edas. Tambi\u00e9n transferimos cintas a DVD. Si bien haremos todo lo posible para reparar...<\/p><\/div><div class=\"fp-col fp-post\"><h3 class=\"fp-title\"><a class=\"fp-thumbnail\" href=\"https:\/\/www.cavsi.com\/espanol\/servicios\/duplicacion-conversion-formatos\/\" title=\"Duplicaci\u00f3n y Conversi\u00f3n de Formatos\" aria-label=\"Duplicaci\u00f3n y Conversi\u00f3n de Formatos\">Duplicaci\u00f3n y Conversi\u00f3n de Formatos<\/a><\/h3><a class=\"fp-thumbnail\" href=\"https:\/\/www.cavsi.com\/espanol\/servicios\/duplicacion-conversion-formatos\/\" title=\"Duplicaci\u00f3n y Conversi\u00f3n de Formato. VHS, Mini DV, casetes de audio.\" aria-label=\"Duplicaci\u00f3n y Conversi\u00f3n de Formato. VHS, Mini DV, casetes de audio.\"><img decoding=\"async\" loading=\"lazy\" width=\"300\" height=\"200\" src=\"https:\/\/www.cavsi.com\/espanol\/wp-content\/uploads\/duplicacion-conversion-formatos-300x200.webp\" class=\"attachment-thumbnail size-thumbnail not-transparent wp-post-image\" alt=\"Duplicaci\u00f3n y Conversi\u00f3n de Formato. VHS, Mini DV, casetes de audio.\" srcset=\"https:\/\/www.cavsi.com\/espanol\/wp-content\/uploads\/duplicacion-conversion-formatos-300x200.webp 300w, https:\/\/www.cavsi.com\/espanol\/wp-content\/uploads\/duplicacion-conversion-formatos-jpg-200x133.webp 200w, https:\/\/www.cavsi.com\/espanol\/wp-content\/uploads\/duplicacion-conversion-formatos-600x400.webp 600w, https:\/\/www.cavsi.com\/espanol\/wp-content\/uploads\/duplicacion-conversion-formatos-jpg-webp.webp 675w\" sizes=\"auto, (max-width: 300px) 100vw, 300px\" data-has-transparency=\"false\" data-dominant-color=\"cdcdce\" style=\"--dominant-color: #cdcdce;\" \/><\/a><p>Trabajamos con formatos PAL, SECAM y NTSC. Debes enviarnos tu material. Podemos guardarlos y convertirlos al formato de video que necesites. <\/p><\/div><div class=\"fp-col fp-post\"><h3 class=\"fp-title\"><a class=\"fp-thumbnail\" href=\"https:\/\/www.cavsi.com\/espanol\/servicios\/soporte-tecnico-computadoras\/\" title=\"Soporte T\u00e9cnico de Computadoras\" aria-label=\"Soporte T\u00e9cnico de Computadoras\">Soporte T\u00e9cnico de Computadoras<\/a><\/h3><a class=\"fp-thumbnail\" href=\"https:\/\/www.cavsi.com\/espanol\/servicios\/soporte-tecnico-computadoras\/\" title=\"Computer technical support. IT support\" aria-label=\"Computer technical support. IT support\"><img decoding=\"async\" loading=\"lazy\" width=\"300\" height=\"191\" src=\"https:\/\/www.cavsi.com\/espanol\/wp-content\/uploads\/soporte-it-reparacion-computadoras-300x191.webp\" class=\"attachment-thumbnail size-thumbnail not-transparent wp-post-image\" alt=\"Computer technical support. IT support\" srcset=\"https:\/\/www.cavsi.com\/espanol\/wp-content\/uploads\/soporte-it-reparacion-computadoras-300x191.webp 300w, https:\/\/www.cavsi.com\/espanol\/wp-content\/uploads\/soporte-it-reparacion-computadoras-600x383.webp 600w, https:\/\/www.cavsi.com\/espanol\/wp-content\/uploads\/soporte-it-reparacion-computadoras-1024x653.webp 1024w, https:\/\/www.cavsi.com\/espanol\/wp-content\/uploads\/soporte-it-reparacion-computadoras-768x490.webp 768w, https:\/\/www.cavsi.com\/espanol\/wp-content\/uploads\/soporte-it-reparacion-computadoras-200x128.webp 200w, https:\/\/www.cavsi.com\/espanol\/wp-content\/uploads\/soporte-it-reparacion-computadoras-jpg-webp.webp 1155w\" sizes=\"auto, (max-width: 300px) 100vw, 300px\" data-has-transparency=\"false\" data-dominant-color=\"c9c6ca\" style=\"--dominant-color: #c9c6ca;\" \/><\/a><p>Realizamos copias de Seguridad, recuperaci\u00f3n de datos, instalaci\u00f3n de componentes internos y externos, instalaci\u00f3n de aplicaciones, detecci\u00f3n y eliminaci\u00f3n de virus y spam<\/p><\/div><div class=\"fp-col fp-post\"><h3 class=\"fp-title\"><a class=\"fp-thumbnail\" href=\"https:\/\/www.cavsi.com\/espanol\/servicios\/diseno-sitios-web\/\" title=\"Dise\u00f1o de Sitios Web\" aria-label=\"Dise\u00f1o de Sitios Web\">Dise\u00f1o de Sitios Web<\/a><\/h3><a class=\"fp-thumbnail\" href=\"https:\/\/www.cavsi.com\/espanol\/servicios\/diseno-sitios-web\/\" title=\"Website Design & Development\" aria-label=\"Website Design & Development\"><img decoding=\"async\" loading=\"lazy\" width=\"300\" height=\"192\" src=\"https:\/\/www.cavsi.com\/espanol\/wp-content\/uploads\/diseno-desarrollo-sitios-web-300x192.webp\" class=\"attachment-thumbnail size-thumbnail not-transparent wp-post-image\" alt=\"Website Design &amp; Development\" srcset=\"https:\/\/www.cavsi.com\/espanol\/wp-content\/uploads\/diseno-desarrollo-sitios-web-300x192.webp 300w, https:\/\/www.cavsi.com\/espanol\/wp-content\/uploads\/diseno-desarrollo-sitios-web-600x384.webp 600w, https:\/\/www.cavsi.com\/espanol\/wp-content\/uploads\/diseno-desarrollo-sitios-web-1024x655.webp 1024w, https:\/\/www.cavsi.com\/espanol\/wp-content\/uploads\/diseno-desarrollo-sitios-web-768x491.webp 768w, https:\/\/www.cavsi.com\/espanol\/wp-content\/uploads\/diseno-desarrollo-sitios-web-200x128.webp 200w, https:\/\/www.cavsi.com\/espanol\/wp-content\/uploads\/diseno-desarrollo-sitios-web-jpg-webp.webp 1209w\" sizes=\"auto, (max-width: 300px) 100vw, 300px\" data-has-transparency=\"false\" data-dominant-color=\"979089\" style=\"--dominant-color: #979089;\" \/><\/a><p>En los Negocios de hoy, su sitio web es su rostro en el mundo. El major dise\u00f1o de sitio web es visualmente agradable, \u00fatil, usable y liviano. Un sitio web bien dise\u00f1ado con contenido \u00fatil atraer\u00e1 ventas y lo ayudar\u00e1 a ganar dinero con su sitio web.<\/p><\/div><div class=\"fp-col fp-post\"><h3 class=\"fp-title\"><a class=\"fp-thumbnail\" href=\"https:\/\/www.cavsi.com\/espanol\/servicios\/desarrollo-sitios-comercio-electronico\/\" title=\"Desarrollo Sitios Comercio Electr\u00f3nico\" aria-label=\"Desarrollo Sitios Comercio Electr\u00f3nico\">Desarrollo Sitios Comercio Electr\u00f3nico<\/a><\/h3><a class=\"fp-thumbnail\" href=\"https:\/\/www.cavsi.com\/espanol\/servicios\/desarrollo-sitios-comercio-electronico\/\" title=\"eCommerce Shopping Cart\" aria-label=\"eCommerce Shopping Cart\"><img decoding=\"async\" loading=\"lazy\" width=\"300\" height=\"188\" src=\"https:\/\/www.cavsi.com\/espanol\/wp-content\/uploads\/comercioelectronico-carritocompras-300x188.webp\" class=\"attachment-thumbnail size-thumbnail not-transparent wp-post-image\" alt=\"eCommerce Shopping Cart\" srcset=\"https:\/\/www.cavsi.com\/espanol\/wp-content\/uploads\/comercioelectronico-carritocompras-300x188.webp 300w, https:\/\/www.cavsi.com\/espanol\/wp-content\/uploads\/comercioelectronico-carritocompras-600x376.webp 600w, https:\/\/www.cavsi.com\/espanol\/wp-content\/uploads\/comercioelectronico-carritocompras-1024x642.webp 1024w, https:\/\/www.cavsi.com\/espanol\/wp-content\/uploads\/comercioelectronico-carritocompras-768x481.webp 768w, https:\/\/www.cavsi.com\/espanol\/wp-content\/uploads\/comercioelectronico-carritocompras-200x125.webp 200w, https:\/\/www.cavsi.com\/espanol\/wp-content\/uploads\/comercioelectronico-carritocompras-jpg-webp.webp 1292w\" sizes=\"auto, (max-width: 300px) 100vw, 300px\" data-has-transparency=\"false\" data-dominant-color=\"908685\" style=\"--dominant-color: #908685;\" \/><\/a><p>El comercio electr\u00f3nico o e-Commerce permite a los consumidores intercambiar electr\u00f3nicamente bienes y servicios sin barreras de tiempo o distancia a trav\u00e9s de Internet. Implementaremos la soluci\u00f3n de comercio electr\u00f3nico perfecta para generar m\u00e1s...<\/p><\/div><\/div><\/section>\n\n\n\n<p>Entendemos la importancia de contar con equipos audiovisuales de primera calidad para sus eventos. Ya sea que est\u00e9 organizando una conferencia, una feria comercial, una boda o una quincea\u00f1era, el equipo adecuado puede marcar la diferencia en la creaci\u00f3n de un evento memorable y exitoso.<\/p>\n\n\n<div class=\"wp-block-image\">\n<figure class=\"aligncenter size-full\"><a href=\"https:\/\/www.cavsi.com\/espanol\/contactatenos\/\"><img decoding=\"async\" width=\"600\" height=\"40\" loading=\"lazy\" src=\"https:\/\/www.cavsi.com\/espanol\/wp-content\/uploads\/Contactanos.jpg\" alt=\"Cont\u00e1ctanos +1(786)220-1752\" class=\"wp-image-231\" srcset=\"https:\/\/www.cavsi.com\/espanol\/wp-content\/uploads\/Contactanos.jpg 600w, https:\/\/www.cavsi.com\/espanol\/wp-content\/uploads\/Contactanos-200x13.jpg 200w\" sizes=\"auto, (max-width: 600px) 100vw, 600px\" \/><\/a><\/figure>\n<\/div>","protected":false},"excerpt":{"rendered":"<p>CAVSI ofrece una amplia variedad de servicios en Audio y Video, para satisfacer hasta las necesidades m\u00e1s complejas y exigentes de nuestros clients. \u00bfPor qu\u00e9 elegir a CAVSI? Brindamos servicios profesionales de instalaci\u00f3n y soporte de AV para eventos corporativos [&hellip;]<\/p>\n","protected":false},"author":1,"featured_media":0,"parent":0,"menu_order":0,"comment_status":"closed","ping_status":"closed","template":"","meta":{"nf_dc_page":"","footnotes":""},"class_list":["post-21","page","type-page","status-publish","hentry"],"yoast_head":"<!-- This site is optimized with the Yoast SEO plugin v26.9 - https:\/\/yoast.com\/product\/yoast-seo-wordpress\/ -->\n<title>Servicios - CAVSI<\/title>\n<meta name=\"description\" content=\"Servicios audiovisuales, Alquiler de proyectores y pantallas, Conversi\u00f3n de formatos, duplicaciones, Karaoke profesional, Florida, FL\" \/>\n<meta name=\"robots\" content=\"index, follow, max-snippet:-1, max-image-preview:large, max-video-preview:-1\" \/>\n<link rel=\"canonical\" href=\"https:\/\/www.cavsi.com\/espanol\/servicios\/\" \/>\n<meta property=\"og:locale\" content=\"es_ES\" \/>\n<meta property=\"og:type\" content=\"article\" \/>\n<meta property=\"og:title\" content=\"Servicios - CAVSI\" \/>\n<meta property=\"og:description\" content=\"Servicios audiovisuales, Alquiler de proyectores y pantallas, Conversi\u00f3n de formatos, duplicaciones, Karaoke profesional, Florida, FL\" \/>\n<meta property=\"og:url\" content=\"https:\/\/www.cavsi.com\/espanol\/servicios\/\" \/>\n<meta property=\"og:site_name\" content=\"CAVSI\" \/>\n<meta property=\"article:modified_time\" content=\"2023-04-28T23:45:27+00:00\" \/>\n<meta property=\"og:image\" content=\"https:\/\/www.cavsi.com\/espanol\/wp-content\/uploads\/Contactanos.jpg\" \/>\n<meta name=\"twitter:card\" content=\"summary_large_image\" \/>\n<meta name=\"twitter:label1\" content=\"Tiempo de lectura\" \/>\n\t<meta name=\"twitter:data1\" content=\"1 minuto\" \/>\n<script type=\"application\/ld+json\" class=\"yoast-schema-graph\">{\"@context\":\"https:\/\/schema.org\",\"@graph\":[{\"@type\":[\"WebPage\",\"CollectionPage\"],\"@id\":\"https:\/\/www.cavsi.com\/espanol\/servicios\/\",\"url\":\"https:\/\/www.cavsi.com\/espanol\/servicios\/\",\"name\":\"Servicios - CAVSI\",\"isPartOf\":{\"@id\":\"https:\/\/www.cavsi.com\/espanol\/#website\"},\"primaryImageOfPage\":{\"@id\":\"https:\/\/www.cavsi.com\/espanol\/servicios\/#primaryimage\"},\"image\":{\"@id\":\"https:\/\/www.cavsi.com\/espanol\/servicios\/#primaryimage\"},\"thumbnailUrl\":\"https:\/\/www.cavsi.com\/espanol\/wp-content\/uploads\/Contactanos.jpg\",\"datePublished\":\"2023-02-15T16:16:44+00:00\",\"dateModified\":\"2023-04-28T23:45:27+00:00\",\"description\":\"Servicios audiovisuales, Alquiler de proyectores y pantallas, Conversi\u00f3n de formatos, duplicaciones, Karaoke profesional, Florida, FL\",\"inLanguage\":\"es\"},{\"@type\":\"ImageObject\",\"inLanguage\":\"es\",\"@id\":\"https:\/\/www.cavsi.com\/espanol\/servicios\/#primaryimage\",\"url\":\"https:\/\/www.cavsi.com\/espanol\/wp-content\/uploads\/Contactanos.jpg\",\"contentUrl\":\"https:\/\/www.cavsi.com\/espanol\/wp-content\/uploads\/Contactanos.jpg\",\"width\":600,\"height\":40,\"caption\":\"Cont\u00e1ctanos +1(786)220-1752\"},{\"@type\":\"WebSite\",\"@id\":\"https:\/\/www.cavsi.com\/espanol\/#website\",\"url\":\"https:\/\/www.cavsi.com\/espanol\/\",\"name\":\"CAVSI\",\"description\":\"\",\"publisher\":{\"@id\":\"https:\/\/www.cavsi.com\/espanol\/#organization\"},\"potentialAction\":[{\"@type\":\"SearchAction\",\"target\":{\"@type\":\"EntryPoint\",\"urlTemplate\":\"https:\/\/www.cavsi.com\/espanol\/?s={search_term_string}\"},\"query-input\":{\"@type\":\"PropertyValueSpecification\",\"valueRequired\":true,\"valueName\":\"search_term_string\"}}],\"inLanguage\":\"es\"},{\"@type\":\"Organization\",\"@id\":\"https:\/\/www.cavsi.com\/espanol\/#organization\",\"name\":\"CAVSI\",\"url\":\"https:\/\/www.cavsi.com\/espanol\/\",\"logo\":{\"@type\":\"ImageObject\",\"inLanguage\":\"es\",\"@id\":\"https:\/\/www.cavsi.com\/espanol\/#\/schema\/logo\/image\/\",\"url\":\"https:\/\/www.cavsi.com\/espanol\/wp-content\/uploads\/cavsi-logo.png\",\"contentUrl\":\"https:\/\/www.cavsi.com\/espanol\/wp-content\/uploads\/cavsi-logo.png\",\"width\":300,\"height\":70,\"caption\":\"CAVSI\"},\"image\":{\"@id\":\"https:\/\/www.cavsi.com\/espanol\/#\/schema\/logo\/image\/\"}}]}<\/script>\n<!-- \/ Yoast SEO plugin. -->","yoast_head_json":{"title":"Servicios - CAVSI","description":"Servicios audiovisuales, Alquiler de proyectores y pantallas, Conversi\u00f3n de formatos, duplicaciones, Karaoke profesional, Florida, FL","robots":{"index":"index","follow":"follow","max-snippet":"max-snippet:-1","max-image-preview":"max-image-preview:large","max-video-preview":"max-video-preview:-1"},"canonical":"https:\/\/www.cavsi.com\/espanol\/servicios\/","og_locale":"es_ES","og_type":"article","og_title":"Servicios - CAVSI","og_description":"Servicios audiovisuales, Alquiler de proyectores y pantallas, Conversi\u00f3n de formatos, duplicaciones, Karaoke profesional, Florida, FL","og_url":"https:\/\/www.cavsi.com\/espanol\/servicios\/","og_site_name":"CAVSI","article_modified_time":"2023-04-28T23:45:27+00:00","og_image":[{"url":"https:\/\/www.cavsi.com\/espanol\/wp-content\/uploads\/Contactanos.jpg","type":"","width":"","height":""}],"twitter_card":"summary_large_image","twitter_misc":{"Tiempo de lectura":"1 minuto"},"schema":{"@context":"https:\/\/schema.org","@graph":[{"@type":["WebPage","CollectionPage"],"@id":"https:\/\/www.cavsi.com\/espanol\/servicios\/","url":"https:\/\/www.cavsi.com\/espanol\/servicios\/","name":"Servicios - CAVSI","isPartOf":{"@id":"https:\/\/www.cavsi.com\/espanol\/#website"},"primaryImageOfPage":{"@id":"https:\/\/www.cavsi.com\/espanol\/servicios\/#primaryimage"},"image":{"@id":"https:\/\/www.cavsi.com\/espanol\/servicios\/#primaryimage"},"thumbnailUrl":"https:\/\/www.cavsi.com\/espanol\/wp-content\/uploads\/Contactanos.jpg","datePublished":"2023-02-15T16:16:44+00:00","dateModified":"2023-04-28T23:45:27+00:00","description":"Servicios audiovisuales, Alquiler de proyectores y pantallas, Conversi\u00f3n de formatos, duplicaciones, Karaoke profesional, Florida, FL","inLanguage":"es"},{"@type":"ImageObject","inLanguage":"es","@id":"https:\/\/www.cavsi.com\/espanol\/servicios\/#primaryimage","url":"https:\/\/www.cavsi.com\/espanol\/wp-content\/uploads\/Contactanos.jpg","contentUrl":"https:\/\/www.cavsi.com\/espanol\/wp-content\/uploads\/Contactanos.jpg","width":600,"height":40,"caption":"Cont\u00e1ctanos +1(786)220-1752"},{"@type":"WebSite","@id":"https:\/\/www.cavsi.com\/espanol\/#website","url":"https:\/\/www.cavsi.com\/espanol\/","name":"CAVSI","description":"","publisher":{"@id":"https:\/\/www.cavsi.com\/espanol\/#organization"},"potentialAction":[{"@type":"SearchAction","target":{"@type":"EntryPoint","urlTemplate":"https:\/\/www.cavsi.com\/espanol\/?s={search_term_string}"},"query-input":{"@type":"PropertyValueSpecification","valueRequired":true,"valueName":"search_term_string"}}],"inLanguage":"es"},{"@type":"Organization","@id":"https:\/\/www.cavsi.com\/espanol\/#organization","name":"CAVSI","url":"https:\/\/www.cavsi.com\/espanol\/","logo":{"@type":"ImageObject","inLanguage":"es","@id":"https:\/\/www.cavsi.com\/espanol\/#\/schema\/logo\/image\/","url":"https:\/\/www.cavsi.com\/espanol\/wp-content\/uploads\/cavsi-logo.png","contentUrl":"https:\/\/www.cavsi.com\/espanol\/wp-content\/uploads\/cavsi-logo.png","width":300,"height":70,"caption":"CAVSI"},"image":{"@id":"https:\/\/www.cavsi.com\/espanol\/#\/schema\/logo\/image\/"}}]}},"_links":{"self":[{"href":"https:\/\/www.cavsi.com\/espanol\/wp-json\/wp\/v2\/pages\/21","targetHints":{"allow":["GET"]}}],"collection":[{"href":"https:\/\/www.cavsi.com\/espanol\/wp-json\/wp\/v2\/pages"}],"about":[{"href":"https:\/\/www.cavsi.com\/espanol\/wp-json\/wp\/v2\/types\/page"}],"author":[{"embeddable":true,"href":"https:\/\/www.cavsi.com\/espanol\/wp-json\/wp\/v2\/users\/1"}],"replies":[{"embeddable":true,"href":"https:\/\/www.cavsi.com\/espanol\/wp-json\/wp\/v2\/comments?post=21"}],"version-history":[{"count":1,"href":"https:\/\/www.cavsi.com\/espanol\/wp-json\/wp\/v2\/pages\/21\/revisions"}],"predecessor-version":[{"id":5288,"href":"https:\/\/www.cavsi.com\/espanol\/wp-json\/wp\/v2\/pages\/21\/revisions\/5288"}],"wp:attachment":[{"href":"https:\/\/www.cavsi.com\/espanol\/wp-json\/wp\/v2\/media?parent=21"}],"curies":[{"name":"wp","href":"https:\/\/api.w.org\/{rel}","templated":true}]}}