{"id":2,"date":"2023-02-15T14:41:42","date_gmt":"2023-02-15T14:41:42","guid":{"rendered":"https:\/\/www.cavsi.com\/espanol\/?page_id=2"},"modified":"2023-04-19T20:02:22","modified_gmt":"2023-04-19T20:02:22","slug":"terminos-condiciones","status":"publish","type":"page","link":"https:\/\/www.cavsi.com\/espanol\/terminos-condiciones\/","title":{"rendered":"T\u00e9rminos y Condiciones"},"content":{"rendered":"\n<p>Los siguientes son los t\u00e9rminos y condiciones que aplican para el alquiler de equipos de CAVSI:<\/p>\n\n\n\n<ul class=\"wp-block-list\">\n<li>Para reservar un evento, el pago del servicio de alquiler debe realizarse en su totalidad al menos dos semanas (14 d\u00edas) antes del evento incluyendo fines de semana.<\/li>\n\n\n\n<li>CAVSI garantiza al cliente que el equipo se encuentra en buenas condiciones de funcionamiento. Un t\u00e9cnico de CAVSI entregar\u00e1, instalar\u00e1 y probar\u00e1 el equipo en presencia del arrendatario. Fecha y hora de entrega especificada en la factura.<\/li>\n\n\n\n<li>El arrendatario deber\u00e1, a su propio costo y gasto, durante el t\u00e9rmino del alquiler, conservar y mantener, bajo su propia custodia, el equipo en buen estado.<\/li>\n\n\n\n<li>El arrendatario tambi\u00e9n acepta asumir la responsabilidad total por todo el equipo alquilado, y tambi\u00e9n acepta indemnizar a CAVSI por el valor total en caso de p\u00e9rdida, robo, p\u00e9rdida, rotura o da\u00f1o del equipo por cualquier causa, ya sea por culpa del arrendatario. O no.<\/li>\n\n\n\n<li>El equipo ser\u00e1 devuelto a CAVSI a la terminaci\u00f3n del alquiler. La fecha de recogida se especifica en la factura. El arrendatario tambi\u00e9n acepta pagar la tarifa de alquiler por d\u00eda por cada d\u00eda despu\u00e9s de la fecha de vencimiento.<\/li>\n\n\n\n<li>CAVSI no ser\u00e1 responsable por cualquier lesi\u00f3n o da\u00f1o causado, directo o consecuente, ya sea a personas o bienes, por el uso o mal uso del equipo alquilado. El arrendatario asume toda la responsabilidad de garantizar que se sigan todas las restricciones de seguridad aplicables durante el evento.<\/li>\n\n\n\n<li>El alquiler de equipos sigue siendo propiedad de CAVSI. El cliente no quitar\u00e1, desfigurar\u00e1 ni borrar\u00e1 las etiquetas de propiedad. El cliente no puede permitir que el equipo sea utilizado en un lugar diferente sin el consentimiento expreso y por escrito de CAVSI.<\/li>\n\n\n\n<li>La cancelaci\u00f3n o reprogramaci\u00f3n de un evento entre siete (7) y catorce (14) d\u00edas antes de la fecha de entrega se realizar\u00e1n con un cargo administrativo de $50.00. Las cancelaciones realizadas dentro de 1 a 6 d\u00edas antes de la fecha de entrega se realizar\u00e1n con un cargo de cancelaci\u00f3n del 50% de la factura. Tenga en cuenta que la cancelacion de un evento durante las fechas m\u00e1s solicitadas, como los feriados de Navidad y fin de a\u00f1o, tienen un cargo del 50% sin importar con cuantos dias de anticipacion se realiza la cancelaci\u00f3n. La diferencia ser\u00e1 reembolsada al cliente.<\/li>\n\n\n\n<li>Los reembolsos a los clientes que realizaron un pago por un servicio sin llamarnos para verificar las fechas y horarios disponibles tienen una pol\u00edtica de devoluci\u00f3n de 14 d\u00edas h\u00e1biles, pero cobraremos una tarifa de procesamiento de $50. <\/li>\n<\/ul>\n","protected":false},"excerpt":{"rendered":"<p>Los siguientes son los t\u00e9rminos y condiciones que aplican para el alquiler de equipos de CAVSI:<\/p>\n","protected":false},"author":1,"featured_media":0,"parent":0,"menu_order":0,"comment_status":"closed","ping_status":"closed","template":"","meta":{"nf_dc_page":"","footnotes":""},"class_list":["post-2","page","type-page","status-publish","hentry"],"yoast_head":"<!-- This site is optimized with the Yoast SEO plugin v26.9 - https:\/\/yoast.com\/product\/yoast-seo-wordpress\/ -->\n<title>T\u00e9rminos y Condiciones - CAVSI<\/title>\n<meta name=\"robots\" content=\"index, follow, max-snippet:-1, max-image-preview:large, max-video-preview:-1\" \/>\n<link rel=\"canonical\" href=\"https:\/\/www.cavsi.com\/espanol\/terminos-condiciones\/\" \/>\n<meta property=\"og:locale\" content=\"es_ES\" \/>\n<meta property=\"og:type\" content=\"article\" \/>\n<meta property=\"og:title\" content=\"T\u00e9rminos y Condiciones - CAVSI\" \/>\n<meta property=\"og:description\" content=\"Los siguientes son los t\u00e9rminos y condiciones que aplican para el alquiler de equipos de CAVSI:\" \/>\n<meta property=\"og:url\" content=\"https:\/\/www.cavsi.com\/espanol\/terminos-condiciones\/\" \/>\n<meta property=\"og:site_name\" content=\"CAVSI\" \/>\n<meta property=\"article:modified_time\" content=\"2023-04-19T20:02:22+00:00\" \/>\n<meta name=\"twitter:card\" content=\"summary_large_image\" \/>\n<meta name=\"twitter:label1\" content=\"Tiempo de lectura\" \/>\n\t<meta name=\"twitter:data1\" content=\"2 minutos\" \/>\n<script type=\"application\/ld+json\" class=\"yoast-schema-graph\">{\"@context\":\"https:\/\/schema.org\",\"@graph\":[{\"@type\":\"WebPage\",\"@id\":\"https:\/\/www.cavsi.com\/espanol\/terminos-condiciones\/\",\"url\":\"https:\/\/www.cavsi.com\/espanol\/terminos-condiciones\/\",\"name\":\"T\u00e9rminos y Condiciones - CAVSI\",\"isPartOf\":{\"@id\":\"https:\/\/www.cavsi.com\/espanol\/#website\"},\"datePublished\":\"2023-02-15T14:41:42+00:00\",\"dateModified\":\"2023-04-19T20:02:22+00:00\",\"inLanguage\":\"es\",\"potentialAction\":[{\"@type\":\"ReadAction\",\"target\":[\"https:\/\/www.cavsi.com\/espanol\/terminos-condiciones\/\"]}]},{\"@type\":\"WebSite\",\"@id\":\"https:\/\/www.cavsi.com\/espanol\/#website\",\"url\":\"https:\/\/www.cavsi.com\/espanol\/\",\"name\":\"CAVSI\",\"description\":\"\",\"publisher\":{\"@id\":\"https:\/\/www.cavsi.com\/espanol\/#organization\"},\"potentialAction\":[{\"@type\":\"SearchAction\",\"target\":{\"@type\":\"EntryPoint\",\"urlTemplate\":\"https:\/\/www.cavsi.com\/espanol\/?s={search_term_string}\"},\"query-input\":{\"@type\":\"PropertyValueSpecification\",\"valueRequired\":true,\"valueName\":\"search_term_string\"}}],\"inLanguage\":\"es\"},{\"@type\":\"Organization\",\"@id\":\"https:\/\/www.cavsi.com\/espanol\/#organization\",\"name\":\"CAVSI\",\"url\":\"https:\/\/www.cavsi.com\/espanol\/\",\"logo\":{\"@type\":\"ImageObject\",\"inLanguage\":\"es\",\"@id\":\"https:\/\/www.cavsi.com\/espanol\/#\/schema\/logo\/image\/\",\"url\":\"https:\/\/www.cavsi.com\/espanol\/wp-content\/uploads\/cavsi-logo.png\",\"contentUrl\":\"https:\/\/www.cavsi.com\/espanol\/wp-content\/uploads\/cavsi-logo.png\",\"width\":300,\"height\":70,\"caption\":\"CAVSI\"},\"image\":{\"@id\":\"https:\/\/www.cavsi.com\/espanol\/#\/schema\/logo\/image\/\"}}]}<\/script>\n<!-- \/ Yoast SEO plugin. -->","yoast_head_json":{"title":"T\u00e9rminos y Condiciones - CAVSI","robots":{"index":"index","follow":"follow","max-snippet":"max-snippet:-1","max-image-preview":"max-image-preview:large","max-video-preview":"max-video-preview:-1"},"canonical":"https:\/\/www.cavsi.com\/espanol\/terminos-condiciones\/","og_locale":"es_ES","og_type":"article","og_title":"T\u00e9rminos y Condiciones - CAVSI","og_description":"Los siguientes son los t\u00e9rminos y condiciones que aplican para el alquiler de equipos de CAVSI:","og_url":"https:\/\/www.cavsi.com\/espanol\/terminos-condiciones\/","og_site_name":"CAVSI","article_modified_time":"2023-04-19T20:02:22+00:00","twitter_card":"summary_large_image","twitter_misc":{"Tiempo de lectura":"2 minutos"},"schema":{"@context":"https:\/\/schema.org","@graph":[{"@type":"WebPage","@id":"https:\/\/www.cavsi.com\/espanol\/terminos-condiciones\/","url":"https:\/\/www.cavsi.com\/espanol\/terminos-condiciones\/","name":"T\u00e9rminos y Condiciones - CAVSI","isPartOf":{"@id":"https:\/\/www.cavsi.com\/espanol\/#website"},"datePublished":"2023-02-15T14:41:42+00:00","dateModified":"2023-04-19T20:02:22+00:00","inLanguage":"es","potentialAction":[{"@type":"ReadAction","target":["https:\/\/www.cavsi.com\/espanol\/terminos-condiciones\/"]}]},{"@type":"WebSite","@id":"https:\/\/www.cavsi.com\/espanol\/#website","url":"https:\/\/www.cavsi.com\/espanol\/","name":"CAVSI","description":"","publisher":{"@id":"https:\/\/www.cavsi.com\/espanol\/#organization"},"potentialAction":[{"@type":"SearchAction","target":{"@type":"EntryPoint","urlTemplate":"https:\/\/www.cavsi.com\/espanol\/?s={search_term_string}"},"query-input":{"@type":"PropertyValueSpecification","valueRequired":true,"valueName":"search_term_string"}}],"inLanguage":"es"},{"@type":"Organization","@id":"https:\/\/www.cavsi.com\/espanol\/#organization","name":"CAVSI","url":"https:\/\/www.cavsi.com\/espanol\/","logo":{"@type":"ImageObject","inLanguage":"es","@id":"https:\/\/www.cavsi.com\/espanol\/#\/schema\/logo\/image\/","url":"https:\/\/www.cavsi.com\/espanol\/wp-content\/uploads\/cavsi-logo.png","contentUrl":"https:\/\/www.cavsi.com\/espanol\/wp-content\/uploads\/cavsi-logo.png","width":300,"height":70,"caption":"CAVSI"},"image":{"@id":"https:\/\/www.cavsi.com\/espanol\/#\/schema\/logo\/image\/"}}]}},"_links":{"self":[{"href":"https:\/\/www.cavsi.com\/espanol\/wp-json\/wp\/v2\/pages\/2","targetHints":{"allow":["GET"]}}],"collection":[{"href":"https:\/\/www.cavsi.com\/espanol\/wp-json\/wp\/v2\/pages"}],"about":[{"href":"https:\/\/www.cavsi.com\/espanol\/wp-json\/wp\/v2\/types\/page"}],"author":[{"embeddable":true,"href":"https:\/\/www.cavsi.com\/espanol\/wp-json\/wp\/v2\/users\/1"}],"replies":[{"embeddable":true,"href":"https:\/\/www.cavsi.com\/espanol\/wp-json\/wp\/v2\/comments?post=2"}],"version-history":[{"count":0,"href":"https:\/\/www.cavsi.com\/espanol\/wp-json\/wp\/v2\/pages\/2\/revisions"}],"wp:attachment":[{"href":"https:\/\/www.cavsi.com\/espanol\/wp-json\/wp\/v2\/media?parent=2"}],"curies":[{"name":"wp","href":"https:\/\/api.w.org\/{rel}","templated":true}]}}