{"id":1533,"date":"2023-02-22T16:06:20","date_gmt":"2023-02-22T16:06:20","guid":{"rendered":"https:\/\/www.cavsi.com\/espanol\/?page_id=1533"},"modified":"2023-04-28T11:46:57","modified_gmt":"2023-04-28T11:46:57","slug":"acerca-de-nosotros","status":"publish","type":"page","link":"https:\/\/www.cavsi.com\/espanol\/acerca-de-nosotros\/","title":{"rendered":"Acerca de Nosotros"},"content":{"rendered":"\n<p>CAVSI naci\u00f3 cuando un matrimonio emprendedor junt\u00f3 sus ideas. Decidieron crear un negocio que pudiera brindar servicios especializados en Audio, Video, Computaci\u00f3n, Hardware y Software.<\/p>\n\n\n\n<h2 class=\"wp-block-heading\">Visi\u00f3n<\/h2>\n\n\n\n<p>Ser reconocidos como la mejor soluci\u00f3n para las necesidades de computaci\u00f3n, audio y video, sirviendo a nuestros clientes a un nivel m\u00e1s all\u00e1 de sus expectativas.<\/p>\n\n\n\n<h2 class=\"wp-block-heading\">Misi\u00f3n<\/h2>\n\n\n\n<p>Ser la primera opci\u00f3n para nuestros clientes en base a la dedicaci\u00f3n que ponemos en los servicios que brindamos. Porque somos parte del progreso y somos fuente inagotable de confianza y organizaci\u00f3n.<\/p>\n\n\n\n<h2 class=\"wp-block-heading\">Sobre sus fundadores<\/h2>\n\n\n<div class=\"wp-block-image\">\n<figure class=\"alignright size-large is-resized\"><img data-dominant-color=\"a9a8a9\" data-has-transparency=\"false\" style=\"--dominant-color: #a9a8a9;\" decoding=\"async\" loading=\"lazy\" src=\"https:\/\/www.cavsi.com\/espanol\/wp-content\/uploads\/katty-wellington-1024x945.jpg\" alt=\"\" class=\"not-transparent wp-image-5169\" width=\"256\" height=\"236\" srcset=\"https:\/\/www.cavsi.com\/espanol\/wp-content\/uploads\/katty-wellington-1024x945.jpg 1024w, https:\/\/www.cavsi.com\/espanol\/wp-content\/uploads\/katty-wellington-jpg-300x277.webp 300w, https:\/\/www.cavsi.com\/espanol\/wp-content\/uploads\/katty-wellington-jpg-200x185.webp 200w, https:\/\/www.cavsi.com\/espanol\/wp-content\/uploads\/katty-wellington-600x554.jpg 600w, https:\/\/www.cavsi.com\/espanol\/wp-content\/uploads\/katty-wellington-768x709.jpg 768w, https:\/\/www.cavsi.com\/espanol\/wp-content\/uploads\/katty-wellington-1536x1418.jpg 1536w, https:\/\/www.cavsi.com\/espanol\/wp-content\/uploads\/katty-wellington-jpg.webp 1664w\" sizes=\"auto, (max-width: 256px) 100vw, 256px\" \/><\/figure>\n<\/div>\n\n\n<p>Wellington es ingeniero audiovisual con muchos a\u00f1os de experiencia en la gesti\u00f3n de conferencias y presentaciones de alto nivel centradas en la innovaci\u00f3n y el esp\u00edritu empresarial. Ha sido director general de producciones discogr\u00e1ficas musicales.<\/p>\n\n\n\n<p>Katty es experta en desarrollo de sitios web, gesti\u00f3n de datos, an\u00e1lisis de palabras clave, optimizaci\u00f3n de motores de b\u00fasqueda y posicionamiento de sitios web en los principales navegadores de Internet como Google.<\/p>\n","protected":false},"excerpt":{"rendered":"<p>CAVSI naci\u00f3 cuando un matrimonio emprendedor junt\u00f3 sus ideas. Decidieron crear un negocio que pudiera brindar servicios especializados en Audio, Video, Computaci\u00f3n, Hardware y Software. Visi\u00f3n Ser reconocidos como la mejor soluci\u00f3n para las necesidades de computaci\u00f3n, audio y video, [&hellip;]<\/p>\n","protected":false},"author":1,"featured_media":475,"parent":0,"menu_order":0,"comment_status":"closed","ping_status":"closed","template":"","meta":{"nf_dc_page":"","footnotes":""},"class_list":["post-1533","page","type-page","status-publish","has-post-thumbnail","hentry"],"yoast_head":"<!-- This site is optimized with the Yoast SEO plugin v26.9 - https:\/\/yoast.com\/product\/yoast-seo-wordpress\/ -->\n<title>Acerca de Nosotros - CAVSI<\/title>\n<meta name=\"description\" content=\"CAVSI naci\u00f3 cuando un matrimonio emprendedor junt\u00f3 sus ideas. Decidieron crear un negocio para brindar servicios audiovisuales\" \/>\n<meta name=\"robots\" content=\"index, follow, max-snippet:-1, max-image-preview:large, max-video-preview:-1\" \/>\n<link rel=\"canonical\" href=\"https:\/\/www.cavsi.com\/espanol\/acerca-de-nosotros\/\" \/>\n<meta property=\"og:locale\" content=\"es_ES\" \/>\n<meta property=\"og:type\" content=\"article\" \/>\n<meta property=\"og:title\" content=\"Acerca de Nosotros - CAVSI\" \/>\n<meta property=\"og:description\" content=\"CAVSI naci\u00f3 cuando un matrimonio emprendedor junt\u00f3 sus ideas. Decidieron crear un negocio para brindar servicios audiovisuales\" \/>\n<meta property=\"og:url\" content=\"https:\/\/www.cavsi.com\/espanol\/acerca-de-nosotros\/\" \/>\n<meta property=\"og:site_name\" content=\"CAVSI\" \/>\n<meta property=\"article:modified_time\" content=\"2023-04-28T11:46:57+00:00\" \/>\n<meta property=\"og:image\" content=\"https:\/\/www.cavsi.com\/espanol\/wp-content\/uploads\/audio-visual-equipment-rental.jpg\" \/>\n\t<meta property=\"og:image:width\" content=\"614\" \/>\n\t<meta property=\"og:image:height\" content=\"418\" \/>\n\t<meta property=\"og:image:type\" content=\"image\/jpeg\" \/>\n<meta name=\"twitter:card\" content=\"summary_large_image\" \/>\n<meta name=\"twitter:label1\" content=\"Tiempo de lectura\" \/>\n\t<meta name=\"twitter:data1\" content=\"1 minuto\" \/>\n<script type=\"application\/ld+json\" class=\"yoast-schema-graph\">{\"@context\":\"https:\/\/schema.org\",\"@graph\":[{\"@type\":[\"WebPage\",\"AboutPage\"],\"@id\":\"https:\/\/www.cavsi.com\/espanol\/acerca-de-nosotros\/\",\"url\":\"https:\/\/www.cavsi.com\/espanol\/acerca-de-nosotros\/\",\"name\":\"Acerca de Nosotros - CAVSI\",\"isPartOf\":{\"@id\":\"https:\/\/www.cavsi.com\/espanol\/#website\"},\"primaryImageOfPage\":{\"@id\":\"https:\/\/www.cavsi.com\/espanol\/acerca-de-nosotros\/#primaryimage\"},\"image\":{\"@id\":\"https:\/\/www.cavsi.com\/espanol\/acerca-de-nosotros\/#primaryimage\"},\"thumbnailUrl\":\"https:\/\/www.cavsi.com\/espanol\/wp-content\/uploads\/audio-visual-equipment-rental.jpg\",\"datePublished\":\"2023-02-22T16:06:20+00:00\",\"dateModified\":\"2023-04-28T11:46:57+00:00\",\"description\":\"CAVSI naci\u00f3 cuando un matrimonio emprendedor junt\u00f3 sus ideas. Decidieron crear un negocio para brindar servicios audiovisuales\",\"inLanguage\":\"es\",\"potentialAction\":[{\"@type\":\"ReadAction\",\"target\":[\"https:\/\/www.cavsi.com\/espanol\/acerca-de-nosotros\/\"]}]},{\"@type\":\"ImageObject\",\"inLanguage\":\"es\",\"@id\":\"https:\/\/www.cavsi.com\/espanol\/acerca-de-nosotros\/#primaryimage\",\"url\":\"https:\/\/www.cavsi.com\/espanol\/wp-content\/uploads\/audio-visual-equipment-rental.jpg\",\"contentUrl\":\"https:\/\/www.cavsi.com\/espanol\/wp-content\/uploads\/audio-visual-equipment-rental.jpg\",\"width\":614,\"height\":418,\"caption\":\"AV Rentals. Miami Dade. Broward. Palm Beach.\"},{\"@type\":\"WebSite\",\"@id\":\"https:\/\/www.cavsi.com\/espanol\/#website\",\"url\":\"https:\/\/www.cavsi.com\/espanol\/\",\"name\":\"CAVSI\",\"description\":\"\",\"publisher\":{\"@id\":\"https:\/\/www.cavsi.com\/espanol\/#organization\"},\"potentialAction\":[{\"@type\":\"SearchAction\",\"target\":{\"@type\":\"EntryPoint\",\"urlTemplate\":\"https:\/\/www.cavsi.com\/espanol\/?s={search_term_string}\"},\"query-input\":{\"@type\":\"PropertyValueSpecification\",\"valueRequired\":true,\"valueName\":\"search_term_string\"}}],\"inLanguage\":\"es\"},{\"@type\":\"Organization\",\"@id\":\"https:\/\/www.cavsi.com\/espanol\/#organization\",\"name\":\"CAVSI\",\"url\":\"https:\/\/www.cavsi.com\/espanol\/\",\"logo\":{\"@type\":\"ImageObject\",\"inLanguage\":\"es\",\"@id\":\"https:\/\/www.cavsi.com\/espanol\/#\/schema\/logo\/image\/\",\"url\":\"https:\/\/www.cavsi.com\/espanol\/wp-content\/uploads\/cavsi-logo.png\",\"contentUrl\":\"https:\/\/www.cavsi.com\/espanol\/wp-content\/uploads\/cavsi-logo.png\",\"width\":300,\"height\":70,\"caption\":\"CAVSI\"},\"image\":{\"@id\":\"https:\/\/www.cavsi.com\/espanol\/#\/schema\/logo\/image\/\"}}]}<\/script>\n<!-- \/ Yoast SEO plugin. -->","yoast_head_json":{"title":"Acerca de Nosotros - CAVSI","description":"CAVSI naci\u00f3 cuando un matrimonio emprendedor junt\u00f3 sus ideas. Decidieron crear un negocio para brindar servicios audiovisuales","robots":{"index":"index","follow":"follow","max-snippet":"max-snippet:-1","max-image-preview":"max-image-preview:large","max-video-preview":"max-video-preview:-1"},"canonical":"https:\/\/www.cavsi.com\/espanol\/acerca-de-nosotros\/","og_locale":"es_ES","og_type":"article","og_title":"Acerca de Nosotros - CAVSI","og_description":"CAVSI naci\u00f3 cuando un matrimonio emprendedor junt\u00f3 sus ideas. Decidieron crear un negocio para brindar servicios audiovisuales","og_url":"https:\/\/www.cavsi.com\/espanol\/acerca-de-nosotros\/","og_site_name":"CAVSI","article_modified_time":"2023-04-28T11:46:57+00:00","og_image":[{"width":614,"height":418,"url":"https:\/\/www.cavsi.com\/espanol\/wp-content\/uploads\/audio-visual-equipment-rental.jpg","type":"image\/jpeg"}],"twitter_card":"summary_large_image","twitter_misc":{"Tiempo de lectura":"1 minuto"},"schema":{"@context":"https:\/\/schema.org","@graph":[{"@type":["WebPage","AboutPage"],"@id":"https:\/\/www.cavsi.com\/espanol\/acerca-de-nosotros\/","url":"https:\/\/www.cavsi.com\/espanol\/acerca-de-nosotros\/","name":"Acerca de Nosotros - CAVSI","isPartOf":{"@id":"https:\/\/www.cavsi.com\/espanol\/#website"},"primaryImageOfPage":{"@id":"https:\/\/www.cavsi.com\/espanol\/acerca-de-nosotros\/#primaryimage"},"image":{"@id":"https:\/\/www.cavsi.com\/espanol\/acerca-de-nosotros\/#primaryimage"},"thumbnailUrl":"https:\/\/www.cavsi.com\/espanol\/wp-content\/uploads\/audio-visual-equipment-rental.jpg","datePublished":"2023-02-22T16:06:20+00:00","dateModified":"2023-04-28T11:46:57+00:00","description":"CAVSI naci\u00f3 cuando un matrimonio emprendedor junt\u00f3 sus ideas. Decidieron crear un negocio para brindar servicios audiovisuales","inLanguage":"es","potentialAction":[{"@type":"ReadAction","target":["https:\/\/www.cavsi.com\/espanol\/acerca-de-nosotros\/"]}]},{"@type":"ImageObject","inLanguage":"es","@id":"https:\/\/www.cavsi.com\/espanol\/acerca-de-nosotros\/#primaryimage","url":"https:\/\/www.cavsi.com\/espanol\/wp-content\/uploads\/audio-visual-equipment-rental.jpg","contentUrl":"https:\/\/www.cavsi.com\/espanol\/wp-content\/uploads\/audio-visual-equipment-rental.jpg","width":614,"height":418,"caption":"AV Rentals. Miami Dade. Broward. Palm Beach."},{"@type":"WebSite","@id":"https:\/\/www.cavsi.com\/espanol\/#website","url":"https:\/\/www.cavsi.com\/espanol\/","name":"CAVSI","description":"","publisher":{"@id":"https:\/\/www.cavsi.com\/espanol\/#organization"},"potentialAction":[{"@type":"SearchAction","target":{"@type":"EntryPoint","urlTemplate":"https:\/\/www.cavsi.com\/espanol\/?s={search_term_string}"},"query-input":{"@type":"PropertyValueSpecification","valueRequired":true,"valueName":"search_term_string"}}],"inLanguage":"es"},{"@type":"Organization","@id":"https:\/\/www.cavsi.com\/espanol\/#organization","name":"CAVSI","url":"https:\/\/www.cavsi.com\/espanol\/","logo":{"@type":"ImageObject","inLanguage":"es","@id":"https:\/\/www.cavsi.com\/espanol\/#\/schema\/logo\/image\/","url":"https:\/\/www.cavsi.com\/espanol\/wp-content\/uploads\/cavsi-logo.png","contentUrl":"https:\/\/www.cavsi.com\/espanol\/wp-content\/uploads\/cavsi-logo.png","width":300,"height":70,"caption":"CAVSI"},"image":{"@id":"https:\/\/www.cavsi.com\/espanol\/#\/schema\/logo\/image\/"}}]}},"_links":{"self":[{"href":"https:\/\/www.cavsi.com\/espanol\/wp-json\/wp\/v2\/pages\/1533","targetHints":{"allow":["GET"]}}],"collection":[{"href":"https:\/\/www.cavsi.com\/espanol\/wp-json\/wp\/v2\/pages"}],"about":[{"href":"https:\/\/www.cavsi.com\/espanol\/wp-json\/wp\/v2\/types\/page"}],"author":[{"embeddable":true,"href":"https:\/\/www.cavsi.com\/espanol\/wp-json\/wp\/v2\/users\/1"}],"replies":[{"embeddable":true,"href":"https:\/\/www.cavsi.com\/espanol\/wp-json\/wp\/v2\/comments?post=1533"}],"version-history":[{"count":1,"href":"https:\/\/www.cavsi.com\/espanol\/wp-json\/wp\/v2\/pages\/1533\/revisions"}],"predecessor-version":[{"id":5283,"href":"https:\/\/www.cavsi.com\/espanol\/wp-json\/wp\/v2\/pages\/1533\/revisions\/5283"}],"wp:featuredmedia":[{"embeddable":true,"href":"https:\/\/www.cavsi.com\/espanol\/wp-json\/wp\/v2\/media\/475"}],"wp:attachment":[{"href":"https:\/\/www.cavsi.com\/espanol\/wp-json\/wp\/v2\/media?parent=1533"}],"curies":[{"name":"wp","href":"https:\/\/api.w.org\/{rel}","templated":true}]}}