{"id":15,"date":"2023-02-15T15:40:37","date_gmt":"2023-02-15T15:40:37","guid":{"rendered":"https:\/\/www.cavsi.com\/espanol\/?page_id=15"},"modified":"2023-04-29T03:19:36","modified_gmt":"2023-04-29T03:19:36","slug":"politica-de-reembolso-y-devoluciones","status":"publish","type":"page","link":"https:\/\/www.cavsi.com\/espanol\/politica-de-reembolso-y-devoluciones\/","title":{"rendered":"Pol\u00edtica de reembolso y devoluciones"},"content":{"rendered":"\n<p>Tenga en cuenta que ofrecemos alquiler de equipos audiovisuales y servicios profesionales. Nuestra pol\u00edtica de reembolso se puede solicitar 14 d\u00edas antes de un evento. En esos casos devolvemos el 100% del alquiler.<\/p>\n\n\n\n<p>La cancelaci\u00f3n o reprogramaci\u00f3n de equipo alquilado para un evento entre siete (7) y catorce (14) d\u00edas antes de la fecha de entrega se realizar\u00e1 con un cargo administrativo de $50.00. Las cancelaciones solicitadas dentro de 1 a 6 d\u00edas antes de la fecha de entrega tendr\u00e1n un cargo por cancelaci\u00f3n del 50% de la factura. Ten en cuenta que la cancelaci\u00f3n de un evento en las fechas m\u00e1s solicitadas, como las vacaciones de Navidad y Fin de A\u00f1o, tiene un recargo del 50% independientemente de con cu\u00e1ntos d\u00edas de antelaci\u00f3n se realice la cancelaci\u00f3n. La diferencia ser\u00e1 reembolsada al cliente.<\/p>\n\n\n\n<p>Los reembolsos a los clientes que realizaron un pago por un servicio sin llamarnos para verificar las fechas y horas disponibles tienen una pol\u00edtica de devoluci\u00f3n de 14 d\u00edas h\u00e1biles, pero cobraremos una tarifa de procesamiento de $50.<\/p>\n\n\n\n<p>Los servicios profesionales cobrados por hora o donde una persona realiz\u00f3 una tarea est\u00e1n exentos de ser reembolsados \u200b\u200bo devueltos, esto incluye:<\/p>\n\n\n\n<ul class=\"wp-block-list\">\n<li>Edici\u00f3n de video, desarrollo de sitios web, soporte t\u00e9cnico o mesa de ayuda<\/li>\n\n\n\n<li>Duplicaci\u00f3n de cintas de audio o video. CD, DVD, cinta VHS, casete de audio.<\/li>\n\n\n\n<li>Reparaci\u00f3n de cintas VHS o cassette.<\/li>\n\n\n\n<li>En los casos anteriores, consulte nuestra garant\u00eda de empleo.<\/li>\n<\/ul>\n\n\n\n<p>Si se aprueba, se procesar\u00e1 su reembolso y se aplicar\u00e1 un cr\u00e9dito a su tarjeta de cr\u00e9dito o m\u00e9todo de pago original, dentro de una cierta 3 d\u00edas.<\/p>\n","protected":false},"excerpt":{"rendered":"<p>Tenga en cuenta que ofrecemos alquiler de equipos audiovisuales y servicios profesionales. Nuestra pol\u00edtica de reembolso se puede solicitar 14 d\u00edas antes de un evento. En esos casos devolvemos el 100% del alquiler. La cancelaci\u00f3n o reprogramaci\u00f3n de equipo alquilado [&hellip;]<\/p>\n","protected":false},"author":1,"featured_media":0,"parent":0,"menu_order":0,"comment_status":"closed","ping_status":"closed","template":"","meta":{"nf_dc_page":"","footnotes":""},"class_list":["post-15","page","type-page","status-publish","hentry"],"yoast_head":"<!-- This site is optimized with the Yoast SEO plugin v26.9 - https:\/\/yoast.com\/product\/yoast-seo-wordpress\/ -->\n<title>Pol\u00edtica de reembolso y devoluciones - CAVSI<\/title>\n<meta name=\"description\" content=\"Nuestra pol\u00edtica de reembolso se puede solicitar 14 d\u00edas antes de un evento.\" \/>\n<meta name=\"robots\" content=\"index, follow, max-snippet:-1, max-image-preview:large, max-video-preview:-1\" \/>\n<link rel=\"canonical\" href=\"https:\/\/www.cavsi.com\/espanol\/politica-de-reembolso-y-devoluciones\/\" \/>\n<meta property=\"og:locale\" content=\"es_ES\" \/>\n<meta property=\"og:type\" content=\"article\" \/>\n<meta property=\"og:title\" content=\"Pol\u00edtica de reembolso y devoluciones - CAVSI\" \/>\n<meta property=\"og:description\" content=\"Nuestra pol\u00edtica de reembolso se puede solicitar 14 d\u00edas antes de un evento.\" \/>\n<meta property=\"og:url\" content=\"https:\/\/www.cavsi.com\/espanol\/politica-de-reembolso-y-devoluciones\/\" \/>\n<meta property=\"og:site_name\" content=\"CAVSI\" \/>\n<meta property=\"article:modified_time\" content=\"2023-04-29T03:19:36+00:00\" \/>\n<meta name=\"twitter:card\" content=\"summary_large_image\" \/>\n<meta name=\"twitter:label1\" content=\"Tiempo de lectura\" \/>\n\t<meta name=\"twitter:data1\" content=\"2 minutos\" \/>\n<script type=\"application\/ld+json\" class=\"yoast-schema-graph\">{\"@context\":\"https:\/\/schema.org\",\"@graph\":[{\"@type\":\"WebPage\",\"@id\":\"https:\/\/www.cavsi.com\/espanol\/politica-de-reembolso-y-devoluciones\/\",\"url\":\"https:\/\/www.cavsi.com\/espanol\/politica-de-reembolso-y-devoluciones\/\",\"name\":\"Pol\u00edtica de reembolso y devoluciones - CAVSI\",\"isPartOf\":{\"@id\":\"https:\/\/www.cavsi.com\/espanol\/#website\"},\"datePublished\":\"2023-02-15T15:40:37+00:00\",\"dateModified\":\"2023-04-29T03:19:36+00:00\",\"description\":\"Nuestra pol\u00edtica de reembolso se puede solicitar 14 d\u00edas antes de un evento.\",\"inLanguage\":\"es\",\"potentialAction\":[{\"@type\":\"ReadAction\",\"target\":[\"https:\/\/www.cavsi.com\/espanol\/politica-de-reembolso-y-devoluciones\/\"]}]},{\"@type\":\"WebSite\",\"@id\":\"https:\/\/www.cavsi.com\/espanol\/#website\",\"url\":\"https:\/\/www.cavsi.com\/espanol\/\",\"name\":\"CAVSI\",\"description\":\"\",\"publisher\":{\"@id\":\"https:\/\/www.cavsi.com\/espanol\/#organization\"},\"potentialAction\":[{\"@type\":\"SearchAction\",\"target\":{\"@type\":\"EntryPoint\",\"urlTemplate\":\"https:\/\/www.cavsi.com\/espanol\/?s={search_term_string}\"},\"query-input\":{\"@type\":\"PropertyValueSpecification\",\"valueRequired\":true,\"valueName\":\"search_term_string\"}}],\"inLanguage\":\"es\"},{\"@type\":\"Organization\",\"@id\":\"https:\/\/www.cavsi.com\/espanol\/#organization\",\"name\":\"CAVSI\",\"url\":\"https:\/\/www.cavsi.com\/espanol\/\",\"logo\":{\"@type\":\"ImageObject\",\"inLanguage\":\"es\",\"@id\":\"https:\/\/www.cavsi.com\/espanol\/#\/schema\/logo\/image\/\",\"url\":\"https:\/\/www.cavsi.com\/espanol\/wp-content\/uploads\/cavsi-logo.png\",\"contentUrl\":\"https:\/\/www.cavsi.com\/espanol\/wp-content\/uploads\/cavsi-logo.png\",\"width\":300,\"height\":70,\"caption\":\"CAVSI\"},\"image\":{\"@id\":\"https:\/\/www.cavsi.com\/espanol\/#\/schema\/logo\/image\/\"}}]}<\/script>\n<!-- \/ Yoast SEO plugin. -->","yoast_head_json":{"title":"Pol\u00edtica de reembolso y devoluciones - CAVSI","description":"Nuestra pol\u00edtica de reembolso se puede solicitar 14 d\u00edas antes de un evento.","robots":{"index":"index","follow":"follow","max-snippet":"max-snippet:-1","max-image-preview":"max-image-preview:large","max-video-preview":"max-video-preview:-1"},"canonical":"https:\/\/www.cavsi.com\/espanol\/politica-de-reembolso-y-devoluciones\/","og_locale":"es_ES","og_type":"article","og_title":"Pol\u00edtica de reembolso y devoluciones - CAVSI","og_description":"Nuestra pol\u00edtica de reembolso se puede solicitar 14 d\u00edas antes de un evento.","og_url":"https:\/\/www.cavsi.com\/espanol\/politica-de-reembolso-y-devoluciones\/","og_site_name":"CAVSI","article_modified_time":"2023-04-29T03:19:36+00:00","twitter_card":"summary_large_image","twitter_misc":{"Tiempo de lectura":"2 minutos"},"schema":{"@context":"https:\/\/schema.org","@graph":[{"@type":"WebPage","@id":"https:\/\/www.cavsi.com\/espanol\/politica-de-reembolso-y-devoluciones\/","url":"https:\/\/www.cavsi.com\/espanol\/politica-de-reembolso-y-devoluciones\/","name":"Pol\u00edtica de reembolso y devoluciones - CAVSI","isPartOf":{"@id":"https:\/\/www.cavsi.com\/espanol\/#website"},"datePublished":"2023-02-15T15:40:37+00:00","dateModified":"2023-04-29T03:19:36+00:00","description":"Nuestra pol\u00edtica de reembolso se puede solicitar 14 d\u00edas antes de un evento.","inLanguage":"es","potentialAction":[{"@type":"ReadAction","target":["https:\/\/www.cavsi.com\/espanol\/politica-de-reembolso-y-devoluciones\/"]}]},{"@type":"WebSite","@id":"https:\/\/www.cavsi.com\/espanol\/#website","url":"https:\/\/www.cavsi.com\/espanol\/","name":"CAVSI","description":"","publisher":{"@id":"https:\/\/www.cavsi.com\/espanol\/#organization"},"potentialAction":[{"@type":"SearchAction","target":{"@type":"EntryPoint","urlTemplate":"https:\/\/www.cavsi.com\/espanol\/?s={search_term_string}"},"query-input":{"@type":"PropertyValueSpecification","valueRequired":true,"valueName":"search_term_string"}}],"inLanguage":"es"},{"@type":"Organization","@id":"https:\/\/www.cavsi.com\/espanol\/#organization","name":"CAVSI","url":"https:\/\/www.cavsi.com\/espanol\/","logo":{"@type":"ImageObject","inLanguage":"es","@id":"https:\/\/www.cavsi.com\/espanol\/#\/schema\/logo\/image\/","url":"https:\/\/www.cavsi.com\/espanol\/wp-content\/uploads\/cavsi-logo.png","contentUrl":"https:\/\/www.cavsi.com\/espanol\/wp-content\/uploads\/cavsi-logo.png","width":300,"height":70,"caption":"CAVSI"},"image":{"@id":"https:\/\/www.cavsi.com\/espanol\/#\/schema\/logo\/image\/"}}]}},"_links":{"self":[{"href":"https:\/\/www.cavsi.com\/espanol\/wp-json\/wp\/v2\/pages\/15","targetHints":{"allow":["GET"]}}],"collection":[{"href":"https:\/\/www.cavsi.com\/espanol\/wp-json\/wp\/v2\/pages"}],"about":[{"href":"https:\/\/www.cavsi.com\/espanol\/wp-json\/wp\/v2\/types\/page"}],"author":[{"embeddable":true,"href":"https:\/\/www.cavsi.com\/espanol\/wp-json\/wp\/v2\/users\/1"}],"replies":[{"embeddable":true,"href":"https:\/\/www.cavsi.com\/espanol\/wp-json\/wp\/v2\/comments?post=15"}],"version-history":[{"count":1,"href":"https:\/\/www.cavsi.com\/espanol\/wp-json\/wp\/v2\/pages\/15\/revisions"}],"predecessor-version":[{"id":5293,"href":"https:\/\/www.cavsi.com\/espanol\/wp-json\/wp\/v2\/pages\/15\/revisions\/5293"}],"wp:attachment":[{"href":"https:\/\/www.cavsi.com\/espanol\/wp-json\/wp\/v2\/media?parent=15"}],"curies":[{"name":"wp","href":"https:\/\/api.w.org\/{rel}","templated":true}]}}